{"id":5217,"date":"2023-03-30T08:36:25","date_gmt":"2023-03-30T08:36:25","guid":{"rendered":"https:\/\/www.cartransporteurope.com\/faq\/"},"modified":"2023-04-12T09:18:44","modified_gmt":"2023-04-12T09:18:44","slug":"faqde","status":"publish","type":"page","link":"https:\/\/www.cartransporteurope.com\/de\/faqde\/","title":{"rendered":"Faq"},"content":{"rendered":"<section class=\"wpb-content-wrapper\">[vc_row remove_bottom_col_margin=&#8220;true&#8220; css=&#8220;.vc_custom_1678695725688{padding-top: 60px !important;padding-bottom: 70px !important;}&#8220; local_scroll_id=&#8220;faq&#8220;][vc_column]<style>.vcex-heading.vcex_6a08fe009529e{font-size:30px;font-weight:700;text-transform:uppercase;}<\/style><h2 class=\"vcex-heading vcex-heading-plain vcex-module wpex-text-2xl wpex-font-normal wpex-mb-10 wpex-text-center vcex_6a08fe009529e\"><span class=\"vcex-heading-inner wpex-inline-block\">H\u00e4ufig gestellte Fragen<\/span><\/h2><div class=\"vcex-module vcex-divider vcex-divider-solid vcex-divider-center wpex-mx-auto wpex-max-w-100 wpex-block wpex-h-0 wpex-border-b wpex-border-solid wpex-border-main\" style=\"width:10%;margin-bottom:20px;border-bottom-width:5px;border-color:#424242;\"><\/div>[vc_column_text font_weight=&#8220;300&#8243; width=&#8220;900&#8243; font_size=&#8220;16px&#8220;]Haben Sie noch Fragen? Schauen Sie in unsere Rubrik H\u00e4ufig gestellte Fragen oder kontaktieren Sie uns. Wir beraten Sie gerne und bieten Ihnen immer die beste L\u00f6sung f\u00fcr Sie. Bei cartransporteurope garantieren wir Ihnen den besten Service f\u00fcr den Transport von Autos, Motorr\u00e4dern und anderen Fahrzeugen in Spanien.<br \/>\nVolle Ladungen von Autos[\/vc_column_text]<div class=\"vcex-spacing wpex-w-100 wpex-clear\"><\/div><style>.vcex-toggle-group.vcex_6a08fe0096090{max-width:700px;}<\/style><div class=\"vcex-toggle-group vcex-toggle-group--w-borders vcex-module wpex-mx-auto wpex-last-border-none vcex_6a08fe0096090\"><style>.vcex-toggle.vcex_6a08fe00963cc .vcex-toggle__heading{font-size:1.4em;}.vcex-toggle.vcex_6a08fe00963cc .vcex-toggle__content{font-size:16px;}<\/style><div class=\"vcex-toggle vcex-module vcex-toggle--active vcex_6a08fe00963cc\" data-animate=\"true\" data-duration=\"300\"><div class=\"vcex-toggle__heading\"><a href=\"#wie-findet-man-den-preis-fr-einen-fahrzeugtransport-heraus\" class=\"vcex-toggle__trigger wpex-flex wpex-items-center wpex-transition-colors wpex-flex-row-reverse\" aria-expanded=\"true\" aria-controls=\"wie-findet-man-den-preis-fr-einen-fahrzeugtransport-heraus\"><div class=\"vcex-toggle__icon wpex-ml-10\" aria-hidden=\"true\"><div class=\"vcex-toggle__icon-open wpex-flex wpex-flex-col wpex-items-center\"><svg xmlns=\"http:\/\/www.w3.org\/2000\/svg\" height=\"1.5em\" viewBox=\"0 0 24 24\" width=\"1.5em\" fill=\"currentColor\"><path d=\"M0 0h24v24H0V0z\" fill=\"none\"\/><path d=\"M24 24H0V0h24v24z\" fill=\"none\" opacity=\".87\"\/><path d=\"M16.59 8.59L12 13.17 7.41 8.59 6 10l6 6 6-6-1.41-1.41z\"\/><\/svg><\/div><div class=\"vcex-toggle__icon-close wpex-flex wpex-flex-col wpex-items-center\"><svg xmlns=\"http:\/\/www.w3.org\/2000\/svg\" height=\"1.5em\" viewBox=\"0 0 24 24\" width=\"1.5em\" fill=\"currentColor\" class=\"vcex-toggle__icon-close\"><path d=\"M0 0h24v24H0V0z\" fill=\"none\"\/><path d=\"M12 8l-6 6 1.41 1.41L12 10.83l4.59 4.58L18 14l-6-6z\"\/><\/svg><\/div><\/div><h4 class=\"vcex-toggle__title wpex-mr-auto\">Wie findet man den Preis f\u00fcr einen Fahrzeugtransport heraus?<\/h4><\/a><\/div><div id=\"wie-findet-man-den-preis-fr-einen-fahrzeugtransport-heraus\" class=\"vcex-toggle__content wpex-last-mb-0 wpex-my-10 wpex-clr\">Sie k\u00f6nnen den Preis f\u00fcr den <strong>Fahrzeugtransport<\/strong> ermitteln, indem Sie online \u00fcber unser Hauptformular einen Kostenvoranschlag anfordern oder unsere Kundendienstnummer anrufen. Sie m\u00fcssen nur die Art des Fahrzeugs angeben, ob es bewegt wird oder nicht, sowie den Start- und Zielort der Fahrzeug\u00fcberf\u00fchrung.<\/div><\/div><style>.vcex-toggle.vcex_6a08fe0096655 .vcex-toggle__heading{font-size:1.4em;}.vcex-toggle.vcex_6a08fe0096655 .vcex-toggle__content{font-size:16px;}<\/style><div class=\"vcex-toggle vcex-module vcex_6a08fe0096655\" data-animate=\"true\" data-duration=\"300\"><div class=\"vcex-toggle__heading\"><a href=\"#was-kann-ich-bei-der-beantragung-eines-fahrzeugtransports-bewegen\" class=\"vcex-toggle__trigger wpex-flex wpex-items-center wpex-transition-colors wpex-flex-row-reverse\" aria-expanded=\"false\" aria-controls=\"was-kann-ich-bei-der-beantragung-eines-fahrzeugtransports-bewegen\"><div class=\"vcex-toggle__icon wpex-ml-10\" aria-hidden=\"true\"><div class=\"vcex-toggle__icon-open wpex-flex wpex-flex-col wpex-items-center\"><svg xmlns=\"http:\/\/www.w3.org\/2000\/svg\" height=\"1.5em\" viewBox=\"0 0 24 24\" width=\"1.5em\" fill=\"currentColor\"><path d=\"M0 0h24v24H0V0z\" fill=\"none\"\/><path d=\"M24 24H0V0h24v24z\" fill=\"none\" opacity=\".87\"\/><path d=\"M16.59 8.59L12 13.17 7.41 8.59 6 10l6 6 6-6-1.41-1.41z\"\/><\/svg><\/div><div class=\"vcex-toggle__icon-close wpex-flex wpex-flex-col wpex-items-center\"><svg xmlns=\"http:\/\/www.w3.org\/2000\/svg\" height=\"1.5em\" viewBox=\"0 0 24 24\" width=\"1.5em\" fill=\"currentColor\" class=\"vcex-toggle__icon-close\"><path d=\"M0 0h24v24H0V0z\" fill=\"none\"\/><path d=\"M12 8l-6 6 1.41 1.41L12 10.83l4.59 4.58L18 14l-6-6z\"\/><\/svg><\/div><\/div><h4 class=\"vcex-toggle__title wpex-mr-auto\">Was kann ich bei der Beantragung eines Fahrzeugtransports bewegen?<\/h4><\/a><\/div><div id=\"was-kann-ich-bei-der-beantragung-eines-fahrzeugtransports-bewegen\" class=\"vcex-toggle__content wpex-last-mb-0 wpex-my-10 wpex-clr\">Bei cartransporteurope bieten wir Ihnen alle Arten von <strong>Fahrzeugtransporten<\/strong> an, darunter Autos, Motorr\u00e4der, Transporter und alle Arten von <strong>Kraftfahrzeugtransporten<\/strong>. Sowohl einzeln als auch in Gruppen..<\/div><\/div><style>.vcex-toggle.vcex_6a08fe00968b3 .vcex-toggle__heading{font-size:1.4em;}.vcex-toggle.vcex_6a08fe00968b3 .vcex-toggle__content{font-size:16px;}<\/style><div class=\"vcex-toggle vcex-module vcex_6a08fe00968b3\" data-animate=\"true\" data-duration=\"300\"><div class=\"vcex-toggle__heading\"><a href=\"#zwischen-welchen-punkten-kann-ich-einen-fahrzeugtransport-durchfhren\" class=\"vcex-toggle__trigger wpex-flex wpex-items-center wpex-transition-colors wpex-flex-row-reverse\" aria-expanded=\"false\" aria-controls=\"zwischen-welchen-punkten-kann-ich-einen-fahrzeugtransport-durchfhren\"><div class=\"vcex-toggle__icon wpex-ml-10\" aria-hidden=\"true\"><div class=\"vcex-toggle__icon-open wpex-flex wpex-flex-col wpex-items-center\"><svg xmlns=\"http:\/\/www.w3.org\/2000\/svg\" height=\"1.5em\" viewBox=\"0 0 24 24\" width=\"1.5em\" fill=\"currentColor\"><path d=\"M0 0h24v24H0V0z\" fill=\"none\"\/><path d=\"M24 24H0V0h24v24z\" fill=\"none\" opacity=\".87\"\/><path d=\"M16.59 8.59L12 13.17 7.41 8.59 6 10l6 6 6-6-1.41-1.41z\"\/><\/svg><\/div><div class=\"vcex-toggle__icon-close wpex-flex wpex-flex-col wpex-items-center\"><svg xmlns=\"http:\/\/www.w3.org\/2000\/svg\" height=\"1.5em\" viewBox=\"0 0 24 24\" width=\"1.5em\" fill=\"currentColor\" class=\"vcex-toggle__icon-close\"><path d=\"M0 0h24v24H0V0z\" fill=\"none\"\/><path d=\"M12 8l-6 6 1.41 1.41L12 10.83l4.59 4.58L18 14l-6-6z\"\/><\/svg><\/div><\/div><h4 class=\"vcex-toggle__title wpex-mr-auto\">Zwischen welchen Punkten kann ich einen Fahrzeugtransport durchf\u00fchren?<\/h4><\/a><\/div><div id=\"zwischen-welchen-punkten-kann-ich-einen-fahrzeugtransport-durchfhren\" class=\"vcex-toggle__content wpex-last-mb-0 wpex-my-10 wpex-clr\">In unserem Fahrzeugtransportunternehmen bewegen wir Autos innerhalb des gesamten spanischen Staatsgebiets. Dar\u00fcber hinaus f\u00fchren wir internationale Autotransporte von fast jedem Punkt der Europ\u00e4ischen Union nach Spanien und umgekehrt durch.<\/div><\/div><\/div>[\/vc_column][\/vc_row]\n<\/section>","protected":false},"excerpt":{"rendered":"<p>[vc_row remove_bottom_col_margin=&#8220;true&#8220; css=&#8220;.vc_custom_1678695725688{padding-top: 60px !important;padding-bottom: 70px !important;}&#8220; local_scroll_id=&#8220;faq&#8220;][vc_column][vc_column_text font_weight=&#8220;300&#8243; width=&#8220;900&#8243; font_size=&#8220;16px&#8220;]Haben Sie noch Fragen? Schauen Sie in unsere Rubrik H\u00e4ufig gestellte Fragen oder kontaktieren Sie uns. Wir beraten Sie gerne und bieten Ihnen immer die beste L\u00f6sung f\u00fcr Sie. Bei cartransporteurope garantieren wir Ihnen den besten Service f\u00fcr den Transport von Autos, Motorr\u00e4dern und anderen&hellip;<\/p>\n","protected":false},"author":7,"featured_media":0,"parent":0,"menu_order":0,"comment_status":"closed","ping_status":"closed","template":"","meta":{"content-type":"","_monsterinsights_skip_tracking":false,"_monsterinsights_sitenote_active":false,"_monsterinsights_sitenote_note":"","_monsterinsights_sitenote_category":0,"footnotes":""},"class_list":["post-5217","page","type-page","status-publish","hentry","entry","no-media"],"yoast_head":"<!-- This site is optimized with the Yoast SEO plugin v27.3 - https:\/\/yoast.com\/product\/yoast-seo-wordpress\/ -->\n<title>Faq - Car Transport Europe<\/title>\n<meta name=\"robots\" content=\"index, follow, max-snippet:-1, max-image-preview:large, max-video-preview:-1\" \/>\n<link rel=\"canonical\" href=\"https:\/\/www.cartransporteurope.com\/de\/faqde\/\" \/>\n<meta property=\"og:locale\" content=\"de_DE\" \/>\n<meta property=\"og:type\" content=\"article\" \/>\n<meta property=\"og:title\" content=\"Faq - Car Transport Europe\" \/>\n<meta property=\"og:description\" content=\"[vc_row remove_bottom_col_margin=&#8220;true&#8220; css=&#8220;.vc_custom_1678695725688{padding-top: 60px !important;padding-bottom: 70px !important;}&#8220; local_scroll_id=&#8220;faq&#8220;][vc_column][vc_column_text font_weight=&#8220;300&#8243; width=&#8220;900&#8243; font_size=&#8220;16px&#8220;]Haben Sie noch Fragen? Schauen Sie in unsere Rubrik H\u00e4ufig gestellte Fragen oder kontaktieren Sie uns. Wir beraten Sie gerne und bieten Ihnen immer die beste L\u00f6sung f\u00fcr Sie. Bei cartransporteurope garantieren wir Ihnen den besten Service f\u00fcr den Transport von Autos, Motorr\u00e4dern und anderen&hellip;\" \/>\n<meta property=\"og:url\" content=\"https:\/\/www.cartransporteurope.com\/de\/faqde\/\" \/>\n<meta property=\"og:site_name\" content=\"Car Transport Europe\" \/>\n<meta property=\"article:modified_time\" content=\"2023-04-12T09:18:44+00:00\" \/>\n<meta name=\"twitter:card\" content=\"summary_large_image\" \/>\n<meta name=\"twitter:label1\" content=\"Gesch\u00e4tzte Lesezeit\" \/>\n\t<meta name=\"twitter:data1\" content=\"1\u00a0Minute\" \/>\n<script type=\"application\/ld+json\" class=\"yoast-schema-graph\">{\"@context\":\"https:\\\/\\\/schema.org\",\"@graph\":[{\"@type\":\"WebPage\",\"@id\":\"https:\\\/\\\/www.cartransporteurope.com\\\/de\\\/faqde\\\/\",\"url\":\"https:\\\/\\\/www.cartransporteurope.com\\\/de\\\/faqde\\\/\",\"name\":\"Faq - Car Transport Europe\",\"isPartOf\":{\"@id\":\"https:\\\/\\\/www.cartransporteurope.com\\\/de\\\/#website\"},\"datePublished\":\"2023-03-30T08:36:25+00:00\",\"dateModified\":\"2023-04-12T09:18:44+00:00\",\"breadcrumb\":{\"@id\":\"https:\\\/\\\/www.cartransporteurope.com\\\/de\\\/faqde\\\/#breadcrumb\"},\"inLanguage\":\"de\",\"potentialAction\":[{\"@type\":\"ReadAction\",\"target\":[\"https:\\\/\\\/www.cartransporteurope.com\\\/de\\\/faqde\\\/\"]}]},{\"@type\":\"BreadcrumbList\",\"@id\":\"https:\\\/\\\/www.cartransporteurope.com\\\/de\\\/faqde\\\/#breadcrumb\",\"itemListElement\":[{\"@type\":\"ListItem\",\"position\":1,\"name\":\"Portada\",\"item\":\"https:\\\/\\\/www.cartransporteurope.com\\\/de\\\/\"},{\"@type\":\"ListItem\",\"position\":2,\"name\":\"Faq\"}]},{\"@type\":\"WebSite\",\"@id\":\"https:\\\/\\\/www.cartransporteurope.com\\\/de\\\/#website\",\"url\":\"https:\\\/\\\/www.cartransporteurope.com\\\/de\\\/\",\"name\":\"Car Transport Europe\",\"description\":\"\",\"publisher\":{\"@id\":\"https:\\\/\\\/www.cartransporteurope.com\\\/de\\\/#organization\"},\"potentialAction\":[{\"@type\":\"SearchAction\",\"target\":{\"@type\":\"EntryPoint\",\"urlTemplate\":\"https:\\\/\\\/www.cartransporteurope.com\\\/de\\\/?s={search_term_string}\"},\"query-input\":{\"@type\":\"PropertyValueSpecification\",\"valueRequired\":true,\"valueName\":\"search_term_string\"}}],\"inLanguage\":\"de\"},{\"@type\":\"Organization\",\"@id\":\"https:\\\/\\\/www.cartransporteurope.com\\\/de\\\/#organization\",\"name\":\"Car Transport Europe\",\"url\":\"https:\\\/\\\/www.cartransporteurope.com\\\/de\\\/\",\"logo\":{\"@type\":\"ImageObject\",\"inLanguage\":\"de\",\"@id\":\"https:\\\/\\\/www.cartransporteurope.com\\\/de\\\/#\\\/schema\\\/logo\\\/image\\\/\",\"url\":\"https:\\\/\\\/www.cartransporteurope.com\\\/wp-content\\\/uploads\\\/2023\\\/03\\\/Logo-Car-Transport-Europe.png\",\"contentUrl\":\"https:\\\/\\\/www.cartransporteurope.com\\\/wp-content\\\/uploads\\\/2023\\\/03\\\/Logo-Car-Transport-Europe.png\",\"width\":764,\"height\":252,\"caption\":\"Car Transport Europe\"},\"image\":{\"@id\":\"https:\\\/\\\/www.cartransporteurope.com\\\/de\\\/#\\\/schema\\\/logo\\\/image\\\/\"}}]}<\/script>\n<!-- \/ Yoast SEO plugin. -->","yoast_head_json":{"title":"Faq - Car Transport Europe","robots":{"index":"index","follow":"follow","max-snippet":"max-snippet:-1","max-image-preview":"max-image-preview:large","max-video-preview":"max-video-preview:-1"},"canonical":"https:\/\/www.cartransporteurope.com\/de\/faqde\/","og_locale":"de_DE","og_type":"article","og_title":"Faq - Car Transport Europe","og_description":"[vc_row remove_bottom_col_margin=&#8220;true&#8220; css=&#8220;.vc_custom_1678695725688{padding-top: 60px !important;padding-bottom: 70px !important;}&#8220; local_scroll_id=&#8220;faq&#8220;][vc_column][vc_column_text font_weight=&#8220;300&#8243; width=&#8220;900&#8243; font_size=&#8220;16px&#8220;]Haben Sie noch Fragen? Schauen Sie in unsere Rubrik H\u00e4ufig gestellte Fragen oder kontaktieren Sie uns. Wir beraten Sie gerne und bieten Ihnen immer die beste L\u00f6sung f\u00fcr Sie. Bei cartransporteurope garantieren wir Ihnen den besten Service f\u00fcr den Transport von Autos, Motorr\u00e4dern und anderen&hellip;","og_url":"https:\/\/www.cartransporteurope.com\/de\/faqde\/","og_site_name":"Car Transport Europe","article_modified_time":"2023-04-12T09:18:44+00:00","twitter_card":"summary_large_image","twitter_misc":{"Gesch\u00e4tzte Lesezeit":"1\u00a0Minute"},"schema":{"@context":"https:\/\/schema.org","@graph":[{"@type":"WebPage","@id":"https:\/\/www.cartransporteurope.com\/de\/faqde\/","url":"https:\/\/www.cartransporteurope.com\/de\/faqde\/","name":"Faq - Car Transport Europe","isPartOf":{"@id":"https:\/\/www.cartransporteurope.com\/de\/#website"},"datePublished":"2023-03-30T08:36:25+00:00","dateModified":"2023-04-12T09:18:44+00:00","breadcrumb":{"@id":"https:\/\/www.cartransporteurope.com\/de\/faqde\/#breadcrumb"},"inLanguage":"de","potentialAction":[{"@type":"ReadAction","target":["https:\/\/www.cartransporteurope.com\/de\/faqde\/"]}]},{"@type":"BreadcrumbList","@id":"https:\/\/www.cartransporteurope.com\/de\/faqde\/#breadcrumb","itemListElement":[{"@type":"ListItem","position":1,"name":"Portada","item":"https:\/\/www.cartransporteurope.com\/de\/"},{"@type":"ListItem","position":2,"name":"Faq"}]},{"@type":"WebSite","@id":"https:\/\/www.cartransporteurope.com\/de\/#website","url":"https:\/\/www.cartransporteurope.com\/de\/","name":"Car Transport Europe","description":"","publisher":{"@id":"https:\/\/www.cartransporteurope.com\/de\/#organization"},"potentialAction":[{"@type":"SearchAction","target":{"@type":"EntryPoint","urlTemplate":"https:\/\/www.cartransporteurope.com\/de\/?s={search_term_string}"},"query-input":{"@type":"PropertyValueSpecification","valueRequired":true,"valueName":"search_term_string"}}],"inLanguage":"de"},{"@type":"Organization","@id":"https:\/\/www.cartransporteurope.com\/de\/#organization","name":"Car Transport Europe","url":"https:\/\/www.cartransporteurope.com\/de\/","logo":{"@type":"ImageObject","inLanguage":"de","@id":"https:\/\/www.cartransporteurope.com\/de\/#\/schema\/logo\/image\/","url":"https:\/\/www.cartransporteurope.com\/wp-content\/uploads\/2023\/03\/Logo-Car-Transport-Europe.png","contentUrl":"https:\/\/www.cartransporteurope.com\/wp-content\/uploads\/2023\/03\/Logo-Car-Transport-Europe.png","width":764,"height":252,"caption":"Car Transport Europe"},"image":{"@id":"https:\/\/www.cartransporteurope.com\/de\/#\/schema\/logo\/image\/"}}]}},"_links":{"self":[{"href":"https:\/\/www.cartransporteurope.com\/de\/wp-json\/wp\/v2\/pages\/5217","targetHints":{"allow":["GET"]}}],"collection":[{"href":"https:\/\/www.cartransporteurope.com\/de\/wp-json\/wp\/v2\/pages"}],"about":[{"href":"https:\/\/www.cartransporteurope.com\/de\/wp-json\/wp\/v2\/types\/page"}],"author":[{"embeddable":true,"href":"https:\/\/www.cartransporteurope.com\/de\/wp-json\/wp\/v2\/users\/7"}],"replies":[{"embeddable":true,"href":"https:\/\/www.cartransporteurope.com\/de\/wp-json\/wp\/v2\/comments?post=5217"}],"version-history":[{"count":3,"href":"https:\/\/www.cartransporteurope.com\/de\/wp-json\/wp\/v2\/pages\/5217\/revisions"}],"predecessor-version":[{"id":5389,"href":"https:\/\/www.cartransporteurope.com\/de\/wp-json\/wp\/v2\/pages\/5217\/revisions\/5389"}],"wp:attachment":[{"href":"https:\/\/www.cartransporteurope.com\/de\/wp-json\/wp\/v2\/media?parent=5217"}],"curies":[{"name":"wp","href":"https:\/\/api.w.org\/{rel}","templated":true}]}}