{"id":5229,"date":"2023-03-13T08:46:23","date_gmt":"2023-03-13T08:46:23","guid":{"rendered":"https:\/\/www.cartransporteurope.com\/cookie-politik\/"},"modified":"2023-03-13T08:46:23","modified_gmt":"2023-03-13T08:46:23","slug":"cookie-politik","status":"publish","type":"page","link":"https:\/\/www.cartransporteurope.com\/de\/cookie-politik\/","title":{"rendered":"Cookie-Politik"},"content":{"rendered":"<h3>\u00dcber diese Cookie-Politik<\/h3>\n<div>\n<p>Diese Cookie-Richtlinie erkl\u00e4rt, was Cookies sind und wie wir sie verwenden. Sie sollten diese Richtlinie lesen, um zu verstehen, was Cookies sind, wie wir sie verwenden, welche Arten von Cookies wir verwenden, d. h. welche Informationen wir mithilfe von Cookies sammeln und wie diese Informationen verwendet werden, und wie Sie die Cookie-Einstellungen steuern k\u00f6nnen. Weitere Informationen dar\u00fcber, wie wir Ihre pers\u00f6nlichen Daten verwenden, speichern und sicher aufbewahren, finden Sie in unserer Datenschutzrichtlinie.  <\/p>\n<p>Sie k\u00f6nnen Ihre Zustimmung zur Cookie-Erkl\u00e4rung auf unserer Website jederzeit \u00e4ndern oder widerrufen.<\/p>\n<p>In unserer Datenschutzrichtlinie erfahren Sie mehr dar\u00fcber, wer wir sind, wie Sie uns kontaktieren k\u00f6nnen und wie wir personenbezogene Daten verarbeiten.<\/p>\n<p>Ihre Zustimmung gilt f\u00fcr folgende Bereiche: www.virtuimagen.com<\/p>\n[user_consent_state]\n<\/div>\n<h3>Was sind Cookies?<\/h3>\n<div>Cookies sind kleine Textdateien, die dazu dienen, kleine Informationen zu speichern. Cookies werden auf Ihrem Ger\u00e4t gespeichert, wenn die Website in Ihrem Browser geladen wird. Diese Cookies helfen uns, die Website ordnungsgem\u00e4\u00df funktionieren zu lassen, die Website sicherer zu machen, eine bessere Nutzererfahrung zu bieten und zu verstehen, wie die Website funktioniert und zu analysieren, was funktioniert und wo sie verbessert werden muss.  <\/div>\n<h3>Wie verwenden wir Cookies?<\/h3>\n<div>\n<p>Wie die meisten Online-Dienste verwendet unsere Website Cookies von Erstanbietern und Drittanbietern f\u00fcr eine Reihe von Zwecken. Cookies von Erstanbietern sind in erster Linie f\u00fcr das ordnungsgem\u00e4\u00dfe Funktionieren der Website erforderlich und erfassen keine personenbezogenen Daten von Ihnen. <\/p>\n<p>Cookies von Drittanbietern, die auf unseren Websites verwendet werden, dienen in erster Linie dazu, zu verstehen, wie die Website funktioniert, wie Sie mit unserer Website interagieren, unsere Dienste sicher zu halten, Ihnen Werbung anzubieten, die f\u00fcr Sie relevant ist, und Ihnen im Allgemeinen eine bessere und erweiterte Benutzererfahrung zu bieten und Ihre zuk\u00fcnftigen Interaktionen mit unserer Website zu beschleunigen.<\/p>\n<\/div>\n<h3>Welche Arten von Cookies verwenden wir?<\/h3>\n<div>\n<p>Unerl\u00e4sslich: Einige Cookies sind unerl\u00e4sslich, damit Sie die volle Funktionalit\u00e4t unserer Website nutzen k\u00f6nnen. Sie erm\u00f6glichen es uns, Benutzersitzungen aufrechtzuerhalten und Sicherheitsbedrohungen zu verhindern. Sie erfassen oder speichern keine pers\u00f6nlichen Informationen. Diese Cookies erm\u00f6glichen es Ihnen zum Beispiel, sich bei Ihrem Konto anzumelden, Produkte in Ihren Warenkorb zu legen und sicher zur Kasse zu gehen.   <\/p>\n<p>Statistik: Diese Cookies speichern Informationen wie die Anzahl der Besucher der Website, die Anzahl der Einzelbesucher, welche Seiten der Website besucht wurden, die Quelle des Besuchs usw. Diese Daten helfen uns zu verstehen und zu analysieren, wie gut die Website funktioniert und wo sie verbessert werden muss. <\/p>\n<p>Marketing: Auf unserer Website wird Werbung angezeigt. Diese Cookies werden verwendet, um die Anzeigen, die wir Ihnen zeigen, so anzupassen, dass sie f\u00fcr Sie sinnvoll sind. Diese Cookies helfen uns auch dabei, die Wirksamkeit dieser Werbekampagnen zu verfolgen.<br \/>\nDie in diesen Cookies gespeicherten Informationen k\u00f6nnen auch von dritten Werbeanbietern verwendet werden, um Ihnen Werbung auf anderen Websites in Ihrem Browser anzuzeigen.<\/p>\n<p>Funktional: Dies sind Cookies, die bestimmte nicht-essentielle Funktionen auf unserer Website unterst\u00fctzen. Zu diesen Funktionen geh\u00f6ren das Einbetten von Inhalten wie Videos oder das Teilen von Inhalten auf der Website auf Social-Media-Plattformen. <\/p>\n<p>Pr\u00e4ferenzen: Diese Cookies helfen uns, Ihre Browser-Einstellungen und Pr\u00e4ferenzen, wie z. B. Spracheinstellungen, zu speichern, damit Sie bei zuk\u00fcnftigen Besuchen der Website eine bessere und effizientere Erfahrung machen.<br \/>\n[cookie_audit columns=&#8220;cookie,description&#8220; heading=&#8220;La siguiente lista detalla las cookies utilizadas en nuestro sitio web.&#8220;]\n<\/div>\n<h3>Wie kann ich meine Cookie-Einstellungen kontrollieren?<\/h3>\n<div>\n<p>Wenn Sie Ihre Einstellungen zu einem sp\u00e4teren Zeitpunkt \u00e4ndern m\u00f6chten, k\u00f6nnen Sie auf die Registerkarte &#8222;Datenschutz und Cookies&#8220; auf Ihrem Bildschirm klicken. Dadurch wird der Hinweis auf die Einwilligung erneut angezeigt, so dass Sie Ihre Einstellungen \u00e4ndern oder Ihre Einwilligung vollst\u00e4ndig widerrufen k\u00f6nnen. <\/p>\n<p>Dar\u00fcber hinaus bieten die verschiedenen Browser unterschiedliche Methoden zum Blockieren und L\u00f6schen von Cookies, die von Websites verwendet werden. Sie k\u00f6nnen Ihre Browsereinstellungen \u00e4ndern, um Cookies zu blockieren\/l\u00f6schen. Weitere Informationen \u00fcber die Verwaltung und L\u00f6schung von Cookies finden Sie auf wikipedia.org, www.allaboutcookies.org.  <\/p>\n<\/div>\n","protected":false},"excerpt":{"rendered":"<p>\u00dcber diese Cookie-Politik Diese Cookie-Richtlinie erkl\u00e4rt, was Cookies sind und wie wir sie verwenden. Sie sollten diese Richtlinie lesen, um zu verstehen, was Cookies sind, wie wir sie verwenden, welche Arten von Cookies wir verwenden, d. h. welche Informationen wir mithilfe von Cookies sammeln und wie diese Informationen verwendet werden, und wie Sie die Cookie-Einstellungen&hellip;<\/p>\n","protected":false},"author":2,"featured_media":0,"parent":0,"menu_order":0,"comment_status":"closed","ping_status":"closed","template":"","meta":{"content-type":"","_monsterinsights_skip_tracking":false,"_monsterinsights_sitenote_active":false,"_monsterinsights_sitenote_note":"","_monsterinsights_sitenote_category":0,"footnotes":""},"class_list":["post-5229","page","type-page","status-publish","hentry","entry","no-media"],"yoast_head":"<!-- This site is optimized with the Yoast SEO plugin v27.3 - https:\/\/yoast.com\/product\/yoast-seo-wordpress\/ -->\n<title>Cookie-Politik - Car Transport Europe<\/title>\n<meta name=\"robots\" content=\"index, follow, max-snippet:-1, max-image-preview:large, max-video-preview:-1\" \/>\n<link rel=\"canonical\" href=\"https:\/\/www.cartransporteurope.com\/de\/cookie-politik\/\" \/>\n<meta property=\"og:locale\" content=\"de_DE\" \/>\n<meta property=\"og:type\" content=\"article\" \/>\n<meta property=\"og:title\" content=\"Cookie-Politik - Car Transport Europe\" \/>\n<meta property=\"og:description\" content=\"\u00dcber diese Cookie-Politik Diese Cookie-Richtlinie erkl\u00e4rt, was Cookies sind und wie wir sie verwenden. Sie sollten diese Richtlinie lesen, um zu verstehen, was Cookies sind, wie wir sie verwenden, welche Arten von Cookies wir verwenden, d. h. welche Informationen wir mithilfe von Cookies sammeln und wie diese Informationen verwendet werden, und wie Sie die Cookie-Einstellungen&hellip;\" \/>\n<meta property=\"og:url\" content=\"https:\/\/www.cartransporteurope.com\/de\/cookie-politik\/\" \/>\n<meta property=\"og:site_name\" content=\"Car Transport Europe\" \/>\n<meta name=\"twitter:card\" content=\"summary_large_image\" \/>\n<meta name=\"twitter:label1\" content=\"Gesch\u00e4tzte Lesezeit\" \/>\n\t<meta name=\"twitter:data1\" content=\"3\u00a0Minuten\" \/>\n<script type=\"application\/ld+json\" class=\"yoast-schema-graph\">{\"@context\":\"https:\\\/\\\/schema.org\",\"@graph\":[{\"@type\":\"WebPage\",\"@id\":\"https:\\\/\\\/www.cartransporteurope.com\\\/de\\\/cookie-politik\\\/\",\"url\":\"https:\\\/\\\/www.cartransporteurope.com\\\/de\\\/cookie-politik\\\/\",\"name\":\"Cookie-Politik - Car Transport Europe\",\"isPartOf\":{\"@id\":\"https:\\\/\\\/www.cartransporteurope.com\\\/de\\\/#website\"},\"datePublished\":\"2023-03-13T08:46:23+00:00\",\"breadcrumb\":{\"@id\":\"https:\\\/\\\/www.cartransporteurope.com\\\/de\\\/cookie-politik\\\/#breadcrumb\"},\"inLanguage\":\"de\",\"potentialAction\":[{\"@type\":\"ReadAction\",\"target\":[\"https:\\\/\\\/www.cartransporteurope.com\\\/de\\\/cookie-politik\\\/\"]}]},{\"@type\":\"BreadcrumbList\",\"@id\":\"https:\\\/\\\/www.cartransporteurope.com\\\/de\\\/cookie-politik\\\/#breadcrumb\",\"itemListElement\":[{\"@type\":\"ListItem\",\"position\":1,\"name\":\"Portada\",\"item\":\"https:\\\/\\\/www.cartransporteurope.com\\\/de\\\/\"},{\"@type\":\"ListItem\",\"position\":2,\"name\":\"Cookie-Politik\"}]},{\"@type\":\"WebSite\",\"@id\":\"https:\\\/\\\/www.cartransporteurope.com\\\/de\\\/#website\",\"url\":\"https:\\\/\\\/www.cartransporteurope.com\\\/de\\\/\",\"name\":\"Car Transport Europe\",\"description\":\"\",\"publisher\":{\"@id\":\"https:\\\/\\\/www.cartransporteurope.com\\\/de\\\/#organization\"},\"potentialAction\":[{\"@type\":\"SearchAction\",\"target\":{\"@type\":\"EntryPoint\",\"urlTemplate\":\"https:\\\/\\\/www.cartransporteurope.com\\\/de\\\/?s={search_term_string}\"},\"query-input\":{\"@type\":\"PropertyValueSpecification\",\"valueRequired\":true,\"valueName\":\"search_term_string\"}}],\"inLanguage\":\"de\"},{\"@type\":\"Organization\",\"@id\":\"https:\\\/\\\/www.cartransporteurope.com\\\/de\\\/#organization\",\"name\":\"Car Transport Europe\",\"url\":\"https:\\\/\\\/www.cartransporteurope.com\\\/de\\\/\",\"logo\":{\"@type\":\"ImageObject\",\"inLanguage\":\"de\",\"@id\":\"https:\\\/\\\/www.cartransporteurope.com\\\/de\\\/#\\\/schema\\\/logo\\\/image\\\/\",\"url\":\"https:\\\/\\\/www.cartransporteurope.com\\\/wp-content\\\/uploads\\\/2023\\\/03\\\/Logo-Car-Transport-Europe.png\",\"contentUrl\":\"https:\\\/\\\/www.cartransporteurope.com\\\/wp-content\\\/uploads\\\/2023\\\/03\\\/Logo-Car-Transport-Europe.png\",\"width\":764,\"height\":252,\"caption\":\"Car Transport Europe\"},\"image\":{\"@id\":\"https:\\\/\\\/www.cartransporteurope.com\\\/de\\\/#\\\/schema\\\/logo\\\/image\\\/\"}}]}<\/script>\n<!-- \/ Yoast SEO plugin. -->","yoast_head_json":{"title":"Cookie-Politik - Car Transport Europe","robots":{"index":"index","follow":"follow","max-snippet":"max-snippet:-1","max-image-preview":"max-image-preview:large","max-video-preview":"max-video-preview:-1"},"canonical":"https:\/\/www.cartransporteurope.com\/de\/cookie-politik\/","og_locale":"de_DE","og_type":"article","og_title":"Cookie-Politik - Car Transport Europe","og_description":"\u00dcber diese Cookie-Politik Diese Cookie-Richtlinie erkl\u00e4rt, was Cookies sind und wie wir sie verwenden. Sie sollten diese Richtlinie lesen, um zu verstehen, was Cookies sind, wie wir sie verwenden, welche Arten von Cookies wir verwenden, d. h. welche Informationen wir mithilfe von Cookies sammeln und wie diese Informationen verwendet werden, und wie Sie die Cookie-Einstellungen&hellip;","og_url":"https:\/\/www.cartransporteurope.com\/de\/cookie-politik\/","og_site_name":"Car Transport Europe","twitter_card":"summary_large_image","twitter_misc":{"Gesch\u00e4tzte Lesezeit":"3\u00a0Minuten"},"schema":{"@context":"https:\/\/schema.org","@graph":[{"@type":"WebPage","@id":"https:\/\/www.cartransporteurope.com\/de\/cookie-politik\/","url":"https:\/\/www.cartransporteurope.com\/de\/cookie-politik\/","name":"Cookie-Politik - Car Transport Europe","isPartOf":{"@id":"https:\/\/www.cartransporteurope.com\/de\/#website"},"datePublished":"2023-03-13T08:46:23+00:00","breadcrumb":{"@id":"https:\/\/www.cartransporteurope.com\/de\/cookie-politik\/#breadcrumb"},"inLanguage":"de","potentialAction":[{"@type":"ReadAction","target":["https:\/\/www.cartransporteurope.com\/de\/cookie-politik\/"]}]},{"@type":"BreadcrumbList","@id":"https:\/\/www.cartransporteurope.com\/de\/cookie-politik\/#breadcrumb","itemListElement":[{"@type":"ListItem","position":1,"name":"Portada","item":"https:\/\/www.cartransporteurope.com\/de\/"},{"@type":"ListItem","position":2,"name":"Cookie-Politik"}]},{"@type":"WebSite","@id":"https:\/\/www.cartransporteurope.com\/de\/#website","url":"https:\/\/www.cartransporteurope.com\/de\/","name":"Car Transport Europe","description":"","publisher":{"@id":"https:\/\/www.cartransporteurope.com\/de\/#organization"},"potentialAction":[{"@type":"SearchAction","target":{"@type":"EntryPoint","urlTemplate":"https:\/\/www.cartransporteurope.com\/de\/?s={search_term_string}"},"query-input":{"@type":"PropertyValueSpecification","valueRequired":true,"valueName":"search_term_string"}}],"inLanguage":"de"},{"@type":"Organization","@id":"https:\/\/www.cartransporteurope.com\/de\/#organization","name":"Car Transport Europe","url":"https:\/\/www.cartransporteurope.com\/de\/","logo":{"@type":"ImageObject","inLanguage":"de","@id":"https:\/\/www.cartransporteurope.com\/de\/#\/schema\/logo\/image\/","url":"https:\/\/www.cartransporteurope.com\/wp-content\/uploads\/2023\/03\/Logo-Car-Transport-Europe.png","contentUrl":"https:\/\/www.cartransporteurope.com\/wp-content\/uploads\/2023\/03\/Logo-Car-Transport-Europe.png","width":764,"height":252,"caption":"Car Transport Europe"},"image":{"@id":"https:\/\/www.cartransporteurope.com\/de\/#\/schema\/logo\/image\/"}}]}},"_links":{"self":[{"href":"https:\/\/www.cartransporteurope.com\/de\/wp-json\/wp\/v2\/pages\/5229","targetHints":{"allow":["GET"]}}],"collection":[{"href":"https:\/\/www.cartransporteurope.com\/de\/wp-json\/wp\/v2\/pages"}],"about":[{"href":"https:\/\/www.cartransporteurope.com\/de\/wp-json\/wp\/v2\/types\/page"}],"author":[{"embeddable":true,"href":"https:\/\/www.cartransporteurope.com\/de\/wp-json\/wp\/v2\/users\/2"}],"replies":[{"embeddable":true,"href":"https:\/\/www.cartransporteurope.com\/de\/wp-json\/wp\/v2\/comments?post=5229"}],"version-history":[{"count":0,"href":"https:\/\/www.cartransporteurope.com\/de\/wp-json\/wp\/v2\/pages\/5229\/revisions"}],"wp:attachment":[{"href":"https:\/\/www.cartransporteurope.com\/de\/wp-json\/wp\/v2\/media?parent=5229"}],"curies":[{"name":"wp","href":"https:\/\/api.w.org\/{rel}","templated":true}]}}