{"id":5230,"date":"2023-03-13T08:47:26","date_gmt":"2023-03-13T08:47:26","guid":{"rendered":"https:\/\/www.cartransporteurope.com\/datenschutzbestimmungen\/"},"modified":"2023-03-13T08:47:26","modified_gmt":"2023-03-13T08:47:26","slug":"datenschutzbestimmungen","status":"publish","type":"page","link":"https:\/\/www.cartransporteurope.com\/de\/datenschutzbestimmungen\/","title":{"rendered":"Datenschutzbestimmungen"},"content":{"rendered":"<p>F\u00fcr die Zwecke der Bestimmungen der Allgemeinen Datenschutzverordnung (GDPR):<\/p>\n<p>Europe Car Shipping S.L.<br \/>\nCIF: B-16991622<br \/>\nAdresse: Calle Avenida de Valencia, R. La Santa Cruz, n\u00ba 31 Edf. Buganvilla 18690 Almu\u00f1\u00e9car (Granada) <\/p>\n<p>Eintragung in das Handelsregister: Inscrita en el Registro Mercantil de Granada, Tomo: 861, Libro: 0, Folio: 102, Hoja: GR-15.075 e INSCRIP: 1\u00aa<\/p>\n<h2>\u00dcbermittlung und Registrierung von personenbezogenen Daten<\/h2>\n<p>Die \u00dcbermittlung der pers\u00f6nlichen Daten ist obligatorisch, um mit Europe Car Shipping S.L. in Kontakt zu treten und Informationen \u00fcber die von ihr angebotenen Dienstleistungen zu erhalten. Die Nichtbereitstellung der angeforderten pers\u00f6nlichen Daten oder die Nichtakzeptanz dieser Datenschutzpolitik bedeutet die Unm\u00f6glichkeit, sich zu abonnieren, zu registrieren oder Informationen \u00fcber diese Dienstleistungen zu erhalten. <\/p>\n<h2>Genauigkeit und Wahrhaftigkeit der Daten<\/h2>\n<p>Der Benutzer, der die Informationen an Europe Car Shipping S.L. sendet, ist der einzige Verantwortliche f\u00fcr die Wahrhaftigkeit und Korrektheit der enthaltenen Daten und entbindet Europe Car Shipping S.L. von jeglicher Verantwortung in dieser Hinsicht. <\/p>\n<p>Die Nutzer garantieren und sind in jedem Fall f\u00fcr die Richtigkeit, G\u00fcltigkeit und Authentizit\u00e4t der \u00fcbermittelten personenbezogenen Daten verantwortlich und verpflichten sich, diese ordnungsgem\u00e4\u00df auf dem neuesten Stand zu halten.<\/p>\n<p>Der Nutzer verpflichtet sich, vollst\u00e4ndige und korrekte Angaben im Anmelde- oder Abonnementformular zu machen.<\/p>\n<p>Europe Car Shipping S.L. haftet nicht f\u00fcr die Richtigkeit der Informationen, die nicht aus eigener Ausarbeitung stammen und f\u00fcr die eine andere Quelle angegeben wird, und \u00fcbernimmt auch keine Verantwortung f\u00fcr hypothetische Sch\u00e4den, die durch die Nutzung der oben genannten Informationen entstehen k\u00f6nnten. Europe Car Shipping S.L. ist von jeglicher Verantwortung f\u00fcr Sch\u00e4den befreit, die der Benutzer als Folge von Fehlern, M\u00e4ngeln oder Auslassungen in den Informationen erleiden k\u00f6nnte, wenn diese von Quellen au\u00dferhalb von Europe Car Shipping S.L. stammen. <\/p>\n<p>Europe Car Shipping S.L. garantiert nicht die st\u00e4ndige Verf\u00fcgbarkeit der Dienstleistungen und ist von jeglicher Verantwortung f\u00fcr eventuelle Sch\u00e4den befreit, die durch die Nichtverf\u00fcgbarkeit des Dienstes aufgrund von h\u00f6herer Gewalt oder Fehlern in den Telematiknetzen der Daten\u00fcbertragung verursacht werden, die au\u00dferhalb ihrer Kontrolle liegen.<\/p>\n<h2>\u00dcbermittlung von Daten<\/h2>\n<p>Europe Car Shipping S.L. wird keine pers\u00f6nlichen Daten an Dritte weitergeben. Im Falle einer Weitergabe an Dritte w\u00fcrde jedoch eine vorherige Information erfolgen, in der die ausdr\u00fcckliche Zustimmung der betroffenen Partei gem\u00e4\u00df der RGPD eingeholt wird. <\/p>\n<h2>Aus\u00fcbung der Rechte<\/h2>\n<p>Sie k\u00f6nnen Ihre Mitteilungen und Ihre Rechte auf Auskunft, Berichtigung, L\u00f6schung und Widerspruch sowie, auf der Grundlage der Europ\u00e4ischen Verordnung, auf Unterdr\u00fcckung, Einschr\u00e4nkung der Nutzung und \u00dcbertragbarkeit per Post an folgende Adresse senden: Calle Avenida de Valencia, R. La Santa Cruz, n\u00ba 31 Edf. Buganvilla 18690 Almu\u00f1\u00e9car (Granada), oder per E-Mail an: <span class=\"S1PPyQ\">info@cartransporteurope.com<\/span> unter Beif\u00fcgung eines rechtsg\u00fcltigen Nachweises, z. B. einer Kopie Ihres Personalausweises, und mit dem Hinweis &#8222;DATENSCHUTZ&#8220; in der Betreffzeile. <\/p>\n<p>Mit der Annahme dieser Politik stimmt der Benutzer der Verwendung seiner pers\u00f6nlichen Daten durch Europe Car Shipping S.L. f\u00fcr kommerzielle Mitteilungen zu und kann seine Rechte wie oben angegeben aus\u00fcben.<\/p>\n<p>Der Nutzer akzeptiert, dass alle seine pers\u00f6nlichen Daten vollst\u00e4ndig an Aplazarse \u00fcbertragen werden, sobald der Nutzer den von Aplazarse angebotenen Zahlungsaufschub-Service in Anspruch nimmt, indem er die Zahlungsart ausw\u00e4hlt.<\/p>\n<p>Diese Zustimmung erstreckt sich auch auf Dritte, die f\u00fcr die ordnungsgem\u00e4\u00dfe Erf\u00fcllung des Vertrages Zugang zu den Dateien ben\u00f6tigen.<\/p>\n<h2>Akzeptanz und Zustimmung<\/h2>\n<p>Der Benutzer erkl\u00e4rt, \u00fcber die Bedingungen zum Schutz der pers\u00f6nlichen Daten informiert worden zu sein, und akzeptiert die Verarbeitung derselben durch Europe Car Shipping S.L. auf die Art und Weise und zu den Zwecken, die in dieser Datenschutzpolitik angegeben sind.<\/p>\n<h2>\u00c4nderungen der Datenschutzrichtlinie<\/h2>\n<p>Europe Car Shipping S.L. beh\u00e4lt sich das Recht vor, diese Politik zu \u00e4ndern, um sie an die neue Gesetzgebung oder Rechtsprechung sowie an die Praktiken der Branche anzupassen.<\/p>\n<p>Europe Car Shipping S.L. beh\u00e4lt sich das Recht vor, diese Politik zu \u00e4ndern, um sie an die neue Gesetzgebung oder Rechtsprechung sowie an die Praktiken der Branche anzupassen.<\/p>\n","protected":false},"excerpt":{"rendered":"<p>F\u00fcr die Zwecke der Bestimmungen der Allgemeinen Datenschutzverordnung (GDPR): Europe Car Shipping S.L. CIF: B-16991622 Adresse: Calle Avenida de Valencia, R. La Santa Cruz, n\u00ba 31 Edf. Buganvilla 18690 Almu\u00f1\u00e9car (Granada) Eintragung in das Handelsregister: Inscrita en el Registro Mercantil de Granada, Tomo: 861, Libro: 0, Folio: 102, Hoja: GR-15.075 e INSCRIP: 1\u00aa \u00dcbermittlung und&hellip;<\/p>\n","protected":false},"author":2,"featured_media":0,"parent":0,"menu_order":0,"comment_status":"closed","ping_status":"closed","template":"","meta":{"content-type":"","_monsterinsights_skip_tracking":false,"_monsterinsights_sitenote_active":false,"_monsterinsights_sitenote_note":"","_monsterinsights_sitenote_category":0,"footnotes":""},"class_list":["post-5230","page","type-page","status-publish","hentry","entry","no-media"],"yoast_head":"<!-- This site is optimized with the Yoast SEO plugin v27.3 - https:\/\/yoast.com\/product\/yoast-seo-wordpress\/ -->\n<title>Datenschutzbestimmungen - Car Transport Europe<\/title>\n<meta name=\"robots\" content=\"index, follow, max-snippet:-1, max-image-preview:large, max-video-preview:-1\" \/>\n<link rel=\"canonical\" href=\"https:\/\/www.cartransporteurope.com\/de\/datenschutzbestimmungen\/\" \/>\n<meta property=\"og:locale\" content=\"de_DE\" \/>\n<meta property=\"og:type\" content=\"article\" \/>\n<meta property=\"og:title\" content=\"Datenschutzbestimmungen - Car Transport Europe\" \/>\n<meta property=\"og:description\" content=\"F\u00fcr die Zwecke der Bestimmungen der Allgemeinen Datenschutzverordnung (GDPR): Europe Car Shipping S.L. CIF: B-16991622 Adresse: Calle Avenida de Valencia, R. La Santa Cruz, n\u00ba 31 Edf. Buganvilla 18690 Almu\u00f1\u00e9car (Granada) Eintragung in das Handelsregister: Inscrita en el Registro Mercantil de Granada, Tomo: 861, Libro: 0, Folio: 102, Hoja: GR-15.075 e INSCRIP: 1\u00aa \u00dcbermittlung und&hellip;\" \/>\n<meta property=\"og:url\" content=\"https:\/\/www.cartransporteurope.com\/de\/datenschutzbestimmungen\/\" \/>\n<meta property=\"og:site_name\" content=\"Car Transport Europe\" \/>\n<meta name=\"twitter:card\" content=\"summary_large_image\" \/>\n<meta name=\"twitter:label1\" content=\"Gesch\u00e4tzte Lesezeit\" \/>\n\t<meta name=\"twitter:data1\" content=\"3\u00a0Minuten\" \/>\n<script type=\"application\/ld+json\" class=\"yoast-schema-graph\">{\"@context\":\"https:\\\/\\\/schema.org\",\"@graph\":[{\"@type\":\"WebPage\",\"@id\":\"https:\\\/\\\/www.cartransporteurope.com\\\/de\\\/datenschutzbestimmungen\\\/\",\"url\":\"https:\\\/\\\/www.cartransporteurope.com\\\/de\\\/datenschutzbestimmungen\\\/\",\"name\":\"Datenschutzbestimmungen - Car Transport Europe\",\"isPartOf\":{\"@id\":\"https:\\\/\\\/www.cartransporteurope.com\\\/de\\\/#website\"},\"datePublished\":\"2023-03-13T08:47:26+00:00\",\"breadcrumb\":{\"@id\":\"https:\\\/\\\/www.cartransporteurope.com\\\/de\\\/datenschutzbestimmungen\\\/#breadcrumb\"},\"inLanguage\":\"de\",\"potentialAction\":[{\"@type\":\"ReadAction\",\"target\":[\"https:\\\/\\\/www.cartransporteurope.com\\\/de\\\/datenschutzbestimmungen\\\/\"]}]},{\"@type\":\"BreadcrumbList\",\"@id\":\"https:\\\/\\\/www.cartransporteurope.com\\\/de\\\/datenschutzbestimmungen\\\/#breadcrumb\",\"itemListElement\":[{\"@type\":\"ListItem\",\"position\":1,\"name\":\"Portada\",\"item\":\"https:\\\/\\\/www.cartransporteurope.com\\\/de\\\/\"},{\"@type\":\"ListItem\",\"position\":2,\"name\":\"Datenschutzbestimmungen\"}]},{\"@type\":\"WebSite\",\"@id\":\"https:\\\/\\\/www.cartransporteurope.com\\\/de\\\/#website\",\"url\":\"https:\\\/\\\/www.cartransporteurope.com\\\/de\\\/\",\"name\":\"Car Transport Europe\",\"description\":\"\",\"publisher\":{\"@id\":\"https:\\\/\\\/www.cartransporteurope.com\\\/de\\\/#organization\"},\"potentialAction\":[{\"@type\":\"SearchAction\",\"target\":{\"@type\":\"EntryPoint\",\"urlTemplate\":\"https:\\\/\\\/www.cartransporteurope.com\\\/de\\\/?s={search_term_string}\"},\"query-input\":{\"@type\":\"PropertyValueSpecification\",\"valueRequired\":true,\"valueName\":\"search_term_string\"}}],\"inLanguage\":\"de\"},{\"@type\":\"Organization\",\"@id\":\"https:\\\/\\\/www.cartransporteurope.com\\\/de\\\/#organization\",\"name\":\"Car Transport Europe\",\"url\":\"https:\\\/\\\/www.cartransporteurope.com\\\/de\\\/\",\"logo\":{\"@type\":\"ImageObject\",\"inLanguage\":\"de\",\"@id\":\"https:\\\/\\\/www.cartransporteurope.com\\\/de\\\/#\\\/schema\\\/logo\\\/image\\\/\",\"url\":\"https:\\\/\\\/www.cartransporteurope.com\\\/wp-content\\\/uploads\\\/2023\\\/03\\\/Logo-Car-Transport-Europe.png\",\"contentUrl\":\"https:\\\/\\\/www.cartransporteurope.com\\\/wp-content\\\/uploads\\\/2023\\\/03\\\/Logo-Car-Transport-Europe.png\",\"width\":764,\"height\":252,\"caption\":\"Car Transport Europe\"},\"image\":{\"@id\":\"https:\\\/\\\/www.cartransporteurope.com\\\/de\\\/#\\\/schema\\\/logo\\\/image\\\/\"}}]}<\/script>\n<!-- \/ Yoast SEO plugin. -->","yoast_head_json":{"title":"Datenschutzbestimmungen - Car Transport Europe","robots":{"index":"index","follow":"follow","max-snippet":"max-snippet:-1","max-image-preview":"max-image-preview:large","max-video-preview":"max-video-preview:-1"},"canonical":"https:\/\/www.cartransporteurope.com\/de\/datenschutzbestimmungen\/","og_locale":"de_DE","og_type":"article","og_title":"Datenschutzbestimmungen - Car Transport Europe","og_description":"F\u00fcr die Zwecke der Bestimmungen der Allgemeinen Datenschutzverordnung (GDPR): Europe Car Shipping S.L. CIF: B-16991622 Adresse: Calle Avenida de Valencia, R. La Santa Cruz, n\u00ba 31 Edf. Buganvilla 18690 Almu\u00f1\u00e9car (Granada) Eintragung in das Handelsregister: Inscrita en el Registro Mercantil de Granada, Tomo: 861, Libro: 0, Folio: 102, Hoja: GR-15.075 e INSCRIP: 1\u00aa \u00dcbermittlung und&hellip;","og_url":"https:\/\/www.cartransporteurope.com\/de\/datenschutzbestimmungen\/","og_site_name":"Car Transport Europe","twitter_card":"summary_large_image","twitter_misc":{"Gesch\u00e4tzte Lesezeit":"3\u00a0Minuten"},"schema":{"@context":"https:\/\/schema.org","@graph":[{"@type":"WebPage","@id":"https:\/\/www.cartransporteurope.com\/de\/datenschutzbestimmungen\/","url":"https:\/\/www.cartransporteurope.com\/de\/datenschutzbestimmungen\/","name":"Datenschutzbestimmungen - Car Transport Europe","isPartOf":{"@id":"https:\/\/www.cartransporteurope.com\/de\/#website"},"datePublished":"2023-03-13T08:47:26+00:00","breadcrumb":{"@id":"https:\/\/www.cartransporteurope.com\/de\/datenschutzbestimmungen\/#breadcrumb"},"inLanguage":"de","potentialAction":[{"@type":"ReadAction","target":["https:\/\/www.cartransporteurope.com\/de\/datenschutzbestimmungen\/"]}]},{"@type":"BreadcrumbList","@id":"https:\/\/www.cartransporteurope.com\/de\/datenschutzbestimmungen\/#breadcrumb","itemListElement":[{"@type":"ListItem","position":1,"name":"Portada","item":"https:\/\/www.cartransporteurope.com\/de\/"},{"@type":"ListItem","position":2,"name":"Datenschutzbestimmungen"}]},{"@type":"WebSite","@id":"https:\/\/www.cartransporteurope.com\/de\/#website","url":"https:\/\/www.cartransporteurope.com\/de\/","name":"Car Transport Europe","description":"","publisher":{"@id":"https:\/\/www.cartransporteurope.com\/de\/#organization"},"potentialAction":[{"@type":"SearchAction","target":{"@type":"EntryPoint","urlTemplate":"https:\/\/www.cartransporteurope.com\/de\/?s={search_term_string}"},"query-input":{"@type":"PropertyValueSpecification","valueRequired":true,"valueName":"search_term_string"}}],"inLanguage":"de"},{"@type":"Organization","@id":"https:\/\/www.cartransporteurope.com\/de\/#organization","name":"Car Transport Europe","url":"https:\/\/www.cartransporteurope.com\/de\/","logo":{"@type":"ImageObject","inLanguage":"de","@id":"https:\/\/www.cartransporteurope.com\/de\/#\/schema\/logo\/image\/","url":"https:\/\/www.cartransporteurope.com\/wp-content\/uploads\/2023\/03\/Logo-Car-Transport-Europe.png","contentUrl":"https:\/\/www.cartransporteurope.com\/wp-content\/uploads\/2023\/03\/Logo-Car-Transport-Europe.png","width":764,"height":252,"caption":"Car Transport Europe"},"image":{"@id":"https:\/\/www.cartransporteurope.com\/de\/#\/schema\/logo\/image\/"}}]}},"_links":{"self":[{"href":"https:\/\/www.cartransporteurope.com\/de\/wp-json\/wp\/v2\/pages\/5230","targetHints":{"allow":["GET"]}}],"collection":[{"href":"https:\/\/www.cartransporteurope.com\/de\/wp-json\/wp\/v2\/pages"}],"about":[{"href":"https:\/\/www.cartransporteurope.com\/de\/wp-json\/wp\/v2\/types\/page"}],"author":[{"embeddable":true,"href":"https:\/\/www.cartransporteurope.com\/de\/wp-json\/wp\/v2\/users\/2"}],"replies":[{"embeddable":true,"href":"https:\/\/www.cartransporteurope.com\/de\/wp-json\/wp\/v2\/comments?post=5230"}],"version-history":[{"count":0,"href":"https:\/\/www.cartransporteurope.com\/de\/wp-json\/wp\/v2\/pages\/5230\/revisions"}],"wp:attachment":[{"href":"https:\/\/www.cartransporteurope.com\/de\/wp-json\/wp\/v2\/media?parent=5230"}],"curies":[{"name":"wp","href":"https:\/\/api.w.org\/{rel}","templated":true}]}}