{"id":5187,"date":"2023-03-30T08:36:25","date_gmt":"2023-03-30T08:36:25","guid":{"rendered":"https:\/\/www.cartransporteurope.com\/faq\/"},"modified":"2023-04-12T09:25:19","modified_gmt":"2023-04-12T09:25:19","slug":"faqfr","status":"publish","type":"page","link":"https:\/\/www.cartransporteurope.com\/fr\/faqfr\/","title":{"rendered":"Faq"},"content":{"rendered":"<section class=\"wpb-content-wrapper\">[vc_row remove_bottom_col_margin=\u00a0\u00bbtrue\u00a0\u00bb css=\u00a0\u00bb.vc_custom_1678695725688{padding-top: 60px !important;padding-bottom: 70px !important;}\u00a0\u00bb local_scroll_id=\u00a0\u00bbfaq\u00a0\u00bb][vc_column]<style>.vcex-heading.vcex_6a08fe4205f54{font-size:30px;font-weight:700;text-transform:uppercase;}<\/style><h2 class=\"vcex-heading vcex-heading-plain vcex-module wpex-text-2xl wpex-font-normal wpex-mb-10 wpex-text-center vcex_6a08fe4205f54\"><span class=\"vcex-heading-inner wpex-inline-block\">Questions fr\u00e9quemment pos\u00e9es<\/span><\/h2><div class=\"vcex-module vcex-divider vcex-divider-solid vcex-divider-center wpex-mx-auto wpex-max-w-100 wpex-block wpex-h-0 wpex-border-b wpex-border-solid wpex-border-main\" style=\"width:10%;margin-bottom:20px;border-bottom-width:5px;border-color:#424242;\"><\/div>[vc_column_text font_weight=\u00a0\u00bb300&Prime; width=\u00a0\u00bb900&Prime; font_size=\u00a0\u00bb16px\u00a0\u00bb]Dans ce cas, Europe Car Shipping S.L. annoncera sur cette page les changements introduits avec un pr\u00e9avis raisonnable avant leur mise en \u0153uvre.<br \/>\nChargement complet de voitures[\/vc_column_text]<div class=\"vcex-spacing wpex-w-100 wpex-clear\"><\/div><style>.vcex-toggle-group.vcex_6a08fe4206cb6{max-width:700px;}<\/style><div class=\"vcex-toggle-group vcex-toggle-group--w-borders vcex-module wpex-mx-auto wpex-last-border-none vcex_6a08fe4206cb6\"><style>.vcex-toggle.vcex_6a08fe4206fdd .vcex-toggle__heading{font-size:1.4em;}.vcex-toggle.vcex_6a08fe4206fdd .vcex-toggle__content{font-size:16px;}<\/style><div class=\"vcex-toggle vcex-module vcex-toggle--active vcex_6a08fe4206fdd\" data-animate=\"true\" data-duration=\"300\"><div class=\"vcex-toggle__heading\"><a href=\"#comment-connatre-le-prix-du-transport-de-vhicules-\" class=\"vcex-toggle__trigger wpex-flex wpex-items-center wpex-transition-colors wpex-flex-row-reverse\" aria-expanded=\"true\" aria-controls=\"comment-connatre-le-prix-du-transport-de-vhicules-\"><div class=\"vcex-toggle__icon wpex-ml-10\" aria-hidden=\"true\"><div class=\"vcex-toggle__icon-open wpex-flex wpex-flex-col wpex-items-center\"><svg xmlns=\"http:\/\/www.w3.org\/2000\/svg\" height=\"1.5em\" viewBox=\"0 0 24 24\" width=\"1.5em\" fill=\"currentColor\"><path d=\"M0 0h24v24H0V0z\" fill=\"none\"\/><path d=\"M24 24H0V0h24v24z\" fill=\"none\" opacity=\".87\"\/><path d=\"M16.59 8.59L12 13.17 7.41 8.59 6 10l6 6 6-6-1.41-1.41z\"\/><\/svg><\/div><div class=\"vcex-toggle__icon-close wpex-flex wpex-flex-col wpex-items-center\"><svg xmlns=\"http:\/\/www.w3.org\/2000\/svg\" height=\"1.5em\" viewBox=\"0 0 24 24\" width=\"1.5em\" fill=\"currentColor\" class=\"vcex-toggle__icon-close\"><path d=\"M0 0h24v24H0V0z\" fill=\"none\"\/><path d=\"M12 8l-6 6 1.41 1.41L12 10.83l4.59 4.58L18 14l-6-6z\"\/><\/svg><\/div><\/div><h4 class=\"vcex-toggle__title wpex-mr-auto\">Comment conna\u00eetre le prix du transport de v\u00e9hicules ?<\/h4><\/a><\/div><div id=\"comment-connatre-le-prix-du-transport-de-vhicules-\" class=\"vcex-toggle__content wpex-last-mb-0 wpex-my-10 wpex-clr\">Vous pouvez conna\u00eetre le prix du <strong>transport de v\u00e9hicules<\/strong> en demandant un devis en ligne sur notre formulaire principal ou en appelant notre service client\u00e8le. Il vous suffit d&rsquo;indiquer le type de v\u00e9hicule, si le v\u00e9hicule est transport\u00e9 ou non, ainsi que le lieu d&rsquo;origine et le lieu de destination du transfert.<\/div><\/div><style>.vcex-toggle.vcex_6a08fe420727a .vcex-toggle__heading{font-size:1.4em;}.vcex-toggle.vcex_6a08fe420727a .vcex-toggle__content{font-size:16px;}<\/style><div class=\"vcex-toggle vcex-module vcex_6a08fe420727a\" data-animate=\"true\" data-duration=\"300\"><div class=\"vcex-toggle__heading\"><a href=\"#que-puis-je-dplacer-lorsque-je-demande-un-transport-de-vhicule-\" class=\"vcex-toggle__trigger wpex-flex wpex-items-center wpex-transition-colors wpex-flex-row-reverse\" aria-expanded=\"false\" aria-controls=\"que-puis-je-dplacer-lorsque-je-demande-un-transport-de-vhicule-\"><div class=\"vcex-toggle__icon wpex-ml-10\" aria-hidden=\"true\"><div class=\"vcex-toggle__icon-open wpex-flex wpex-flex-col wpex-items-center\"><svg xmlns=\"http:\/\/www.w3.org\/2000\/svg\" height=\"1.5em\" viewBox=\"0 0 24 24\" width=\"1.5em\" fill=\"currentColor\"><path d=\"M0 0h24v24H0V0z\" fill=\"none\"\/><path d=\"M24 24H0V0h24v24z\" fill=\"none\" opacity=\".87\"\/><path d=\"M16.59 8.59L12 13.17 7.41 8.59 6 10l6 6 6-6-1.41-1.41z\"\/><\/svg><\/div><div class=\"vcex-toggle__icon-close wpex-flex wpex-flex-col wpex-items-center\"><svg xmlns=\"http:\/\/www.w3.org\/2000\/svg\" height=\"1.5em\" viewBox=\"0 0 24 24\" width=\"1.5em\" fill=\"currentColor\" class=\"vcex-toggle__icon-close\"><path d=\"M0 0h24v24H0V0z\" fill=\"none\"\/><path d=\"M12 8l-6 6 1.41 1.41L12 10.83l4.59 4.58L18 14l-6-6z\"\/><\/svg><\/div><\/div><h4 class=\"vcex-toggle__title wpex-mr-auto\">Que puis-je d\u00e9placer lorsque je demande un transport de v\u00e9hicule ?<\/h4><\/a><\/div><div id=\"que-puis-je-dplacer-lorsque-je-demande-un-transport-de-vhicule-\" class=\"vcex-toggle__content wpex-last-mb-0 wpex-my-10 wpex-clr\">Chez cartransporteurope, nous vous proposons tous les types de <strong>transport de v\u00e9hicules<\/strong>, y compris les voitures, les motos, les fourgonnettes et tous les types de <strong>transport de v\u00e9hicules<\/strong> \u00e0 moteur. Aussi bien individuellement qu&rsquo;en groupe.<\/div><\/div><style>.vcex-toggle.vcex_6a08fe4207500 .vcex-toggle__heading{font-size:1.4em;}.vcex-toggle.vcex_6a08fe4207500 .vcex-toggle__content{font-size:16px;}<\/style><div class=\"vcex-toggle vcex-module vcex_6a08fe4207500\" data-animate=\"true\" data-duration=\"300\"><div class=\"vcex-toggle__heading\"><a href=\"#entre-quels-points-puis-je-effectuer-un-transport-de-vhicules-\" class=\"vcex-toggle__trigger wpex-flex wpex-items-center wpex-transition-colors wpex-flex-row-reverse\" aria-expanded=\"false\" aria-controls=\"entre-quels-points-puis-je-effectuer-un-transport-de-vhicules-\"><div class=\"vcex-toggle__icon wpex-ml-10\" aria-hidden=\"true\"><div class=\"vcex-toggle__icon-open wpex-flex wpex-flex-col wpex-items-center\"><svg xmlns=\"http:\/\/www.w3.org\/2000\/svg\" height=\"1.5em\" viewBox=\"0 0 24 24\" width=\"1.5em\" fill=\"currentColor\"><path d=\"M0 0h24v24H0V0z\" fill=\"none\"\/><path d=\"M24 24H0V0h24v24z\" fill=\"none\" opacity=\".87\"\/><path d=\"M16.59 8.59L12 13.17 7.41 8.59 6 10l6 6 6-6-1.41-1.41z\"\/><\/svg><\/div><div class=\"vcex-toggle__icon-close wpex-flex wpex-flex-col wpex-items-center\"><svg xmlns=\"http:\/\/www.w3.org\/2000\/svg\" height=\"1.5em\" viewBox=\"0 0 24 24\" width=\"1.5em\" fill=\"currentColor\" class=\"vcex-toggle__icon-close\"><path d=\"M0 0h24v24H0V0z\" fill=\"none\"\/><path d=\"M12 8l-6 6 1.41 1.41L12 10.83l4.59 4.58L18 14l-6-6z\"\/><\/svg><\/div><\/div><h4 class=\"vcex-toggle__title wpex-mr-auto\">Entre quels points puis-je effectuer un transport de v\u00e9hicules ?<\/h4><\/a><\/div><div id=\"entre-quels-points-puis-je-effectuer-un-transport-de-vhicules-\" class=\"vcex-toggle__content wpex-last-mb-0 wpex-my-10 wpex-clr\">Dans notre entreprise de transport de v\u00e9hicules, nous d\u00e9pla\u00e7ons des voitures en tout point du territoire national espagnol. De plus, nous r\u00e9alisons des transports internationaux de voitures depuis presque n&rsquo;importe quel point de l&rsquo;Union europ\u00e9enne continentale vers l&rsquo;Espagne et vice-versa.<\/div><\/div><\/div>[\/vc_column][\/vc_row]\n<\/section>","protected":false},"excerpt":{"rendered":"<p>[vc_row remove_bottom_col_margin=\u00a0\u00bbtrue\u00a0\u00bb css=\u00a0\u00bb.vc_custom_1678695725688{padding-top: 60px !important;padding-bottom: 70px !important;}\u00a0\u00bb local_scroll_id=\u00a0\u00bbfaq\u00a0\u00bb][vc_column][vc_column_text font_weight=\u00a0\u00bb300&Prime; width=\u00a0\u00bb900&Prime; font_size=\u00a0\u00bb16px\u00a0\u00bb]Dans ce cas, Europe Car Shipping S.L. annoncera sur cette page les changements introduits avec un pr\u00e9avis raisonnable avant leur mise en \u0153uvre. Chargement complet de voitures[\/vc_column_text][\/vc_column][\/vc_row]<\/p>\n","protected":false},"author":7,"featured_media":0,"parent":0,"menu_order":0,"comment_status":"closed","ping_status":"closed","template":"","meta":{"content-type":"","_monsterinsights_skip_tracking":false,"_monsterinsights_sitenote_active":false,"_monsterinsights_sitenote_note":"","_monsterinsights_sitenote_category":0,"footnotes":""},"class_list":["post-5187","page","type-page","status-publish","hentry","entry","no-media"],"yoast_head":"<!-- This site is optimized with the Yoast SEO plugin v27.3 - https:\/\/yoast.com\/product\/yoast-seo-wordpress\/ -->\n<title>Faq - Car Transport Europe<\/title>\n<meta name=\"robots\" content=\"index, follow, max-snippet:-1, max-image-preview:large, max-video-preview:-1\" \/>\n<link rel=\"canonical\" href=\"https:\/\/www.cartransporteurope.com\/fr\/faqfr\/\" \/>\n<meta property=\"og:locale\" content=\"fr_FR\" \/>\n<meta property=\"og:type\" content=\"article\" \/>\n<meta property=\"og:title\" content=\"Faq - Car Transport Europe\" \/>\n<meta property=\"og:description\" content=\"[vc_row remove_bottom_col_margin=\u00a0\u00bbtrue\u00a0\u00bb css=\u00a0\u00bb.vc_custom_1678695725688{padding-top: 60px !important;padding-bottom: 70px !important;}\u00a0\u00bb local_scroll_id=\u00a0\u00bbfaq\u00a0\u00bb][vc_column][vc_column_text font_weight=\u00a0\u00bb300&Prime; width=\u00a0\u00bb900&Prime; font_size=\u00a0\u00bb16px\u00a0\u00bb]Dans ce cas, Europe Car Shipping S.L. annoncera sur cette page les changements introduits avec un pr\u00e9avis raisonnable avant leur mise en \u0153uvre. Chargement complet de voitures[\/vc_column_text][\/vc_column][\/vc_row]\" \/>\n<meta property=\"og:url\" content=\"https:\/\/www.cartransporteurope.com\/fr\/faqfr\/\" \/>\n<meta property=\"og:site_name\" content=\"Car Transport Europe\" \/>\n<meta property=\"article:modified_time\" content=\"2023-04-12T09:25:19+00:00\" \/>\n<meta name=\"twitter:card\" content=\"summary_large_image\" \/>\n<meta name=\"twitter:label1\" content=\"Dur\u00e9e de lecture estim\u00e9e\" \/>\n\t<meta name=\"twitter:data1\" content=\"2 minutes\" \/>\n<script type=\"application\/ld+json\" class=\"yoast-schema-graph\">{\"@context\":\"https:\\\/\\\/schema.org\",\"@graph\":[{\"@type\":\"WebPage\",\"@id\":\"https:\\\/\\\/www.cartransporteurope.com\\\/fr\\\/faqfr\\\/\",\"url\":\"https:\\\/\\\/www.cartransporteurope.com\\\/fr\\\/faqfr\\\/\",\"name\":\"Faq - Car Transport Europe\",\"isPartOf\":{\"@id\":\"https:\\\/\\\/www.cartransporteurope.com\\\/fr\\\/#website\"},\"datePublished\":\"2023-03-30T08:36:25+00:00\",\"dateModified\":\"2023-04-12T09:25:19+00:00\",\"breadcrumb\":{\"@id\":\"https:\\\/\\\/www.cartransporteurope.com\\\/fr\\\/faqfr\\\/#breadcrumb\"},\"inLanguage\":\"fr-FR\",\"potentialAction\":[{\"@type\":\"ReadAction\",\"target\":[\"https:\\\/\\\/www.cartransporteurope.com\\\/fr\\\/faqfr\\\/\"]}]},{\"@type\":\"BreadcrumbList\",\"@id\":\"https:\\\/\\\/www.cartransporteurope.com\\\/fr\\\/faqfr\\\/#breadcrumb\",\"itemListElement\":[{\"@type\":\"ListItem\",\"position\":1,\"name\":\"Portada\",\"item\":\"https:\\\/\\\/www.cartransporteurope.com\\\/fr\\\/\"},{\"@type\":\"ListItem\",\"position\":2,\"name\":\"Faq\"}]},{\"@type\":\"WebSite\",\"@id\":\"https:\\\/\\\/www.cartransporteurope.com\\\/fr\\\/#website\",\"url\":\"https:\\\/\\\/www.cartransporteurope.com\\\/fr\\\/\",\"name\":\"Car Transport Europe\",\"description\":\"\",\"publisher\":{\"@id\":\"https:\\\/\\\/www.cartransporteurope.com\\\/fr\\\/#organization\"},\"potentialAction\":[{\"@type\":\"SearchAction\",\"target\":{\"@type\":\"EntryPoint\",\"urlTemplate\":\"https:\\\/\\\/www.cartransporteurope.com\\\/fr\\\/?s={search_term_string}\"},\"query-input\":{\"@type\":\"PropertyValueSpecification\",\"valueRequired\":true,\"valueName\":\"search_term_string\"}}],\"inLanguage\":\"fr-FR\"},{\"@type\":\"Organization\",\"@id\":\"https:\\\/\\\/www.cartransporteurope.com\\\/fr\\\/#organization\",\"name\":\"Car Transport Europe\",\"url\":\"https:\\\/\\\/www.cartransporteurope.com\\\/fr\\\/\",\"logo\":{\"@type\":\"ImageObject\",\"inLanguage\":\"fr-FR\",\"@id\":\"https:\\\/\\\/www.cartransporteurope.com\\\/fr\\\/#\\\/schema\\\/logo\\\/image\\\/\",\"url\":\"https:\\\/\\\/www.cartransporteurope.com\\\/wp-content\\\/uploads\\\/2023\\\/03\\\/Logo-Car-Transport-Europe.png\",\"contentUrl\":\"https:\\\/\\\/www.cartransporteurope.com\\\/wp-content\\\/uploads\\\/2023\\\/03\\\/Logo-Car-Transport-Europe.png\",\"width\":764,\"height\":252,\"caption\":\"Car Transport Europe\"},\"image\":{\"@id\":\"https:\\\/\\\/www.cartransporteurope.com\\\/fr\\\/#\\\/schema\\\/logo\\\/image\\\/\"}}]}<\/script>\n<!-- \/ Yoast SEO plugin. -->","yoast_head_json":{"title":"Faq - Car Transport Europe","robots":{"index":"index","follow":"follow","max-snippet":"max-snippet:-1","max-image-preview":"max-image-preview:large","max-video-preview":"max-video-preview:-1"},"canonical":"https:\/\/www.cartransporteurope.com\/fr\/faqfr\/","og_locale":"fr_FR","og_type":"article","og_title":"Faq - Car Transport Europe","og_description":"[vc_row remove_bottom_col_margin=\u00a0\u00bbtrue\u00a0\u00bb css=\u00a0\u00bb.vc_custom_1678695725688{padding-top: 60px !important;padding-bottom: 70px !important;}\u00a0\u00bb local_scroll_id=\u00a0\u00bbfaq\u00a0\u00bb][vc_column][vc_column_text font_weight=\u00a0\u00bb300&Prime; width=\u00a0\u00bb900&Prime; font_size=\u00a0\u00bb16px\u00a0\u00bb]Dans ce cas, Europe Car Shipping S.L. annoncera sur cette page les changements introduits avec un pr\u00e9avis raisonnable avant leur mise en \u0153uvre. Chargement complet de voitures[\/vc_column_text][\/vc_column][\/vc_row]","og_url":"https:\/\/www.cartransporteurope.com\/fr\/faqfr\/","og_site_name":"Car Transport Europe","article_modified_time":"2023-04-12T09:25:19+00:00","twitter_card":"summary_large_image","twitter_misc":{"Dur\u00e9e de lecture estim\u00e9e":"2 minutes"},"schema":{"@context":"https:\/\/schema.org","@graph":[{"@type":"WebPage","@id":"https:\/\/www.cartransporteurope.com\/fr\/faqfr\/","url":"https:\/\/www.cartransporteurope.com\/fr\/faqfr\/","name":"Faq - Car Transport Europe","isPartOf":{"@id":"https:\/\/www.cartransporteurope.com\/fr\/#website"},"datePublished":"2023-03-30T08:36:25+00:00","dateModified":"2023-04-12T09:25:19+00:00","breadcrumb":{"@id":"https:\/\/www.cartransporteurope.com\/fr\/faqfr\/#breadcrumb"},"inLanguage":"fr-FR","potentialAction":[{"@type":"ReadAction","target":["https:\/\/www.cartransporteurope.com\/fr\/faqfr\/"]}]},{"@type":"BreadcrumbList","@id":"https:\/\/www.cartransporteurope.com\/fr\/faqfr\/#breadcrumb","itemListElement":[{"@type":"ListItem","position":1,"name":"Portada","item":"https:\/\/www.cartransporteurope.com\/fr\/"},{"@type":"ListItem","position":2,"name":"Faq"}]},{"@type":"WebSite","@id":"https:\/\/www.cartransporteurope.com\/fr\/#website","url":"https:\/\/www.cartransporteurope.com\/fr\/","name":"Car Transport Europe","description":"","publisher":{"@id":"https:\/\/www.cartransporteurope.com\/fr\/#organization"},"potentialAction":[{"@type":"SearchAction","target":{"@type":"EntryPoint","urlTemplate":"https:\/\/www.cartransporteurope.com\/fr\/?s={search_term_string}"},"query-input":{"@type":"PropertyValueSpecification","valueRequired":true,"valueName":"search_term_string"}}],"inLanguage":"fr-FR"},{"@type":"Organization","@id":"https:\/\/www.cartransporteurope.com\/fr\/#organization","name":"Car Transport Europe","url":"https:\/\/www.cartransporteurope.com\/fr\/","logo":{"@type":"ImageObject","inLanguage":"fr-FR","@id":"https:\/\/www.cartransporteurope.com\/fr\/#\/schema\/logo\/image\/","url":"https:\/\/www.cartransporteurope.com\/wp-content\/uploads\/2023\/03\/Logo-Car-Transport-Europe.png","contentUrl":"https:\/\/www.cartransporteurope.com\/wp-content\/uploads\/2023\/03\/Logo-Car-Transport-Europe.png","width":764,"height":252,"caption":"Car Transport Europe"},"image":{"@id":"https:\/\/www.cartransporteurope.com\/fr\/#\/schema\/logo\/image\/"}}]}},"_links":{"self":[{"href":"https:\/\/www.cartransporteurope.com\/fr\/wp-json\/wp\/v2\/pages\/5187","targetHints":{"allow":["GET"]}}],"collection":[{"href":"https:\/\/www.cartransporteurope.com\/fr\/wp-json\/wp\/v2\/pages"}],"about":[{"href":"https:\/\/www.cartransporteurope.com\/fr\/wp-json\/wp\/v2\/types\/page"}],"author":[{"embeddable":true,"href":"https:\/\/www.cartransporteurope.com\/fr\/wp-json\/wp\/v2\/users\/7"}],"replies":[{"embeddable":true,"href":"https:\/\/www.cartransporteurope.com\/fr\/wp-json\/wp\/v2\/comments?post=5187"}],"version-history":[{"count":6,"href":"https:\/\/www.cartransporteurope.com\/fr\/wp-json\/wp\/v2\/pages\/5187\/revisions"}],"predecessor-version":[{"id":5390,"href":"https:\/\/www.cartransporteurope.com\/fr\/wp-json\/wp\/v2\/pages\/5187\/revisions\/5390"}],"wp:attachment":[{"href":"https:\/\/www.cartransporteurope.com\/fr\/wp-json\/wp\/v2\/media?parent=5187"}],"curies":[{"name":"wp","href":"https:\/\/api.w.org\/{rel}","templated":true}]}}