{"id":5194,"date":"2023-03-13T08:47:26","date_gmt":"2023-03-13T08:47:26","guid":{"rendered":"https:\/\/www.cartransporteurope.com\/politique-de-confidentialite\/"},"modified":"2023-03-13T08:47:26","modified_gmt":"2023-03-13T08:47:26","slug":"politique-de-confidentialite","status":"publish","type":"page","link":"https:\/\/www.cartransporteurope.com\/fr\/politique-de-confidentialite\/","title":{"rendered":"Politique de confidentialit\u00e9"},"content":{"rendered":"<p>Aux fins des dispositions du r\u00e8glement g\u00e9n\u00e9ral sur la protection des donn\u00e9es (RGPD) :<\/p>\n<p>Europe Car Shipping S.L.<br \/>\nTVA: B-16991622<br \/>\nAdresse: Calle Avenida de Valencia, R. La Santa Cruz, n\u00ba 31 Edf. Buganvilla 18690 Almu\u00f1\u00e9car (Granada)<\/p>\n<p>Inscription au registre du commerce : Inscrita en el Registro Mercantil de Granada, Tomo: 861, Libro: 0, Folio: 102, Hoja: GR-15.075 e INSCRIP: 1\u00aa<\/p>\n<h2>Envoi et enregistrement des donn\u00e9es personnelles<\/h2>\n<p>L&rsquo;envoi de donn\u00e9es personnelles est obligatoire pour contacter et recevoir des informations sur les services fournis par Europe Car Shipping S.L. Le fait de ne pas fournir les donn\u00e9es personnelles demand\u00e9es ou d&rsquo;accepter la pr\u00e9sente politique de protection des donn\u00e9es entra\u00eene l&rsquo;impossibilit\u00e9 de souscrire, de s&rsquo;inscrire ou de recevoir des informations sur ces services.<\/p>\n<h2>Exactitude et v\u00e9racit\u00e9 des donn\u00e9es<\/h2>\n<p>L&rsquo;utilisateur qui envoie les informations \u00e0 Europe Car Shipping S.L. est seul responsable de la v\u00e9racit\u00e9 et de l&rsquo;exactitude des donn\u00e9es incluses, exon\u00e9rant Europe Car Shipping S.L. de toute responsabilit\u00e9 \u00e0 cet \u00e9gard.<\/p>\n<p>Les utilisateurs garantissent et sont responsables, en tout \u00e9tat de cause, de l&rsquo;exactitude, de la validit\u00e9 et de l&rsquo;authenticit\u00e9 des donn\u00e9es personnelles fournies, et s&rsquo;engagent \u00e0 les tenir d\u00fbment \u00e0 jour.<\/p>\n<p>L&rsquo;utilisateur s&rsquo;engage \u00e0 fournir des informations compl\u00e8tes et correctes dans le formulaire d&rsquo;inscription ou d&rsquo;abonnement.<\/p>\n<p>Europe Car Shipping S.L. n&rsquo;est pas responsable de la v\u00e9racit\u00e9 de l&rsquo;information qui n&rsquo;est pas de sa propre \u00e9laboration et dont une autre source est indiqu\u00e9e, et n&rsquo;assume aucune responsabilit\u00e9 quant aux dommages hypoth\u00e9tiques qui pourraient d\u00e9couler de l&rsquo;utilisation de cette information. Europe Car Shipping S.L. n&rsquo;est pas responsable des dommages que l&rsquo;utilisateur pourrait subir en raison d&rsquo;erreurs, de d\u00e9fauts ou d&rsquo;omissions dans l&rsquo;information lorsque celle-ci provient de sources ext\u00e9rieures \u00e0 Europe Car Shipping S.L..<\/p>\n<p>Europe Car Shipping S.L. ne garantit pas la disponibilit\u00e9 permanente des services, \u00e9tant exon\u00e9r\u00e9e de tout type de responsabilit\u00e9 pour les \u00e9ventuels dommages caus\u00e9s par l&rsquo;indisponibilit\u00e9 du service pour des causes de force majeure ou d&rsquo;erreurs dans les r\u00e9seaux t\u00e9l\u00e9matiques de transfert de donn\u00e9es, hors de son contr\u00f4le.<\/p>\n<h2>Transfert de donn\u00e9es<\/h2>\n<p>Europe Car Shipping S.L. ne transmettra pas de donn\u00e9es personnelles \u00e0 des tiers. Toutefois, en cas de transfert \u00e0 un tiers, une information pr\u00e9alable serait fournie en demandant le consentement explicite de la personne concern\u00e9e conform\u00e9ment au GDPR.<\/p>\n<h2>Exercice des droits<\/h2>\n<p>Vous pouvez envoyer vos communications et exercer vos droits d&rsquo;acc\u00e8s, de rectification, d&rsquo;annulation et d&rsquo;opposition ainsi que, sur la base du r\u00e8glement europ\u00e9en, de suppression, de limitation d&rsquo;utilisation et de portabilit\u00e9 par courrier \u00e0 l&rsquo;adresse suivante : Calle Avenida de Valencia, R. La Santa Cruz, n\u00ba 31 Edf. Buganvilla 18690 Almu\u00f1\u00e9car (Granada), ou par courrier \u00e9lectronique \u00e0 l&rsquo;adresse suivante : <span class=\"S1PPyQ\">info@cartransporteurope.com<\/span> en joignant une preuve l\u00e9gale, telle qu&rsquo;une photocopie de votre carte d&rsquo;identit\u00e9, et en indiquant \u00ab\u00a0PROTECTION DES DONN\u00c9ES\u00a0\u00bb dans l&rsquo;objet du message.<\/p>\n<p>En acceptant cette politique, l&rsquo;utilisateur consent \u00e0 l&rsquo;utilisation de ses donn\u00e9es personnelles par Europe Car Shipping S.L. pour des communications commerciales et peut exercer ses droits comme indiqu\u00e9 ci-dessus.<\/p>\n<p>L&rsquo;utilisateur accepte que toutes ses donn\u00e9es personnelles soient transf\u00e9r\u00e9es int\u00e9gralement \u00e0 Aplazarse \u00e0 partir du moment o\u00f9 l&rsquo;utilisateur commence \u00e0 contracter le service de paiement diff\u00e9r\u00e9 offert par Aplazarse en choisissant la forme de paiement.<\/p>\n<p>Cette acceptation s&rsquo;\u00e9tend aux tiers qui peuvent avoir besoin d&rsquo;acc\u00e9der aux fichiers pour la bonne ex\u00e9cution du contrat.<\/p>\n<h2>Acceptation et consentement<\/h2>\n<p>L&rsquo;utilisateur d\u00e9clare avoir \u00e9t\u00e9 inform\u00e9 des conditions de protection des donn\u00e9es personnelles, acceptant et consentant au traitement de celles-ci par Europe Car Shipping S.L. de la mani\u00e8re et aux fins indiqu\u00e9es dans la pr\u00e9sente politique de protection des donn\u00e9es personnelles.<\/p>\n<h2>Modifications de la politique de confidentialit\u00e9<\/h2>\n<p>Europe Car Shipping S.L. se r\u00e9serve le droit de modifier cette politique pour l&rsquo;adapter aux nouvelles l\u00e9gislations ou jurisprudences, ainsi qu&rsquo;aux pratiques de l&rsquo;industrie.<\/p>\n<p>Dans ce cas, Europe Car Shipping S.L. annoncera sur cette page les changements introduits avec un pr\u00e9avis raisonnable avant leur mise en \u0153uvre.<\/p>\n","protected":false},"excerpt":{"rendered":"<p>Aux fins des dispositions du r\u00e8glement g\u00e9n\u00e9ral sur la protection des donn\u00e9es (RGPD) : Europe Car Shipping S.L. TVA: B-16991622 Adresse: Calle Avenida de Valencia, R. La Santa Cruz, n\u00ba 31 Edf. Buganvilla 18690 Almu\u00f1\u00e9car (Granada) Inscription au registre du commerce : Inscrita en el Registro Mercantil de Granada, Tomo: 861, Libro: 0, Folio: 102,&hellip;<\/p>\n","protected":false},"author":2,"featured_media":0,"parent":0,"menu_order":0,"comment_status":"closed","ping_status":"closed","template":"","meta":{"content-type":"","_monsterinsights_skip_tracking":false,"_monsterinsights_sitenote_active":false,"_monsterinsights_sitenote_note":"","_monsterinsights_sitenote_category":0,"footnotes":""},"class_list":["post-5194","page","type-page","status-publish","hentry","entry","no-media"],"yoast_head":"<!-- This site is optimized with the Yoast SEO plugin v27.3 - https:\/\/yoast.com\/product\/yoast-seo-wordpress\/ -->\n<title>Politique de confidentialit\u00e9 - Car Transport Europe<\/title>\n<meta name=\"robots\" content=\"index, follow, max-snippet:-1, max-image-preview:large, max-video-preview:-1\" \/>\n<link rel=\"canonical\" href=\"https:\/\/www.cartransporteurope.com\/fr\/politique-de-confidentialite\/\" \/>\n<meta property=\"og:locale\" content=\"fr_FR\" \/>\n<meta property=\"og:type\" content=\"article\" \/>\n<meta property=\"og:title\" content=\"Politique de confidentialit\u00e9 - Car Transport Europe\" \/>\n<meta property=\"og:description\" content=\"Aux fins des dispositions du r\u00e8glement g\u00e9n\u00e9ral sur la protection des donn\u00e9es (RGPD) : Europe Car Shipping S.L. TVA: B-16991622 Adresse: Calle Avenida de Valencia, R. La Santa Cruz, n\u00ba 31 Edf. Buganvilla 18690 Almu\u00f1\u00e9car (Granada) Inscription au registre du commerce : Inscrita en el Registro Mercantil de Granada, Tomo: 861, Libro: 0, Folio: 102,&hellip;\" \/>\n<meta property=\"og:url\" content=\"https:\/\/www.cartransporteurope.com\/fr\/politique-de-confidentialite\/\" \/>\n<meta property=\"og:site_name\" content=\"Car Transport Europe\" \/>\n<meta name=\"twitter:card\" content=\"summary_large_image\" \/>\n<meta name=\"twitter:label1\" content=\"Dur\u00e9e de lecture estim\u00e9e\" \/>\n\t<meta name=\"twitter:data1\" content=\"3 minutes\" \/>\n<script type=\"application\/ld+json\" class=\"yoast-schema-graph\">{\"@context\":\"https:\\\/\\\/schema.org\",\"@graph\":[{\"@type\":\"WebPage\",\"@id\":\"https:\\\/\\\/www.cartransporteurope.com\\\/fr\\\/politique-de-confidentialite\\\/\",\"url\":\"https:\\\/\\\/www.cartransporteurope.com\\\/fr\\\/politique-de-confidentialite\\\/\",\"name\":\"Politique de confidentialit\u00e9 - Car Transport Europe\",\"isPartOf\":{\"@id\":\"https:\\\/\\\/www.cartransporteurope.com\\\/fr\\\/#website\"},\"datePublished\":\"2023-03-13T08:47:26+00:00\",\"breadcrumb\":{\"@id\":\"https:\\\/\\\/www.cartransporteurope.com\\\/fr\\\/politique-de-confidentialite\\\/#breadcrumb\"},\"inLanguage\":\"fr-FR\",\"potentialAction\":[{\"@type\":\"ReadAction\",\"target\":[\"https:\\\/\\\/www.cartransporteurope.com\\\/fr\\\/politique-de-confidentialite\\\/\"]}]},{\"@type\":\"BreadcrumbList\",\"@id\":\"https:\\\/\\\/www.cartransporteurope.com\\\/fr\\\/politique-de-confidentialite\\\/#breadcrumb\",\"itemListElement\":[{\"@type\":\"ListItem\",\"position\":1,\"name\":\"Portada\",\"item\":\"https:\\\/\\\/www.cartransporteurope.com\\\/fr\\\/\"},{\"@type\":\"ListItem\",\"position\":2,\"name\":\"Politique de confidentialit\u00e9\"}]},{\"@type\":\"WebSite\",\"@id\":\"https:\\\/\\\/www.cartransporteurope.com\\\/fr\\\/#website\",\"url\":\"https:\\\/\\\/www.cartransporteurope.com\\\/fr\\\/\",\"name\":\"Car Transport Europe\",\"description\":\"\",\"publisher\":{\"@id\":\"https:\\\/\\\/www.cartransporteurope.com\\\/fr\\\/#organization\"},\"potentialAction\":[{\"@type\":\"SearchAction\",\"target\":{\"@type\":\"EntryPoint\",\"urlTemplate\":\"https:\\\/\\\/www.cartransporteurope.com\\\/fr\\\/?s={search_term_string}\"},\"query-input\":{\"@type\":\"PropertyValueSpecification\",\"valueRequired\":true,\"valueName\":\"search_term_string\"}}],\"inLanguage\":\"fr-FR\"},{\"@type\":\"Organization\",\"@id\":\"https:\\\/\\\/www.cartransporteurope.com\\\/fr\\\/#organization\",\"name\":\"Car Transport Europe\",\"url\":\"https:\\\/\\\/www.cartransporteurope.com\\\/fr\\\/\",\"logo\":{\"@type\":\"ImageObject\",\"inLanguage\":\"fr-FR\",\"@id\":\"https:\\\/\\\/www.cartransporteurope.com\\\/fr\\\/#\\\/schema\\\/logo\\\/image\\\/\",\"url\":\"https:\\\/\\\/www.cartransporteurope.com\\\/wp-content\\\/uploads\\\/2023\\\/03\\\/Logo-Car-Transport-Europe.png\",\"contentUrl\":\"https:\\\/\\\/www.cartransporteurope.com\\\/wp-content\\\/uploads\\\/2023\\\/03\\\/Logo-Car-Transport-Europe.png\",\"width\":764,\"height\":252,\"caption\":\"Car Transport Europe\"},\"image\":{\"@id\":\"https:\\\/\\\/www.cartransporteurope.com\\\/fr\\\/#\\\/schema\\\/logo\\\/image\\\/\"}}]}<\/script>\n<!-- \/ Yoast SEO plugin. -->","yoast_head_json":{"title":"Politique de confidentialit\u00e9 - Car Transport Europe","robots":{"index":"index","follow":"follow","max-snippet":"max-snippet:-1","max-image-preview":"max-image-preview:large","max-video-preview":"max-video-preview:-1"},"canonical":"https:\/\/www.cartransporteurope.com\/fr\/politique-de-confidentialite\/","og_locale":"fr_FR","og_type":"article","og_title":"Politique de confidentialit\u00e9 - Car Transport Europe","og_description":"Aux fins des dispositions du r\u00e8glement g\u00e9n\u00e9ral sur la protection des donn\u00e9es (RGPD) : Europe Car Shipping S.L. TVA: B-16991622 Adresse: Calle Avenida de Valencia, R. La Santa Cruz, n\u00ba 31 Edf. Buganvilla 18690 Almu\u00f1\u00e9car (Granada) Inscription au registre du commerce : Inscrita en el Registro Mercantil de Granada, Tomo: 861, Libro: 0, Folio: 102,&hellip;","og_url":"https:\/\/www.cartransporteurope.com\/fr\/politique-de-confidentialite\/","og_site_name":"Car Transport Europe","twitter_card":"summary_large_image","twitter_misc":{"Dur\u00e9e de lecture estim\u00e9e":"3 minutes"},"schema":{"@context":"https:\/\/schema.org","@graph":[{"@type":"WebPage","@id":"https:\/\/www.cartransporteurope.com\/fr\/politique-de-confidentialite\/","url":"https:\/\/www.cartransporteurope.com\/fr\/politique-de-confidentialite\/","name":"Politique de confidentialit\u00e9 - Car Transport Europe","isPartOf":{"@id":"https:\/\/www.cartransporteurope.com\/fr\/#website"},"datePublished":"2023-03-13T08:47:26+00:00","breadcrumb":{"@id":"https:\/\/www.cartransporteurope.com\/fr\/politique-de-confidentialite\/#breadcrumb"},"inLanguage":"fr-FR","potentialAction":[{"@type":"ReadAction","target":["https:\/\/www.cartransporteurope.com\/fr\/politique-de-confidentialite\/"]}]},{"@type":"BreadcrumbList","@id":"https:\/\/www.cartransporteurope.com\/fr\/politique-de-confidentialite\/#breadcrumb","itemListElement":[{"@type":"ListItem","position":1,"name":"Portada","item":"https:\/\/www.cartransporteurope.com\/fr\/"},{"@type":"ListItem","position":2,"name":"Politique de confidentialit\u00e9"}]},{"@type":"WebSite","@id":"https:\/\/www.cartransporteurope.com\/fr\/#website","url":"https:\/\/www.cartransporteurope.com\/fr\/","name":"Car Transport Europe","description":"","publisher":{"@id":"https:\/\/www.cartransporteurope.com\/fr\/#organization"},"potentialAction":[{"@type":"SearchAction","target":{"@type":"EntryPoint","urlTemplate":"https:\/\/www.cartransporteurope.com\/fr\/?s={search_term_string}"},"query-input":{"@type":"PropertyValueSpecification","valueRequired":true,"valueName":"search_term_string"}}],"inLanguage":"fr-FR"},{"@type":"Organization","@id":"https:\/\/www.cartransporteurope.com\/fr\/#organization","name":"Car Transport Europe","url":"https:\/\/www.cartransporteurope.com\/fr\/","logo":{"@type":"ImageObject","inLanguage":"fr-FR","@id":"https:\/\/www.cartransporteurope.com\/fr\/#\/schema\/logo\/image\/","url":"https:\/\/www.cartransporteurope.com\/wp-content\/uploads\/2023\/03\/Logo-Car-Transport-Europe.png","contentUrl":"https:\/\/www.cartransporteurope.com\/wp-content\/uploads\/2023\/03\/Logo-Car-Transport-Europe.png","width":764,"height":252,"caption":"Car Transport Europe"},"image":{"@id":"https:\/\/www.cartransporteurope.com\/fr\/#\/schema\/logo\/image\/"}}]}},"_links":{"self":[{"href":"https:\/\/www.cartransporteurope.com\/fr\/wp-json\/wp\/v2\/pages\/5194","targetHints":{"allow":["GET"]}}],"collection":[{"href":"https:\/\/www.cartransporteurope.com\/fr\/wp-json\/wp\/v2\/pages"}],"about":[{"href":"https:\/\/www.cartransporteurope.com\/fr\/wp-json\/wp\/v2\/types\/page"}],"author":[{"embeddable":true,"href":"https:\/\/www.cartransporteurope.com\/fr\/wp-json\/wp\/v2\/users\/2"}],"replies":[{"embeddable":true,"href":"https:\/\/www.cartransporteurope.com\/fr\/wp-json\/wp\/v2\/comments?post=5194"}],"version-history":[{"count":0,"href":"https:\/\/www.cartransporteurope.com\/fr\/wp-json\/wp\/v2\/pages\/5194\/revisions"}],"wp:attachment":[{"href":"https:\/\/www.cartransporteurope.com\/fr\/wp-json\/wp\/v2\/media?parent=5194"}],"curies":[{"name":"wp","href":"https:\/\/api.w.org\/{rel}","templated":true}]}}