{"id":5238,"date":"2023-03-30T08:36:25","date_gmt":"2023-03-30T08:36:25","guid":{"rendered":"https:\/\/www.cartransporteurope.com\/faq\/"},"modified":"2023-04-12T09:25:44","modified_gmt":"2023-04-12T09:25:44","slug":"faqnl","status":"publish","type":"page","link":"https:\/\/www.cartransporteurope.com\/nl\/faqnl\/","title":{"rendered":"Faq"},"content":{"rendered":"<section class=\"wpb-content-wrapper\">[vc_row remove_bottom_col_margin=&#8221;true&#8221; css=&#8221;.vc_custom_1678695725688{padding-top: 60px !important;padding-bottom: 70px !important;}&#8221; local_scroll_id=&#8221;faq&#8221;][vc_column]<style>.vcex-heading.vcex_6a08f401a4edf{font-size:30px;font-weight:700;text-transform:uppercase;}<\/style><h2 class=\"vcex-heading vcex-heading-plain vcex-module wpex-text-2xl wpex-font-normal wpex-mb-10 wpex-text-center vcex_6a08f401a4edf\"><span class=\"vcex-heading-inner wpex-inline-block\">Veelgestelde vragen<\/span><\/h2><div class=\"vcex-module vcex-divider vcex-divider-solid vcex-divider-center wpex-mx-auto wpex-max-w-100 wpex-block wpex-h-0 wpex-border-b wpex-border-solid wpex-border-main\" style=\"width:10%;margin-bottom:20px;border-bottom-width:5px;border-color:#424242;\"><\/div>[vc_column_text font_weight=&#8221;300&#8243; width=&#8221;900&#8243; font_size=&#8221;16px&#8221;]Heeft u vragen? Bekijk onze rubriek veelgestelde vragen of neem contact met ons op. Wij adviseren u graag en bieden u altijd de beste oplossing voor u. Bij cartransporteurope garanderen wij u de beste auto, motor en andere voertuigtransporten in Spanje.<br \/>\nVolle ladingen auto&#8217;s[\/vc_column_text]<div class=\"vcex-spacing wpex-w-100 wpex-clear\"><\/div><style>.vcex-toggle-group.vcex_6a08f401a5b36{max-width:700px;}<\/style><div class=\"vcex-toggle-group vcex-toggle-group--w-borders vcex-module wpex-mx-auto wpex-last-border-none vcex_6a08f401a5b36\"><style>.vcex-toggle.vcex_6a08f401a5e11 .vcex-toggle__heading{font-size:1.4em;}.vcex-toggle.vcex_6a08f401a5e11 .vcex-toggle__content{font-size:16px;}<\/style><div class=\"vcex-toggle vcex-module vcex-toggle--active vcex_6a08f401a5e11\" data-animate=\"true\" data-duration=\"300\"><div class=\"vcex-toggle__heading\"><a href=\"#hoe-kom-je-achter-de-prijs-van-voertuigtransport\" class=\"vcex-toggle__trigger wpex-flex wpex-items-center wpex-transition-colors wpex-flex-row-reverse\" aria-expanded=\"true\" aria-controls=\"hoe-kom-je-achter-de-prijs-van-voertuigtransport\"><div class=\"vcex-toggle__icon wpex-ml-10\" aria-hidden=\"true\"><div class=\"vcex-toggle__icon-open wpex-flex wpex-flex-col wpex-items-center\"><svg xmlns=\"http:\/\/www.w3.org\/2000\/svg\" height=\"1.5em\" viewBox=\"0 0 24 24\" width=\"1.5em\" fill=\"currentColor\"><path d=\"M0 0h24v24H0V0z\" fill=\"none\"\/><path d=\"M24 24H0V0h24v24z\" fill=\"none\" opacity=\".87\"\/><path d=\"M16.59 8.59L12 13.17 7.41 8.59 6 10l6 6 6-6-1.41-1.41z\"\/><\/svg><\/div><div class=\"vcex-toggle__icon-close wpex-flex wpex-flex-col wpex-items-center\"><svg xmlns=\"http:\/\/www.w3.org\/2000\/svg\" height=\"1.5em\" viewBox=\"0 0 24 24\" width=\"1.5em\" fill=\"currentColor\" class=\"vcex-toggle__icon-close\"><path d=\"M0 0h24v24H0V0z\" fill=\"none\"\/><path d=\"M12 8l-6 6 1.41 1.41L12 10.83l4.59 4.58L18 14l-6-6z\"\/><\/svg><\/div><\/div><h4 class=\"vcex-toggle__title wpex-mr-auto\">Hoe kom je achter de prijs van voertuigtransport?<\/h4><\/a><\/div><div id=\"hoe-kom-je-achter-de-prijs-van-voertuigtransport\" class=\"vcex-toggle__content wpex-last-mb-0 wpex-my-10 wpex-clr\">U kunt de prijs van het <strong>autotransport<\/strong> te weten komen door online een offerte aan te vragen op ons hoofdformulier of door te bellen naar onze klantenservice. Het enige wat u hoeft te doen is het type voertuig invullen, of het al dan niet wordt verplaatst en de herkomst en bestemming van het autotransport.<\/div><\/div><style>.vcex-toggle.vcex_6a08f401a6068 .vcex-toggle__heading{font-size:1.4em;}.vcex-toggle.vcex_6a08f401a6068 .vcex-toggle__content{font-size:16px;}<\/style><div class=\"vcex-toggle vcex-module vcex_6a08f401a6068\" data-animate=\"true\" data-duration=\"300\"><div class=\"vcex-toggle__heading\"><a href=\"#wat-kan-ik-bewegen-als-ik-een-voertuigtransport-aanvraag\" class=\"vcex-toggle__trigger wpex-flex wpex-items-center wpex-transition-colors wpex-flex-row-reverse\" aria-expanded=\"false\" aria-controls=\"wat-kan-ik-bewegen-als-ik-een-voertuigtransport-aanvraag\"><div class=\"vcex-toggle__icon wpex-ml-10\" aria-hidden=\"true\"><div class=\"vcex-toggle__icon-open wpex-flex wpex-flex-col wpex-items-center\"><svg xmlns=\"http:\/\/www.w3.org\/2000\/svg\" height=\"1.5em\" viewBox=\"0 0 24 24\" width=\"1.5em\" fill=\"currentColor\"><path d=\"M0 0h24v24H0V0z\" fill=\"none\"\/><path d=\"M24 24H0V0h24v24z\" fill=\"none\" opacity=\".87\"\/><path d=\"M16.59 8.59L12 13.17 7.41 8.59 6 10l6 6 6-6-1.41-1.41z\"\/><\/svg><\/div><div class=\"vcex-toggle__icon-close wpex-flex wpex-flex-col wpex-items-center\"><svg xmlns=\"http:\/\/www.w3.org\/2000\/svg\" height=\"1.5em\" viewBox=\"0 0 24 24\" width=\"1.5em\" fill=\"currentColor\" class=\"vcex-toggle__icon-close\"><path d=\"M0 0h24v24H0V0z\" fill=\"none\"\/><path d=\"M12 8l-6 6 1.41 1.41L12 10.83l4.59 4.58L18 14l-6-6z\"\/><\/svg><\/div><\/div><h4 class=\"vcex-toggle__title wpex-mr-auto\">Wat kan ik bewegen als ik een voertuigtransport aanvraag?<\/h4><\/a><\/div><div id=\"wat-kan-ik-bewegen-als-ik-een-voertuigtransport-aanvraag\" class=\"vcex-toggle__content wpex-last-mb-0 wpex-my-10 wpex-clr\">Bij cartransporteurope bieden wij u alle soorten <strong>autotransport<\/strong>, waaronder a<strong>uto&#8217;s, motoren en bestelwagen<\/strong>s. Zowel \u00e9\u00e9n voor \u00e9\u00e9n als in groepsverband.<\/div><\/div><style>.vcex-toggle.vcex_6a08f401a62e7 .vcex-toggle__heading{font-size:1.4em;}.vcex-toggle.vcex_6a08f401a62e7 .vcex-toggle__content{font-size:16px;}<\/style><div class=\"vcex-toggle vcex-module vcex_6a08f401a62e7\" data-animate=\"true\" data-duration=\"300\"><div class=\"vcex-toggle__heading\"><a href=\"#tussen-welke-punten-kan-ik-een-voertuigtransport-uitvoeren\" class=\"vcex-toggle__trigger wpex-flex wpex-items-center wpex-transition-colors wpex-flex-row-reverse\" aria-expanded=\"false\" aria-controls=\"tussen-welke-punten-kan-ik-een-voertuigtransport-uitvoeren\"><div class=\"vcex-toggle__icon wpex-ml-10\" aria-hidden=\"true\"><div class=\"vcex-toggle__icon-open wpex-flex wpex-flex-col wpex-items-center\"><svg xmlns=\"http:\/\/www.w3.org\/2000\/svg\" height=\"1.5em\" viewBox=\"0 0 24 24\" width=\"1.5em\" fill=\"currentColor\"><path d=\"M0 0h24v24H0V0z\" fill=\"none\"\/><path d=\"M24 24H0V0h24v24z\" fill=\"none\" opacity=\".87\"\/><path d=\"M16.59 8.59L12 13.17 7.41 8.59 6 10l6 6 6-6-1.41-1.41z\"\/><\/svg><\/div><div class=\"vcex-toggle__icon-close wpex-flex wpex-flex-col wpex-items-center\"><svg xmlns=\"http:\/\/www.w3.org\/2000\/svg\" height=\"1.5em\" viewBox=\"0 0 24 24\" width=\"1.5em\" fill=\"currentColor\" class=\"vcex-toggle__icon-close\"><path d=\"M0 0h24v24H0V0z\" fill=\"none\"\/><path d=\"M12 8l-6 6 1.41 1.41L12 10.83l4.59 4.58L18 14l-6-6z\"\/><\/svg><\/div><\/div><h4 class=\"vcex-toggle__title wpex-mr-auto\">Tussen welke punten kan ik een voertuigtransport uitvoeren?<\/h4><\/a><\/div><div id=\"tussen-welke-punten-kan-ik-een-voertuigtransport-uitvoeren\" class=\"vcex-toggle__content wpex-last-mb-0 wpex-my-10 wpex-clr\">In ons autotransportbedrijf verplaatsen wij auto&#8217;s binnen elk punt van het Spaanse nationale grondgebied. Daarnaast voeren wij internationaal autotransport uit vanuit bijna elk punt van de continentale Europese Unie naar Spanje en vice versa.<\/div><\/div><\/div>[\/vc_column][\/vc_row]\n<\/section>","protected":false},"excerpt":{"rendered":"<p>[vc_row remove_bottom_col_margin=&#8221;true&#8221; css=&#8221;.vc_custom_1678695725688{padding-top: 60px !important;padding-bottom: 70px !important;}&#8221; local_scroll_id=&#8221;faq&#8221;][vc_column][vc_column_text font_weight=&#8221;300&#8243; width=&#8221;900&#8243; font_size=&#8221;16px&#8221;]Heeft u vragen? Bekijk onze rubriek veelgestelde vragen of neem contact met ons op. Wij adviseren u graag en bieden u altijd de beste oplossing voor u. Bij cartransporteurope garanderen wij u de beste auto, motor en andere voertuigtransporten in Spanje. Volle ladingen auto&#8217;s[\/vc_column_text][\/vc_column][\/vc_row]<\/p>\n","protected":false},"author":7,"featured_media":0,"parent":0,"menu_order":0,"comment_status":"closed","ping_status":"closed","template":"","meta":{"content-type":"","_monsterinsights_skip_tracking":false,"_monsterinsights_sitenote_active":false,"_monsterinsights_sitenote_note":"","_monsterinsights_sitenote_category":0,"footnotes":""},"class_list":["post-5238","page","type-page","status-publish","hentry","entry","no-media"],"yoast_head":"<!-- This site is optimized with the Yoast SEO plugin v27.3 - https:\/\/yoast.com\/product\/yoast-seo-wordpress\/ -->\n<title>Faq - Car Transport Europe<\/title>\n<meta name=\"robots\" content=\"index, follow, max-snippet:-1, max-image-preview:large, max-video-preview:-1\" \/>\n<link rel=\"canonical\" href=\"https:\/\/www.cartransporteurope.com\/nl\/faqnl\/\" \/>\n<meta property=\"og:locale\" content=\"nl_NL\" \/>\n<meta property=\"og:type\" content=\"article\" \/>\n<meta property=\"og:title\" content=\"Faq - Car Transport Europe\" \/>\n<meta property=\"og:description\" content=\"[vc_row remove_bottom_col_margin=&#8221;true&#8221; css=&#8221;.vc_custom_1678695725688{padding-top: 60px !important;padding-bottom: 70px !important;}&#8221; local_scroll_id=&#8221;faq&#8221;][vc_column][vc_column_text font_weight=&#8221;300&#8243; width=&#8221;900&#8243; font_size=&#8221;16px&#8221;]Heeft u vragen? Bekijk onze rubriek veelgestelde vragen of neem contact met ons op. Wij adviseren u graag en bieden u altijd de beste oplossing voor u. Bij cartransporteurope garanderen wij u de beste auto, motor en andere voertuigtransporten in Spanje. Volle ladingen auto&#8217;s[\/vc_column_text][\/vc_column][\/vc_row]\" \/>\n<meta property=\"og:url\" content=\"https:\/\/www.cartransporteurope.com\/nl\/faqnl\/\" \/>\n<meta property=\"og:site_name\" content=\"Car Transport Europe\" \/>\n<meta property=\"article:modified_time\" content=\"2023-04-12T09:25:44+00:00\" \/>\n<meta name=\"twitter:card\" content=\"summary_large_image\" \/>\n<meta name=\"twitter:label1\" content=\"Geschatte leestijd\" \/>\n\t<meta name=\"twitter:data1\" content=\"1 minuut\" \/>\n<script type=\"application\/ld+json\" class=\"yoast-schema-graph\">{\"@context\":\"https:\\\/\\\/schema.org\",\"@graph\":[{\"@type\":\"WebPage\",\"@id\":\"https:\\\/\\\/www.cartransporteurope.com\\\/nl\\\/faqnl\\\/\",\"url\":\"https:\\\/\\\/www.cartransporteurope.com\\\/nl\\\/faqnl\\\/\",\"name\":\"Faq - Car Transport Europe\",\"isPartOf\":{\"@id\":\"https:\\\/\\\/www.cartransporteurope.com\\\/nl\\\/#website\"},\"datePublished\":\"2023-03-30T08:36:25+00:00\",\"dateModified\":\"2023-04-12T09:25:44+00:00\",\"breadcrumb\":{\"@id\":\"https:\\\/\\\/www.cartransporteurope.com\\\/nl\\\/faqnl\\\/#breadcrumb\"},\"inLanguage\":\"nl-NL\",\"potentialAction\":[{\"@type\":\"ReadAction\",\"target\":[\"https:\\\/\\\/www.cartransporteurope.com\\\/nl\\\/faqnl\\\/\"]}]},{\"@type\":\"BreadcrumbList\",\"@id\":\"https:\\\/\\\/www.cartransporteurope.com\\\/nl\\\/faqnl\\\/#breadcrumb\",\"itemListElement\":[{\"@type\":\"ListItem\",\"position\":1,\"name\":\"Portada\",\"item\":\"https:\\\/\\\/www.cartransporteurope.com\\\/nl\\\/\"},{\"@type\":\"ListItem\",\"position\":2,\"name\":\"Faq\"}]},{\"@type\":\"WebSite\",\"@id\":\"https:\\\/\\\/www.cartransporteurope.com\\\/nl\\\/#website\",\"url\":\"https:\\\/\\\/www.cartransporteurope.com\\\/nl\\\/\",\"name\":\"Car Transport Europe\",\"description\":\"\",\"publisher\":{\"@id\":\"https:\\\/\\\/www.cartransporteurope.com\\\/nl\\\/#organization\"},\"potentialAction\":[{\"@type\":\"SearchAction\",\"target\":{\"@type\":\"EntryPoint\",\"urlTemplate\":\"https:\\\/\\\/www.cartransporteurope.com\\\/nl\\\/?s={search_term_string}\"},\"query-input\":{\"@type\":\"PropertyValueSpecification\",\"valueRequired\":true,\"valueName\":\"search_term_string\"}}],\"inLanguage\":\"nl-NL\"},{\"@type\":\"Organization\",\"@id\":\"https:\\\/\\\/www.cartransporteurope.com\\\/nl\\\/#organization\",\"name\":\"Car Transport Europe\",\"url\":\"https:\\\/\\\/www.cartransporteurope.com\\\/nl\\\/\",\"logo\":{\"@type\":\"ImageObject\",\"inLanguage\":\"nl-NL\",\"@id\":\"https:\\\/\\\/www.cartransporteurope.com\\\/nl\\\/#\\\/schema\\\/logo\\\/image\\\/\",\"url\":\"https:\\\/\\\/www.cartransporteurope.com\\\/wp-content\\\/uploads\\\/2023\\\/03\\\/Logo-Car-Transport-Europe.png\",\"contentUrl\":\"https:\\\/\\\/www.cartransporteurope.com\\\/wp-content\\\/uploads\\\/2023\\\/03\\\/Logo-Car-Transport-Europe.png\",\"width\":764,\"height\":252,\"caption\":\"Car Transport Europe\"},\"image\":{\"@id\":\"https:\\\/\\\/www.cartransporteurope.com\\\/nl\\\/#\\\/schema\\\/logo\\\/image\\\/\"}}]}<\/script>\n<!-- \/ Yoast SEO plugin. -->","yoast_head_json":{"title":"Faq - Car Transport Europe","robots":{"index":"index","follow":"follow","max-snippet":"max-snippet:-1","max-image-preview":"max-image-preview:large","max-video-preview":"max-video-preview:-1"},"canonical":"https:\/\/www.cartransporteurope.com\/nl\/faqnl\/","og_locale":"nl_NL","og_type":"article","og_title":"Faq - Car Transport Europe","og_description":"[vc_row remove_bottom_col_margin=&#8221;true&#8221; css=&#8221;.vc_custom_1678695725688{padding-top: 60px !important;padding-bottom: 70px !important;}&#8221; local_scroll_id=&#8221;faq&#8221;][vc_column][vc_column_text font_weight=&#8221;300&#8243; width=&#8221;900&#8243; font_size=&#8221;16px&#8221;]Heeft u vragen? Bekijk onze rubriek veelgestelde vragen of neem contact met ons op. Wij adviseren u graag en bieden u altijd de beste oplossing voor u. Bij cartransporteurope garanderen wij u de beste auto, motor en andere voertuigtransporten in Spanje. Volle ladingen auto&#8217;s[\/vc_column_text][\/vc_column][\/vc_row]","og_url":"https:\/\/www.cartransporteurope.com\/nl\/faqnl\/","og_site_name":"Car Transport Europe","article_modified_time":"2023-04-12T09:25:44+00:00","twitter_card":"summary_large_image","twitter_misc":{"Geschatte leestijd":"1 minuut"},"schema":{"@context":"https:\/\/schema.org","@graph":[{"@type":"WebPage","@id":"https:\/\/www.cartransporteurope.com\/nl\/faqnl\/","url":"https:\/\/www.cartransporteurope.com\/nl\/faqnl\/","name":"Faq - Car Transport Europe","isPartOf":{"@id":"https:\/\/www.cartransporteurope.com\/nl\/#website"},"datePublished":"2023-03-30T08:36:25+00:00","dateModified":"2023-04-12T09:25:44+00:00","breadcrumb":{"@id":"https:\/\/www.cartransporteurope.com\/nl\/faqnl\/#breadcrumb"},"inLanguage":"nl-NL","potentialAction":[{"@type":"ReadAction","target":["https:\/\/www.cartransporteurope.com\/nl\/faqnl\/"]}]},{"@type":"BreadcrumbList","@id":"https:\/\/www.cartransporteurope.com\/nl\/faqnl\/#breadcrumb","itemListElement":[{"@type":"ListItem","position":1,"name":"Portada","item":"https:\/\/www.cartransporteurope.com\/nl\/"},{"@type":"ListItem","position":2,"name":"Faq"}]},{"@type":"WebSite","@id":"https:\/\/www.cartransporteurope.com\/nl\/#website","url":"https:\/\/www.cartransporteurope.com\/nl\/","name":"Car Transport Europe","description":"","publisher":{"@id":"https:\/\/www.cartransporteurope.com\/nl\/#organization"},"potentialAction":[{"@type":"SearchAction","target":{"@type":"EntryPoint","urlTemplate":"https:\/\/www.cartransporteurope.com\/nl\/?s={search_term_string}"},"query-input":{"@type":"PropertyValueSpecification","valueRequired":true,"valueName":"search_term_string"}}],"inLanguage":"nl-NL"},{"@type":"Organization","@id":"https:\/\/www.cartransporteurope.com\/nl\/#organization","name":"Car Transport Europe","url":"https:\/\/www.cartransporteurope.com\/nl\/","logo":{"@type":"ImageObject","inLanguage":"nl-NL","@id":"https:\/\/www.cartransporteurope.com\/nl\/#\/schema\/logo\/image\/","url":"https:\/\/www.cartransporteurope.com\/wp-content\/uploads\/2023\/03\/Logo-Car-Transport-Europe.png","contentUrl":"https:\/\/www.cartransporteurope.com\/wp-content\/uploads\/2023\/03\/Logo-Car-Transport-Europe.png","width":764,"height":252,"caption":"Car Transport Europe"},"image":{"@id":"https:\/\/www.cartransporteurope.com\/nl\/#\/schema\/logo\/image\/"}}]}},"_links":{"self":[{"href":"https:\/\/www.cartransporteurope.com\/nl\/wp-json\/wp\/v2\/pages\/5238","targetHints":{"allow":["GET"]}}],"collection":[{"href":"https:\/\/www.cartransporteurope.com\/nl\/wp-json\/wp\/v2\/pages"}],"about":[{"href":"https:\/\/www.cartransporteurope.com\/nl\/wp-json\/wp\/v2\/types\/page"}],"author":[{"embeddable":true,"href":"https:\/\/www.cartransporteurope.com\/nl\/wp-json\/wp\/v2\/users\/7"}],"replies":[{"embeddable":true,"href":"https:\/\/www.cartransporteurope.com\/nl\/wp-json\/wp\/v2\/comments?post=5238"}],"version-history":[{"count":10,"href":"https:\/\/www.cartransporteurope.com\/nl\/wp-json\/wp\/v2\/pages\/5238\/revisions"}],"predecessor-version":[{"id":5391,"href":"https:\/\/www.cartransporteurope.com\/nl\/wp-json\/wp\/v2\/pages\/5238\/revisions\/5391"}],"wp:attachment":[{"href":"https:\/\/www.cartransporteurope.com\/nl\/wp-json\/wp\/v2\/media?parent=5238"}],"curies":[{"name":"wp","href":"https:\/\/api.w.org\/{rel}","templated":true}]}}