{"id":5295,"date":"2023-03-10T09:11:12","date_gmt":"2023-03-10T09:11:12","guid":{"rendered":"https:\/\/www.cartransporteurope.com\/kontakt\/"},"modified":"2026-02-02T17:26:02","modified_gmt":"2026-02-02T17:26:02","slug":"kontaktnr","status":"publish","type":"page","link":"https:\/\/www.cartransporteurope.com\/no\/kontaktnr\/","title":{"rendered":"Kontakt"},"content":{"rendered":"<section class=\"wpb-content-wrapper\">[vc_row full_width=&#8221;stretch_row_content_no_spaces&#8221;][vc_column][vc_gmaps link=&#8221;#E-8_JTNDaWZyYW1lJTIwc3JjJTNEJTIyaHR0cHMlM0ElMkYlMkZ3d3cuZ29vZ2xlLmNvbSUyRm1hcHMlMkZlbWJlZCUzRnBiJTNEJTIxMW0xOCUyMTFtMTIlMjExbTMlMjExZDMxOTcuMzk3NzYxNjIwOTg3JTIxMmQtMy42ODQ5MjYxJTIxM2QzNi43MzcwMjI0OTk5OTk5OTUlMjEybTMlMjExZjAlMjEyZjAlMjEzZjAlMjEzbTIlMjExaTEwMjQlMjEyaTc2OCUyMTRmMTMuMSUyMTNtMyUyMTFtMiUyMTFzMHhkNzE4ODk3OWU1NjRlZjElMjUzQTB4MjMzZDUyODdmN2NlNDYxNyUyMTJzQ2FtLiUyNTIwUmVhbCUyNTIwZGUlMjUyME1vdHJpbCUyNTJDJTI1MjA2JTI1MkMlMjUyMDE4NjkwJTI1MjBBbG11JTI1QzMlMjVCMSUyNUMzJTI1QTljYXIlMjUyQyUyNTIwR3JhbmFkYSUyMTVlMCUyMTNtMiUyMTFzZXMlMjEyc2VzJTIxNHYxNjgxMjk5NzQ3MjQ1JTIxNW0yJTIxMXNlcyUyMTJzZXMlMjIlMjB3aWR0aCUzRCUyMjYwMCUyMiUyMGhlaWdodCUzRCUyMjQ1MCUyMiUyMHN0eWxlJTNEJTIyYm9yZGVyJTNBMCUzQiUyMiUyMGFsbG93ZnVsbHNjcmVlbiUzRCUyMiUyMiUyMGxvYWRpbmclM0QlMjJsYXp5JTIyJTIwcmVmZXJyZXJwb2xpY3klM0QlMjJuby1yZWZlcnJlci13aGVuLWRvd25ncmFkZSUyMiUzRSUzQyUyRmlmcmFtZSUzRQ==&#8221;][\/vc_column][\/vc_row][vc_row][vc_column width=&#8221;1\/2&#8243;]\n<div class=\"wpcf7 no-js\" id=\"wpcf7-f5279-o1\" lang=\"no-NO\" dir=\"ltr\" data-wpcf7-id=\"5279\">\n<div class=\"screen-reader-response\"><p role=\"status\" aria-live=\"polite\" aria-atomic=\"true\"><\/p> <ul><\/ul><\/div>\n<form action=\"\/no\/wp-json\/wp\/v2\/pages\/5295#wpcf7-f5279-o1\" method=\"post\" class=\"wpcf7-form init\" aria-label=\"Contact form\" novalidate=\"novalidate\" data-status=\"init\">\n<fieldset class=\"hidden-fields-container\"><input type=\"hidden\" name=\"_wpcf7\" value=\"5279\" \/><input type=\"hidden\" name=\"_wpcf7_version\" value=\"6.1.5\" \/><input type=\"hidden\" name=\"_wpcf7_locale\" value=\"no_NO\" \/><input type=\"hidden\" name=\"_wpcf7_unit_tag\" value=\"wpcf7-f5279-o1\" \/><input type=\"hidden\" name=\"_wpcf7_container_post\" value=\"0\" \/><input type=\"hidden\" name=\"_wpcf7_posted_data_hash\" value=\"\" \/><input type=\"hidden\" name=\"_wpcf7_recaptcha_response\" value=\"\" \/>\n<\/fieldset>\n<p><label><br \/>\n<span class=\"wpcf7-form-control-wrap\" data-name=\"your-name\"><input size=\"40\" maxlength=\"400\" class=\"wpcf7-form-control wpcf7-text wpcf7-validates-as-required\" aria-required=\"true\" aria-invalid=\"false\" placeholder=\"Ditt navn\" value=\"\" type=\"text\" name=\"your-name\" \/><\/span> <\/label>\n<\/p>\n<p><label><br \/>\n<span class=\"wpcf7-form-control-wrap\" data-name=\"your-email\"><input size=\"40\" maxlength=\"400\" class=\"wpcf7-form-control wpcf7-email wpcf7-validates-as-required wpcf7-text wpcf7-validates-as-email\" aria-required=\"true\" aria-invalid=\"false\" placeholder=\"Din e-postadresse\" value=\"\" type=\"email\" name=\"your-email\" \/><\/span> <\/label>\n<\/p>\n<p><label><br \/>\n<span class=\"wpcf7-form-control-wrap\" data-name=\"your-subject\"><input size=\"40\" maxlength=\"400\" class=\"wpcf7-form-control wpcf7-text wpcf7-validates-as-required\" aria-required=\"true\" aria-invalid=\"false\" placeholder=\"Emne\" value=\"\" type=\"text\" name=\"your-subject\" \/><\/span> <\/label>\n<\/p>\n<p><label><br \/>\n<span class=\"wpcf7-form-control-wrap\" data-name=\"your-message\"><textarea cols=\"40\" rows=\"10\" maxlength=\"2000\" class=\"wpcf7-form-control wpcf7-textarea\" aria-invalid=\"false\" placeholder=\"Din melding (valgfritt)\" name=\"your-message\"><\/textarea><\/span> <\/label><br \/>\n&nbsp;<br \/>\n<span class=\"wpcf7-form-control-wrap\" data-name=\"acceptance-627\"><span class=\"wpcf7-form-control wpcf7-acceptance\"><span class=\"wpcf7-list-item\"><label><input type=\"checkbox\" name=\"acceptance-627\" value=\"1\" aria-invalid=\"false\" \/><span class=\"wpcf7-list-item-label\"><span style=\"font-weight:bold; color: black;\">JEG FORST\u00c5R OG AKSEPTERER<\/span> <span style=\" color: black;\">behandlingen av mine opplysninger som beskrevet ovenfor og n\u00e6rmere forklart i den  <a rel=\"nofollow\" target=\"_blank\" href=\"\/no\/retningslinjer-for-personvern\/\" style=\"color:#1e73be\">Retningslinjer for personvernRetningslinjer for personvern<\/a>. (Hvis du nekter \u00e5 gi oss denne tillatelsen, inneb\u00e6rer det at vi ikke kan behandle opplysningene dine til det angitte form\u00e5let). <\/span><\/span><\/label><\/span><\/span><\/span><br \/>\n&nbsp;<br \/>\n<input class=\"wpcf7-form-control wpcf7-submit has-spinner\" type=\"submit\" value=\"Send\" \/>\n<\/p><div class=\"wpcf7-response-output\" aria-hidden=\"true\"><\/div>\n<\/form>\n<\/div>\n[\/vc_column][vc_column width=&#8221;1\/2&#8243;][vc_column_text]\n<h2 class=\"vcex-heading vcex-module wpex-text-2xl wpex-font-normal wpex-m-auto wpex-max-w-100 vcex-heading-plain wpex-block wpex-mb-30\"><span class=\"vcex-heading-inner wpex-inline-block wpex-clr\">Ikke n\u00f8l med \u00e5 kontakte oss for enhver foresp\u00f8rsel, vi vil svare p\u00e5 foresp\u00f8rselen din s\u00e5 snart som mulig.<\/span><\/h2>\n<div class=\"wpb_text_column wpb_content_element \">\n<div class=\"wpb_wrapper\">\n<p>&nbsp;<\/p>\n<\/div>\n<\/div>\n[\/vc_column_text]<style>.vcex-flex-container_6a08f699981fd{gap:40px;}<\/style><div class=\"vcex-flex-container vcex-module wpex-flex wpex-gap-20 wpex-flex-wrap vcex-flex-container--items_grow wpex-items-center wpex-justify-between vcex-flex-container_6a08f699981fd\"><div class=\"vcex-module vcex-icon-box vcex-icon-box-one wpex-flex wpex-text-left\"><div class=\"vcex-icon-box-symbol wpex-flex-shrink-0 wpex-mr-20\"><div class=\"vcex-icon-box-icon wpex-inline-flex wpex-items-center wpex-justify-center wpex-child-inherit-color wpex-text-center wpex-leading-none wpex-text-1\" style=\"color:#1e73be;font-size:40px;\"><span class=\"ticon ticon-map-marker\" aria-hidden=\"true\"><\/span><\/div><\/div><div class=\"vcex-icon-box-text wpex-flex-grow\"><h2 class=\"vcex-icon-box-heading wpex-heading wpex-text-md wpex-mb-10\" style=\"color:#3f3f3f;--wpex-hover-heading-link-color:#3f3f3f;font-size:1.4em;margin-bottom:0px;\">Beliggenhet<\/h2><div class=\"vcex-icon-box-content wpex-last-mb-0 wpex-clr\" style=\"color:#3f3f3f;font-size:1.2em;\"><p>Cam. Real de Motril, 6, 18690 Almu\u00f1\u00e9car<\/p>\n<\/div><\/div><\/div><div class=\"vcex-module vcex-icon-box vcex-icon-box-one wpex-flex wpex-text-left\"><div class=\"vcex-icon-box-symbol wpex-flex-shrink-0 wpex-mr-20\"><div class=\"vcex-icon-box-icon wpex-inline-flex wpex-items-center wpex-justify-center wpex-child-inherit-color wpex-text-center wpex-leading-none wpex-text-1\" style=\"color:#1e73be;font-size:40px;\"><span class=\"ticon ticon-phone\" aria-hidden=\"true\"><\/span><\/div><\/div><div class=\"vcex-icon-box-text wpex-flex-grow\"><h2 class=\"vcex-icon-box-heading wpex-heading wpex-text-md wpex-mb-10\" style=\"color:#3f3f3f;--wpex-hover-heading-link-color:#3f3f3f;font-size:1.4em;margin-bottom:0px;\">Telefonnummer for kontakt<\/h2><div class=\"vcex-icon-box-content wpex-last-mb-0 wpex-clr\" style=\"color:#3f3f3f;font-size:1.2em;\"><p>+34 685 763 009<\/p>\n<\/div><\/div><\/div><div class=\"vcex-module vcex-icon-box vcex-icon-box-one wpex-flex wpex-text-left\"><div class=\"vcex-icon-box-symbol wpex-flex-shrink-0 wpex-mr-20\"><div class=\"vcex-icon-box-icon wpex-inline-flex wpex-items-center wpex-justify-center wpex-child-inherit-color wpex-text-center wpex-leading-none wpex-text-1\" style=\"color:#1e73be;font-size:40px;\"><span class=\"ticon ticon-envelope-o\" aria-hidden=\"true\"><\/span><\/div><\/div><div class=\"vcex-icon-box-text wpex-flex-grow\"><h2 class=\"vcex-icon-box-heading wpex-heading wpex-text-md wpex-mb-10\" style=\"color:#3f3f3f;--wpex-hover-heading-link-color:#3f3f3f;font-size:1.4em;margin-bottom:0px;\">Kontakt e-post<\/h2><div class=\"vcex-icon-box-content wpex-last-mb-0 wpex-clr\" style=\"color:#3f3f3f;font-size:1.2em;\"><p>support@cartransporteurope.com<\/p>\n<\/div><\/div><\/div><\/div>[\/vc_column][\/vc_row][vc_row full_width=&#8221;stretch_row&#8221; remove_bottom_col_margin=&#8221;true&#8221; css=&#8221;.vc_custom_1627255795152{padding-top: 80px !important;padding-bottom: 80px !important;background-color: #222222 !important;}&#8221;][vc_column][\/vc_column][\/vc_row]\n<\/section>","protected":false},"excerpt":{"rendered":"<p>[vc_row full_width=&#8221;stretch_row_content_no_spaces&#8221;][vc_column][vc_gmaps link=&#8221;#E-8_JTNDaWZyYW1lJTIwc3JjJTNEJTIyaHR0cHMlM0ElMkYlMkZ3d3cuZ29vZ2xlLmNvbSUyRm1hcHMlMkZlbWJlZCUzRnBiJTNEJTIxMW0xOCUyMTFtMTIlMjExbTMlMjExZDMxOTcuMzk3NzYxNjIwOTg3JTIxMmQtMy42ODQ5MjYxJTIxM2QzNi43MzcwMjI0OTk5OTk5OTUlMjEybTMlMjExZjAlMjEyZjAlMjEzZjAlMjEzbTIlMjExaTEwMjQlMjEyaTc2OCUyMTRmMTMuMSUyMTNtMyUyMTFtMiUyMTFzMHhkNzE4ODk3OWU1NjRlZjElMjUzQTB4MjMzZDUyODdmN2NlNDYxNyUyMTJzQ2FtLiUyNTIwUmVhbCUyNTIwZGUlMjUyME1vdHJpbCUyNTJDJTI1MjA2JTI1MkMlMjUyMDE4NjkwJTI1MjBBbG11JTI1QzMlMjVCMSUyNUMzJTI1QTljYXIlMjUyQyUyNTIwR3JhbmFkYSUyMTVlMCUyMTNtMiUyMTFzZXMlMjEyc2VzJTIxNHYxNjgxMjk5NzQ3MjQ1JTIxNW0yJTIxMXNlcyUyMTJzZXMlMjIlMjB3aWR0aCUzRCUyMjYwMCUyMiUyMGhlaWdodCUzRCUyMjQ1MCUyMiUyMHN0eWxlJTNEJTIyYm9yZGVyJTNBMCUzQiUyMiUyMGFsbG93ZnVsbHNjcmVlbiUzRCUyMiUyMiUyMGxvYWRpbmclM0QlMjJsYXp5JTIyJTIwcmVmZXJyZXJwb2xpY3klM0QlMjJuby1yZWZlcnJlci13aGVuLWRvd25ncmFkZSUyMiUzRSUzQyUyRmlmcmFtZSUzRQ==&#8221;][\/vc_column][\/vc_row][vc_row][vc_column width=&#8221;1\/2&#8243;][\/vc_column][vc_column width=&#8221;1\/2&#8243;][vc_column_text] Ikke n\u00f8l med \u00e5 kontakte oss for enhver foresp\u00f8rsel, vi vil svare p\u00e5 foresp\u00f8rselen din s\u00e5 snart som mulig. &nbsp; [\/vc_column_text][\/vc_column][\/vc_row][vc_row full_width=&#8221;stretch_row&#8221; remove_bottom_col_margin=&#8221;true&#8221; css=&#8221;.vc_custom_1627255795152{padding-top: 80px !important;padding-bottom: 80px !important;background-color: #222222 !important;}&#8221;][vc_column][\/vc_column][\/vc_row]<\/p>\n","protected":false},"author":2,"featured_media":0,"parent":0,"menu_order":0,"comment_status":"closed","ping_status":"closed","template":"","meta":{"content-type":"","_monsterinsights_skip_tracking":false,"_monsterinsights_sitenote_active":false,"_monsterinsights_sitenote_note":"","_monsterinsights_sitenote_category":0,"footnotes":""},"class_list":["post-5295","page","type-page","status-publish","hentry","entry","no-media"],"yoast_head":"<!-- This site is optimized with the Yoast SEO plugin v27.3 - https:\/\/yoast.com\/product\/yoast-seo-wordpress\/ -->\n<title>Kontakt - Car Transport Europe<\/title>\n<meta name=\"robots\" content=\"index, follow, max-snippet:-1, max-image-preview:large, max-video-preview:-1\" \/>\n<link rel=\"canonical\" href=\"https:\/\/www.cartransporteurope.com\/no\/kontaktnr\/\" \/>\n<meta property=\"og:locale\" content=\"en_US\" \/>\n<meta property=\"og:type\" content=\"article\" \/>\n<meta property=\"og:title\" content=\"Kontakt - Car Transport Europe\" \/>\n<meta property=\"og:description\" content=\"[vc_row full_width=&#8221;stretch_row_content_no_spaces&#8221;][vc_column][vc_gmaps link=&#8221;#E-8_JTNDaWZyYW1lJTIwc3JjJTNEJTIyaHR0cHMlM0ElMkYlMkZ3d3cuZ29vZ2xlLmNvbSUyRm1hcHMlMkZlbWJlZCUzRnBiJTNEJTIxMW0xOCUyMTFtMTIlMjExbTMlMjExZDMxOTcuMzk3NzYxNjIwOTg3JTIxMmQtMy42ODQ5MjYxJTIxM2QzNi43MzcwMjI0OTk5OTk5OTUlMjEybTMlMjExZjAlMjEyZjAlMjEzZjAlMjEzbTIlMjExaTEwMjQlMjEyaTc2OCUyMTRmMTMuMSUyMTNtMyUyMTFtMiUyMTFzMHhkNzE4ODk3OWU1NjRlZjElMjUzQTB4MjMzZDUyODdmN2NlNDYxNyUyMTJzQ2FtLiUyNTIwUmVhbCUyNTIwZGUlMjUyME1vdHJpbCUyNTJDJTI1MjA2JTI1MkMlMjUyMDE4NjkwJTI1MjBBbG11JTI1QzMlMjVCMSUyNUMzJTI1QTljYXIlMjUyQyUyNTIwR3JhbmFkYSUyMTVlMCUyMTNtMiUyMTFzZXMlMjEyc2VzJTIxNHYxNjgxMjk5NzQ3MjQ1JTIxNW0yJTIxMXNlcyUyMTJzZXMlMjIlMjB3aWR0aCUzRCUyMjYwMCUyMiUyMGhlaWdodCUzRCUyMjQ1MCUyMiUyMHN0eWxlJTNEJTIyYm9yZGVyJTNBMCUzQiUyMiUyMGFsbG93ZnVsbHNjcmVlbiUzRCUyMiUyMiUyMGxvYWRpbmclM0QlMjJsYXp5JTIyJTIwcmVmZXJyZXJwb2xpY3klM0QlMjJuby1yZWZlcnJlci13aGVuLWRvd25ncmFkZSUyMiUzRSUzQyUyRmlmcmFtZSUzRQ==&#8221;][\/vc_column][\/vc_row][vc_row][vc_column width=&#8221;1\/2&#8243;][\/vc_column][vc_column width=&#8221;1\/2&#8243;][vc_column_text] Ikke n\u00f8l med \u00e5 kontakte oss for enhver foresp\u00f8rsel, vi vil svare p\u00e5 foresp\u00f8rselen din s\u00e5 snart som mulig. &nbsp; [\/vc_column_text][\/vc_column][\/vc_row][vc_row full_width=&#8221;stretch_row&#8221; remove_bottom_col_margin=&#8221;true&#8221; css=&#8221;.vc_custom_1627255795152{padding-top: 80px !important;padding-bottom: 80px !important;background-color: #222222 !important;}&#8221;][vc_column][\/vc_column][\/vc_row]\" \/>\n<meta property=\"og:url\" content=\"https:\/\/www.cartransporteurope.com\/no\/kontaktnr\/\" \/>\n<meta property=\"og:site_name\" content=\"Car Transport Europe\" \/>\n<meta property=\"article:modified_time\" content=\"2026-02-02T17:26:02+00:00\" \/>\n<meta name=\"twitter:card\" content=\"summary_large_image\" \/>\n<meta name=\"twitter:label1\" content=\"Est. reading time\" \/>\n\t<meta name=\"twitter:data1\" content=\"1 minute\" \/>\n<script type=\"application\/ld+json\" class=\"yoast-schema-graph\">{\"@context\":\"https:\\\/\\\/schema.org\",\"@graph\":[{\"@type\":\"WebPage\",\"@id\":\"https:\\\/\\\/www.cartransporteurope.com\\\/no\\\/kontaktnr\\\/\",\"url\":\"https:\\\/\\\/www.cartransporteurope.com\\\/no\\\/kontaktnr\\\/\",\"name\":\"Kontakt - Car Transport Europe\",\"isPartOf\":{\"@id\":\"https:\\\/\\\/www.cartransporteurope.com\\\/no\\\/#website\"},\"datePublished\":\"2023-03-10T09:11:12+00:00\",\"dateModified\":\"2026-02-02T17:26:02+00:00\",\"breadcrumb\":{\"@id\":\"https:\\\/\\\/www.cartransporteurope.com\\\/no\\\/kontaktnr\\\/#breadcrumb\"},\"inLanguage\":\"no-NO\",\"potentialAction\":[{\"@type\":\"ReadAction\",\"target\":[\"https:\\\/\\\/www.cartransporteurope.com\\\/no\\\/kontaktnr\\\/\"]}]},{\"@type\":\"BreadcrumbList\",\"@id\":\"https:\\\/\\\/www.cartransporteurope.com\\\/no\\\/kontaktnr\\\/#breadcrumb\",\"itemListElement\":[{\"@type\":\"ListItem\",\"position\":1,\"name\":\"Portada\",\"item\":\"https:\\\/\\\/www.cartransporteurope.com\\\/no\\\/\"},{\"@type\":\"ListItem\",\"position\":2,\"name\":\"Kontakt\"}]},{\"@type\":\"WebSite\",\"@id\":\"https:\\\/\\\/www.cartransporteurope.com\\\/no\\\/#website\",\"url\":\"https:\\\/\\\/www.cartransporteurope.com\\\/no\\\/\",\"name\":\"Car Transport Europe\",\"description\":\"\",\"publisher\":{\"@id\":\"https:\\\/\\\/www.cartransporteurope.com\\\/no\\\/#organization\"},\"potentialAction\":[{\"@type\":\"SearchAction\",\"target\":{\"@type\":\"EntryPoint\",\"urlTemplate\":\"https:\\\/\\\/www.cartransporteurope.com\\\/no\\\/?s={search_term_string}\"},\"query-input\":{\"@type\":\"PropertyValueSpecification\",\"valueRequired\":true,\"valueName\":\"search_term_string\"}}],\"inLanguage\":\"no-NO\"},{\"@type\":\"Organization\",\"@id\":\"https:\\\/\\\/www.cartransporteurope.com\\\/no\\\/#organization\",\"name\":\"Car Transport Europe\",\"url\":\"https:\\\/\\\/www.cartransporteurope.com\\\/no\\\/\",\"logo\":{\"@type\":\"ImageObject\",\"inLanguage\":\"no-NO\",\"@id\":\"https:\\\/\\\/www.cartransporteurope.com\\\/no\\\/#\\\/schema\\\/logo\\\/image\\\/\",\"url\":\"https:\\\/\\\/www.cartransporteurope.com\\\/wp-content\\\/uploads\\\/2023\\\/03\\\/Logo-Car-Transport-Europe.png\",\"contentUrl\":\"https:\\\/\\\/www.cartransporteurope.com\\\/wp-content\\\/uploads\\\/2023\\\/03\\\/Logo-Car-Transport-Europe.png\",\"width\":764,\"height\":252,\"caption\":\"Car Transport Europe\"},\"image\":{\"@id\":\"https:\\\/\\\/www.cartransporteurope.com\\\/no\\\/#\\\/schema\\\/logo\\\/image\\\/\"}}]}<\/script>\n<!-- \/ Yoast SEO plugin. -->","yoast_head_json":{"title":"Kontakt - Car Transport Europe","robots":{"index":"index","follow":"follow","max-snippet":"max-snippet:-1","max-image-preview":"max-image-preview:large","max-video-preview":"max-video-preview:-1"},"canonical":"https:\/\/www.cartransporteurope.com\/no\/kontaktnr\/","og_locale":"en_US","og_type":"article","og_title":"Kontakt - Car Transport Europe","og_description":"[vc_row full_width=&#8221;stretch_row_content_no_spaces&#8221;][vc_column][vc_gmaps link=&#8221;#E-8_JTNDaWZyYW1lJTIwc3JjJTNEJTIyaHR0cHMlM0ElMkYlMkZ3d3cuZ29vZ2xlLmNvbSUyRm1hcHMlMkZlbWJlZCUzRnBiJTNEJTIxMW0xOCUyMTFtMTIlMjExbTMlMjExZDMxOTcuMzk3NzYxNjIwOTg3JTIxMmQtMy42ODQ5MjYxJTIxM2QzNi43MzcwMjI0OTk5OTk5OTUlMjEybTMlMjExZjAlMjEyZjAlMjEzZjAlMjEzbTIlMjExaTEwMjQlMjEyaTc2OCUyMTRmMTMuMSUyMTNtMyUyMTFtMiUyMTFzMHhkNzE4ODk3OWU1NjRlZjElMjUzQTB4MjMzZDUyODdmN2NlNDYxNyUyMTJzQ2FtLiUyNTIwUmVhbCUyNTIwZGUlMjUyME1vdHJpbCUyNTJDJTI1MjA2JTI1MkMlMjUyMDE4NjkwJTI1MjBBbG11JTI1QzMlMjVCMSUyNUMzJTI1QTljYXIlMjUyQyUyNTIwR3JhbmFkYSUyMTVlMCUyMTNtMiUyMTFzZXMlMjEyc2VzJTIxNHYxNjgxMjk5NzQ3MjQ1JTIxNW0yJTIxMXNlcyUyMTJzZXMlMjIlMjB3aWR0aCUzRCUyMjYwMCUyMiUyMGhlaWdodCUzRCUyMjQ1MCUyMiUyMHN0eWxlJTNEJTIyYm9yZGVyJTNBMCUzQiUyMiUyMGFsbG93ZnVsbHNjcmVlbiUzRCUyMiUyMiUyMGxvYWRpbmclM0QlMjJsYXp5JTIyJTIwcmVmZXJyZXJwb2xpY3klM0QlMjJuby1yZWZlcnJlci13aGVuLWRvd25ncmFkZSUyMiUzRSUzQyUyRmlmcmFtZSUzRQ==&#8221;][\/vc_column][\/vc_row][vc_row][vc_column width=&#8221;1\/2&#8243;][\/vc_column][vc_column width=&#8221;1\/2&#8243;][vc_column_text] Ikke n\u00f8l med \u00e5 kontakte oss for enhver foresp\u00f8rsel, vi vil svare p\u00e5 foresp\u00f8rselen din s\u00e5 snart som mulig. &nbsp; [\/vc_column_text][\/vc_column][\/vc_row][vc_row full_width=&#8221;stretch_row&#8221; remove_bottom_col_margin=&#8221;true&#8221; css=&#8221;.vc_custom_1627255795152{padding-top: 80px !important;padding-bottom: 80px !important;background-color: #222222 !important;}&#8221;][vc_column][\/vc_column][\/vc_row]","og_url":"https:\/\/www.cartransporteurope.com\/no\/kontaktnr\/","og_site_name":"Car Transport Europe","article_modified_time":"2026-02-02T17:26:02+00:00","twitter_card":"summary_large_image","twitter_misc":{"Est. reading time":"1 minute"},"schema":{"@context":"https:\/\/schema.org","@graph":[{"@type":"WebPage","@id":"https:\/\/www.cartransporteurope.com\/no\/kontaktnr\/","url":"https:\/\/www.cartransporteurope.com\/no\/kontaktnr\/","name":"Kontakt - Car Transport Europe","isPartOf":{"@id":"https:\/\/www.cartransporteurope.com\/no\/#website"},"datePublished":"2023-03-10T09:11:12+00:00","dateModified":"2026-02-02T17:26:02+00:00","breadcrumb":{"@id":"https:\/\/www.cartransporteurope.com\/no\/kontaktnr\/#breadcrumb"},"inLanguage":"no-NO","potentialAction":[{"@type":"ReadAction","target":["https:\/\/www.cartransporteurope.com\/no\/kontaktnr\/"]}]},{"@type":"BreadcrumbList","@id":"https:\/\/www.cartransporteurope.com\/no\/kontaktnr\/#breadcrumb","itemListElement":[{"@type":"ListItem","position":1,"name":"Portada","item":"https:\/\/www.cartransporteurope.com\/no\/"},{"@type":"ListItem","position":2,"name":"Kontakt"}]},{"@type":"WebSite","@id":"https:\/\/www.cartransporteurope.com\/no\/#website","url":"https:\/\/www.cartransporteurope.com\/no\/","name":"Car Transport Europe","description":"","publisher":{"@id":"https:\/\/www.cartransporteurope.com\/no\/#organization"},"potentialAction":[{"@type":"SearchAction","target":{"@type":"EntryPoint","urlTemplate":"https:\/\/www.cartransporteurope.com\/no\/?s={search_term_string}"},"query-input":{"@type":"PropertyValueSpecification","valueRequired":true,"valueName":"search_term_string"}}],"inLanguage":"no-NO"},{"@type":"Organization","@id":"https:\/\/www.cartransporteurope.com\/no\/#organization","name":"Car Transport Europe","url":"https:\/\/www.cartransporteurope.com\/no\/","logo":{"@type":"ImageObject","inLanguage":"no-NO","@id":"https:\/\/www.cartransporteurope.com\/no\/#\/schema\/logo\/image\/","url":"https:\/\/www.cartransporteurope.com\/wp-content\/uploads\/2023\/03\/Logo-Car-Transport-Europe.png","contentUrl":"https:\/\/www.cartransporteurope.com\/wp-content\/uploads\/2023\/03\/Logo-Car-Transport-Europe.png","width":764,"height":252,"caption":"Car Transport Europe"},"image":{"@id":"https:\/\/www.cartransporteurope.com\/no\/#\/schema\/logo\/image\/"}}]}},"_links":{"self":[{"href":"https:\/\/www.cartransporteurope.com\/no\/wp-json\/wp\/v2\/pages\/5295","targetHints":{"allow":["GET"]}}],"collection":[{"href":"https:\/\/www.cartransporteurope.com\/no\/wp-json\/wp\/v2\/pages"}],"about":[{"href":"https:\/\/www.cartransporteurope.com\/no\/wp-json\/wp\/v2\/types\/page"}],"author":[{"embeddable":true,"href":"https:\/\/www.cartransporteurope.com\/no\/wp-json\/wp\/v2\/users\/2"}],"replies":[{"embeddable":true,"href":"https:\/\/www.cartransporteurope.com\/no\/wp-json\/wp\/v2\/comments?post=5295"}],"version-history":[{"count":5,"href":"https:\/\/www.cartransporteurope.com\/no\/wp-json\/wp\/v2\/pages\/5295\/revisions"}],"predecessor-version":[{"id":5421,"href":"https:\/\/www.cartransporteurope.com\/no\/wp-json\/wp\/v2\/pages\/5295\/revisions\/5421"}],"wp:attachment":[{"href":"https:\/\/www.cartransporteurope.com\/no\/wp-json\/wp\/v2\/media?parent=5295"}],"curies":[{"name":"wp","href":"https:\/\/api.w.org\/{rel}","templated":true}]}}