{"id":5322,"date":"2023-03-30T08:36:25","date_gmt":"2023-03-30T08:36:25","guid":{"rendered":"https:\/\/www.cartransporteurope.com\/faq\/"},"modified":"2023-04-12T09:26:15","modified_gmt":"2023-04-12T09:26:15","slug":"faqnr","status":"publish","type":"page","link":"https:\/\/www.cartransporteurope.com\/no\/faqnr\/","title":{"rendered":"Faq"},"content":{"rendered":"<section class=\"wpb-content-wrapper\">[vc_row remove_bottom_col_margin=&#8221;true&#8221; css=&#8221;.vc_custom_1678695725688{padding-top: 60px !important;padding-bottom: 70px !important;}&#8221; local_scroll_id=&#8221;faq&#8221;][vc_column]<style>.vcex-heading.vcex_6a08f5113230e{font-size:30px;font-weight:700;text-transform:uppercase;}<\/style><h2 class=\"vcex-heading vcex-heading-plain vcex-module wpex-text-2xl wpex-font-normal wpex-mb-10 wpex-text-center vcex_6a08f5113230e\"><span class=\"vcex-heading-inner wpex-inline-block\">Ofte stilte sp\u00f8rsm\u00e5l<\/span><\/h2><div class=\"vcex-module vcex-divider vcex-divider-solid vcex-divider-center wpex-mx-auto wpex-max-w-100 wpex-block wpex-h-0 wpex-border-b wpex-border-solid wpex-border-main\" style=\"width:10%;margin-bottom:20px;border-bottom-width:5px;border-color:#424242;\"><\/div>[vc_column_text font_weight=&#8221;300&#8243; width=&#8221;900&#8243; font_size=&#8221;16px&#8221;]Er du i tvil? Se v\u00e5r FAQ-seksjon eller kontakt oss. Vi gir deg gjerne r\u00e5d og tilbyr alltid den beste l\u00f8sningen for deg. Hos cartransporteurope garanterer vi deg den beste transporttjenesten for bil, motorsykkel og andre kj\u00f8ret\u00f8y i Spania.<br \/>\nFull last av biler[\/vc_column_text]<div class=\"vcex-spacing wpex-w-100 wpex-clear\"><\/div><style>.vcex-toggle-group.vcex_6a08f51132f38{max-width:700px;}<\/style><div class=\"vcex-toggle-group vcex-toggle-group--w-borders vcex-module wpex-mx-auto wpex-last-border-none vcex_6a08f51132f38\"><style>.vcex-toggle.vcex_6a08f511331ba .vcex-toggle__heading{font-size:1.4em;}.vcex-toggle.vcex_6a08f511331ba .vcex-toggle__content{font-size:16px;}<\/style><div class=\"vcex-toggle vcex-module vcex-toggle--active vcex_6a08f511331ba\" data-animate=\"true\" data-duration=\"300\"><div class=\"vcex-toggle__heading\"><a href=\"#hvordan-finne-ut-prisen-p-kjretytransport\" class=\"vcex-toggle__trigger wpex-flex wpex-items-center wpex-transition-colors wpex-flex-row-reverse\" aria-expanded=\"true\" aria-controls=\"hvordan-finne-ut-prisen-p-kjretytransport\"><div class=\"vcex-toggle__icon wpex-ml-10\" aria-hidden=\"true\"><div class=\"vcex-toggle__icon-open wpex-flex wpex-flex-col wpex-items-center\"><svg xmlns=\"http:\/\/www.w3.org\/2000\/svg\" height=\"1.5em\" viewBox=\"0 0 24 24\" width=\"1.5em\" fill=\"currentColor\"><path d=\"M0 0h24v24H0V0z\" fill=\"none\"\/><path d=\"M24 24H0V0h24v24z\" fill=\"none\" opacity=\".87\"\/><path d=\"M16.59 8.59L12 13.17 7.41 8.59 6 10l6 6 6-6-1.41-1.41z\"\/><\/svg><\/div><div class=\"vcex-toggle__icon-close wpex-flex wpex-flex-col wpex-items-center\"><svg xmlns=\"http:\/\/www.w3.org\/2000\/svg\" height=\"1.5em\" viewBox=\"0 0 24 24\" width=\"1.5em\" fill=\"currentColor\" class=\"vcex-toggle__icon-close\"><path d=\"M0 0h24v24H0V0z\" fill=\"none\"\/><path d=\"M12 8l-6 6 1.41 1.41L12 10.83l4.59 4.58L18 14l-6-6z\"\/><\/svg><\/div><\/div><h4 class=\"vcex-toggle__title wpex-mr-auto\">Hvordan finne ut prisen p\u00e5 kj\u00f8ret\u00f8ytransport?<\/h4><\/a><\/div><div id=\"hvordan-finne-ut-prisen-p-kjretytransport\" class=\"vcex-toggle__content wpex-last-mb-0 wpex-my-10 wpex-clr\">Prisen p\u00e5 <strong>biltransport<\/strong> kan du finne ved \u00e5 be om et tilbud online p\u00e5 v\u00e5rt hovedskjema eller ved \u00e5 ringe v\u00e5rt kundeservicenummer. Du trenger bare \u00e5 fylle ut type kj\u00f8ret\u00f8y, om det reiser eller ikke, og opprinnelse og destinasjon for biloverf\u00f8ringen.<\/div><\/div><style>.vcex-toggle.vcex_6a08f51133403 .vcex-toggle__heading{font-size:1.4em;}.vcex-toggle.vcex_6a08f51133403 .vcex-toggle__content{font-size:16px;}<\/style><div class=\"vcex-toggle vcex-module vcex_6a08f51133403\" data-animate=\"true\" data-duration=\"300\"><div class=\"vcex-toggle__heading\"><a href=\"#hva-kan-jeg-flytte-nr-jeg-sker-om-kjretytransport\" class=\"vcex-toggle__trigger wpex-flex wpex-items-center wpex-transition-colors wpex-flex-row-reverse\" aria-expanded=\"false\" aria-controls=\"hva-kan-jeg-flytte-nr-jeg-sker-om-kjretytransport\"><div class=\"vcex-toggle__icon wpex-ml-10\" aria-hidden=\"true\"><div class=\"vcex-toggle__icon-open wpex-flex wpex-flex-col wpex-items-center\"><svg xmlns=\"http:\/\/www.w3.org\/2000\/svg\" height=\"1.5em\" viewBox=\"0 0 24 24\" width=\"1.5em\" fill=\"currentColor\"><path d=\"M0 0h24v24H0V0z\" fill=\"none\"\/><path d=\"M24 24H0V0h24v24z\" fill=\"none\" opacity=\".87\"\/><path d=\"M16.59 8.59L12 13.17 7.41 8.59 6 10l6 6 6-6-1.41-1.41z\"\/><\/svg><\/div><div class=\"vcex-toggle__icon-close wpex-flex wpex-flex-col wpex-items-center\"><svg xmlns=\"http:\/\/www.w3.org\/2000\/svg\" height=\"1.5em\" viewBox=\"0 0 24 24\" width=\"1.5em\" fill=\"currentColor\" class=\"vcex-toggle__icon-close\"><path d=\"M0 0h24v24H0V0z\" fill=\"none\"\/><path d=\"M12 8l-6 6 1.41 1.41L12 10.83l4.59 4.58L18 14l-6-6z\"\/><\/svg><\/div><\/div><h4 class=\"vcex-toggle__title wpex-mr-auto\">Hva kan jeg flytte n\u00e5r jeg s\u00f8ker om kj\u00f8ret\u00f8ytransport?<\/h4><\/a><\/div><div id=\"hva-kan-jeg-flytte-nr-jeg-sker-om-kjretytransport\" class=\"vcex-toggle__content wpex-last-mb-0 wpex-my-10 wpex-clr\">Hos cartransporteurope tilbyr vi deg alle typer <strong>kj\u00f8ret\u00f8ytransport<\/strong>, inkludert biler, motorsykler og varebiler. og all transport med <strong>motorkj\u00f8ret\u00f8y<\/strong>. B\u00e5de \u00e9n om gangen og i grupper.<\/div><\/div><style>.vcex-toggle.vcex_6a08f5113366e .vcex-toggle__heading{font-size:1.4em;}.vcex-toggle.vcex_6a08f5113366e .vcex-toggle__content{font-size:16px;}<\/style><div class=\"vcex-toggle vcex-module vcex_6a08f5113366e\" data-animate=\"true\" data-duration=\"300\"><div class=\"vcex-toggle__heading\"><a href=\"#mellom-hvilke-punkter-kan-jeg-utfre-en-kjretytransport\" class=\"vcex-toggle__trigger wpex-flex wpex-items-center wpex-transition-colors wpex-flex-row-reverse\" aria-expanded=\"false\" aria-controls=\"mellom-hvilke-punkter-kan-jeg-utfre-en-kjretytransport\"><div class=\"vcex-toggle__icon wpex-ml-10\" aria-hidden=\"true\"><div class=\"vcex-toggle__icon-open wpex-flex wpex-flex-col wpex-items-center\"><svg xmlns=\"http:\/\/www.w3.org\/2000\/svg\" height=\"1.5em\" viewBox=\"0 0 24 24\" width=\"1.5em\" fill=\"currentColor\"><path d=\"M0 0h24v24H0V0z\" fill=\"none\"\/><path d=\"M24 24H0V0h24v24z\" fill=\"none\" opacity=\".87\"\/><path d=\"M16.59 8.59L12 13.17 7.41 8.59 6 10l6 6 6-6-1.41-1.41z\"\/><\/svg><\/div><div class=\"vcex-toggle__icon-close wpex-flex wpex-flex-col wpex-items-center\"><svg xmlns=\"http:\/\/www.w3.org\/2000\/svg\" height=\"1.5em\" viewBox=\"0 0 24 24\" width=\"1.5em\" fill=\"currentColor\" class=\"vcex-toggle__icon-close\"><path d=\"M0 0h24v24H0V0z\" fill=\"none\"\/><path d=\"M12 8l-6 6 1.41 1.41L12 10.83l4.59 4.58L18 14l-6-6z\"\/><\/svg><\/div><\/div><h4 class=\"vcex-toggle__title wpex-mr-auto\">Mellom hvilke punkter kan jeg utf\u00f8re en kj\u00f8ret\u00f8ytransport?<\/h4><\/a><\/div><div id=\"mellom-hvilke-punkter-kan-jeg-utfre-en-kjretytransport\" class=\"vcex-toggle__content wpex-last-mb-0 wpex-my-10 wpex-clr\">I v\u00e5rt biltransportselskap flytter vi biler innenfor et hvilket som helst punkt p\u00e5 det spanske nasjonale territoriet. Vi tilbyr ogs\u00e5 internasjonal biltransport fra nesten hvor som helst p\u00e5 det europeiske kontinentet til Spania og omvendt.<\/div><\/div><\/div>[\/vc_column][\/vc_row]\n<\/section>","protected":false},"excerpt":{"rendered":"<p>[vc_row remove_bottom_col_margin=&#8221;true&#8221; css=&#8221;.vc_custom_1678695725688{padding-top: 60px !important;padding-bottom: 70px !important;}&#8221; local_scroll_id=&#8221;faq&#8221;][vc_column][vc_column_text font_weight=&#8221;300&#8243; width=&#8221;900&#8243; font_size=&#8221;16px&#8221;]Er du i tvil? Se v\u00e5r FAQ-seksjon eller kontakt oss. Vi gir deg gjerne r\u00e5d og tilbyr alltid den beste l\u00f8sningen for deg. Hos cartransporteurope garanterer vi deg den beste transporttjenesten for bil, motorsykkel og andre kj\u00f8ret\u00f8y i Spania. Full last av biler[\/vc_column_text][\/vc_column][\/vc_row]<\/p>\n","protected":false},"author":7,"featured_media":0,"parent":0,"menu_order":0,"comment_status":"closed","ping_status":"closed","template":"","meta":{"content-type":"","_monsterinsights_skip_tracking":false,"_monsterinsights_sitenote_active":false,"_monsterinsights_sitenote_note":"","_monsterinsights_sitenote_category":0,"footnotes":""},"class_list":["post-5322","page","type-page","status-publish","hentry","entry","no-media"],"yoast_head":"<!-- This site is optimized with the Yoast SEO plugin v27.3 - https:\/\/yoast.com\/product\/yoast-seo-wordpress\/ -->\n<title>Faq - Car Transport Europe<\/title>\n<meta name=\"robots\" content=\"index, follow, max-snippet:-1, max-image-preview:large, max-video-preview:-1\" \/>\n<link rel=\"canonical\" href=\"https:\/\/www.cartransporteurope.com\/no\/faqnr\/\" \/>\n<meta property=\"og:locale\" content=\"en_US\" \/>\n<meta property=\"og:type\" content=\"article\" \/>\n<meta property=\"og:title\" content=\"Faq - Car Transport Europe\" \/>\n<meta property=\"og:description\" content=\"[vc_row remove_bottom_col_margin=&#8221;true&#8221; css=&#8221;.vc_custom_1678695725688{padding-top: 60px !important;padding-bottom: 70px !important;}&#8221; local_scroll_id=&#8221;faq&#8221;][vc_column][vc_column_text font_weight=&#8221;300&#8243; width=&#8221;900&#8243; font_size=&#8221;16px&#8221;]Er du i tvil? Se v\u00e5r FAQ-seksjon eller kontakt oss. Vi gir deg gjerne r\u00e5d og tilbyr alltid den beste l\u00f8sningen for deg. Hos cartransporteurope garanterer vi deg den beste transporttjenesten for bil, motorsykkel og andre kj\u00f8ret\u00f8y i Spania. Full last av biler[\/vc_column_text][\/vc_column][\/vc_row]\" \/>\n<meta property=\"og:url\" content=\"https:\/\/www.cartransporteurope.com\/no\/faqnr\/\" \/>\n<meta property=\"og:site_name\" content=\"Car Transport Europe\" \/>\n<meta property=\"article:modified_time\" content=\"2023-04-12T09:26:15+00:00\" \/>\n<meta name=\"twitter:card\" content=\"summary_large_image\" \/>\n<meta name=\"twitter:label1\" content=\"Est. reading time\" \/>\n\t<meta name=\"twitter:data1\" content=\"1 minute\" \/>\n<script type=\"application\/ld+json\" class=\"yoast-schema-graph\">{\"@context\":\"https:\\\/\\\/schema.org\",\"@graph\":[{\"@type\":\"WebPage\",\"@id\":\"https:\\\/\\\/www.cartransporteurope.com\\\/no\\\/faqnr\\\/\",\"url\":\"https:\\\/\\\/www.cartransporteurope.com\\\/no\\\/faqnr\\\/\",\"name\":\"Faq - Car Transport Europe\",\"isPartOf\":{\"@id\":\"https:\\\/\\\/www.cartransporteurope.com\\\/no\\\/#website\"},\"datePublished\":\"2023-03-30T08:36:25+00:00\",\"dateModified\":\"2023-04-12T09:26:15+00:00\",\"breadcrumb\":{\"@id\":\"https:\\\/\\\/www.cartransporteurope.com\\\/no\\\/faqnr\\\/#breadcrumb\"},\"inLanguage\":\"no-NO\",\"potentialAction\":[{\"@type\":\"ReadAction\",\"target\":[\"https:\\\/\\\/www.cartransporteurope.com\\\/no\\\/faqnr\\\/\"]}]},{\"@type\":\"BreadcrumbList\",\"@id\":\"https:\\\/\\\/www.cartransporteurope.com\\\/no\\\/faqnr\\\/#breadcrumb\",\"itemListElement\":[{\"@type\":\"ListItem\",\"position\":1,\"name\":\"Portada\",\"item\":\"https:\\\/\\\/www.cartransporteurope.com\\\/no\\\/\"},{\"@type\":\"ListItem\",\"position\":2,\"name\":\"Faq\"}]},{\"@type\":\"WebSite\",\"@id\":\"https:\\\/\\\/www.cartransporteurope.com\\\/no\\\/#website\",\"url\":\"https:\\\/\\\/www.cartransporteurope.com\\\/no\\\/\",\"name\":\"Car Transport Europe\",\"description\":\"\",\"publisher\":{\"@id\":\"https:\\\/\\\/www.cartransporteurope.com\\\/no\\\/#organization\"},\"potentialAction\":[{\"@type\":\"SearchAction\",\"target\":{\"@type\":\"EntryPoint\",\"urlTemplate\":\"https:\\\/\\\/www.cartransporteurope.com\\\/no\\\/?s={search_term_string}\"},\"query-input\":{\"@type\":\"PropertyValueSpecification\",\"valueRequired\":true,\"valueName\":\"search_term_string\"}}],\"inLanguage\":\"no-NO\"},{\"@type\":\"Organization\",\"@id\":\"https:\\\/\\\/www.cartransporteurope.com\\\/no\\\/#organization\",\"name\":\"Car Transport Europe\",\"url\":\"https:\\\/\\\/www.cartransporteurope.com\\\/no\\\/\",\"logo\":{\"@type\":\"ImageObject\",\"inLanguage\":\"no-NO\",\"@id\":\"https:\\\/\\\/www.cartransporteurope.com\\\/no\\\/#\\\/schema\\\/logo\\\/image\\\/\",\"url\":\"https:\\\/\\\/www.cartransporteurope.com\\\/wp-content\\\/uploads\\\/2023\\\/03\\\/Logo-Car-Transport-Europe.png\",\"contentUrl\":\"https:\\\/\\\/www.cartransporteurope.com\\\/wp-content\\\/uploads\\\/2023\\\/03\\\/Logo-Car-Transport-Europe.png\",\"width\":764,\"height\":252,\"caption\":\"Car Transport Europe\"},\"image\":{\"@id\":\"https:\\\/\\\/www.cartransporteurope.com\\\/no\\\/#\\\/schema\\\/logo\\\/image\\\/\"}}]}<\/script>\n<!-- \/ Yoast SEO plugin. -->","yoast_head_json":{"title":"Faq - Car Transport Europe","robots":{"index":"index","follow":"follow","max-snippet":"max-snippet:-1","max-image-preview":"max-image-preview:large","max-video-preview":"max-video-preview:-1"},"canonical":"https:\/\/www.cartransporteurope.com\/no\/faqnr\/","og_locale":"en_US","og_type":"article","og_title":"Faq - Car Transport Europe","og_description":"[vc_row remove_bottom_col_margin=&#8221;true&#8221; css=&#8221;.vc_custom_1678695725688{padding-top: 60px !important;padding-bottom: 70px !important;}&#8221; local_scroll_id=&#8221;faq&#8221;][vc_column][vc_column_text font_weight=&#8221;300&#8243; width=&#8221;900&#8243; font_size=&#8221;16px&#8221;]Er du i tvil? Se v\u00e5r FAQ-seksjon eller kontakt oss. Vi gir deg gjerne r\u00e5d og tilbyr alltid den beste l\u00f8sningen for deg. Hos cartransporteurope garanterer vi deg den beste transporttjenesten for bil, motorsykkel og andre kj\u00f8ret\u00f8y i Spania. Full last av biler[\/vc_column_text][\/vc_column][\/vc_row]","og_url":"https:\/\/www.cartransporteurope.com\/no\/faqnr\/","og_site_name":"Car Transport Europe","article_modified_time":"2023-04-12T09:26:15+00:00","twitter_card":"summary_large_image","twitter_misc":{"Est. reading time":"1 minute"},"schema":{"@context":"https:\/\/schema.org","@graph":[{"@type":"WebPage","@id":"https:\/\/www.cartransporteurope.com\/no\/faqnr\/","url":"https:\/\/www.cartransporteurope.com\/no\/faqnr\/","name":"Faq - Car Transport Europe","isPartOf":{"@id":"https:\/\/www.cartransporteurope.com\/no\/#website"},"datePublished":"2023-03-30T08:36:25+00:00","dateModified":"2023-04-12T09:26:15+00:00","breadcrumb":{"@id":"https:\/\/www.cartransporteurope.com\/no\/faqnr\/#breadcrumb"},"inLanguage":"no-NO","potentialAction":[{"@type":"ReadAction","target":["https:\/\/www.cartransporteurope.com\/no\/faqnr\/"]}]},{"@type":"BreadcrumbList","@id":"https:\/\/www.cartransporteurope.com\/no\/faqnr\/#breadcrumb","itemListElement":[{"@type":"ListItem","position":1,"name":"Portada","item":"https:\/\/www.cartransporteurope.com\/no\/"},{"@type":"ListItem","position":2,"name":"Faq"}]},{"@type":"WebSite","@id":"https:\/\/www.cartransporteurope.com\/no\/#website","url":"https:\/\/www.cartransporteurope.com\/no\/","name":"Car Transport Europe","description":"","publisher":{"@id":"https:\/\/www.cartransporteurope.com\/no\/#organization"},"potentialAction":[{"@type":"SearchAction","target":{"@type":"EntryPoint","urlTemplate":"https:\/\/www.cartransporteurope.com\/no\/?s={search_term_string}"},"query-input":{"@type":"PropertyValueSpecification","valueRequired":true,"valueName":"search_term_string"}}],"inLanguage":"no-NO"},{"@type":"Organization","@id":"https:\/\/www.cartransporteurope.com\/no\/#organization","name":"Car Transport Europe","url":"https:\/\/www.cartransporteurope.com\/no\/","logo":{"@type":"ImageObject","inLanguage":"no-NO","@id":"https:\/\/www.cartransporteurope.com\/no\/#\/schema\/logo\/image\/","url":"https:\/\/www.cartransporteurope.com\/wp-content\/uploads\/2023\/03\/Logo-Car-Transport-Europe.png","contentUrl":"https:\/\/www.cartransporteurope.com\/wp-content\/uploads\/2023\/03\/Logo-Car-Transport-Europe.png","width":764,"height":252,"caption":"Car Transport Europe"},"image":{"@id":"https:\/\/www.cartransporteurope.com\/no\/#\/schema\/logo\/image\/"}}]}},"_links":{"self":[{"href":"https:\/\/www.cartransporteurope.com\/no\/wp-json\/wp\/v2\/pages\/5322","targetHints":{"allow":["GET"]}}],"collection":[{"href":"https:\/\/www.cartransporteurope.com\/no\/wp-json\/wp\/v2\/pages"}],"about":[{"href":"https:\/\/www.cartransporteurope.com\/no\/wp-json\/wp\/v2\/types\/page"}],"author":[{"embeddable":true,"href":"https:\/\/www.cartransporteurope.com\/no\/wp-json\/wp\/v2\/users\/7"}],"replies":[{"embeddable":true,"href":"https:\/\/www.cartransporteurope.com\/no\/wp-json\/wp\/v2\/comments?post=5322"}],"version-history":[{"count":2,"href":"https:\/\/www.cartransporteurope.com\/no\/wp-json\/wp\/v2\/pages\/5322\/revisions"}],"predecessor-version":[{"id":5324,"href":"https:\/\/www.cartransporteurope.com\/no\/wp-json\/wp\/v2\/pages\/5322\/revisions\/5324"}],"wp:attachment":[{"href":"https:\/\/www.cartransporteurope.com\/no\/wp-json\/wp\/v2\/media?parent=5322"}],"curies":[{"name":"wp","href":"https:\/\/api.w.org\/{rel}","templated":true}]}}