{"id":5325,"date":"2023-03-13T08:46:23","date_gmt":"2023-03-13T08:46:23","guid":{"rendered":"https:\/\/www.cartransporteurope.com\/retningslinjer-for-informasjonskapsler\/"},"modified":"2023-03-13T08:46:23","modified_gmt":"2023-03-13T08:46:23","slug":"retningslinjer-for-informasjonskapsler","status":"publish","type":"page","link":"https:\/\/www.cartransporteurope.com\/no\/retningslinjer-for-informasjonskapsler\/","title":{"rendered":"Retningslinjer for informasjonskapsler"},"content":{"rendered":"<h3>Om disse retningslinjene for informasjonskapsler<\/h3>\n<div>\n<p>Disse retningslinjene for informasjonskapsler forklarer hva informasjonskapsler er og hvordan vi bruker dem. Du b\u00f8r lese disse retningslinjene for \u00e5 forst\u00e5 hva informasjonskapsler er, hvordan vi bruker dem, hvilke typer informasjonskapsler vi bruker, dvs. informasjonen vi samler inn ved hjelp av informasjonskapsler og hvordan denne informasjonen brukes, og hvordan du kan kontrollere innstillingene for informasjonskapsler. Hvis du vil ha mer informasjon om hvordan vi bruker, lagrer og beskytter personopplysningene dine, kan du lese personvernerkl\u00e6ringen v\u00e5r.  <\/p>\n<p>Du kan n\u00e5r som helst endre eller trekke tilbake ditt samtykke til erkl\u00e6ringen om informasjonskapsler p\u00e5 nettstedet v\u00e5rt.<\/p>\n<p>Finn ut mer om hvem vi er, hvordan du kan kontakte oss og hvordan vi behandler personopplysninger i v\u00e5r personvernerkl\u00e6ring.<\/p>\n<p>Ditt samtykke gjelder for f\u00f8lgende domener: www.virtuimagen.com<\/p>\n[user_consent_state]\n<\/div>\n<h3>Hva er informasjonskapsler?<\/h3>\n<div>Informasjonskapsler er sm\u00e5 tekstfiler som brukes til \u00e5 lagre sm\u00e5 biter av informasjon. Informasjonskapsler lagres p\u00e5 enheten din n\u00e5r nettstedet lastes inn i nettleseren din. Disse informasjonskapslene hjelper oss med \u00e5 f\u00e5 nettstedet til \u00e5 fungere som det skal, gj\u00f8re nettstedet sikrere, gi en bedre brukeropplevelse og forst\u00e5 hvordan nettstedet fungerer og analysere hva som fungerer og hvor det m\u00e5 forbedres.  <\/div>\n<h3>Hvordan bruker vi informasjonskapsler?<\/h3>\n<div>\n<p>I likhet med de fleste nettjenester bruker nettstedet v\u00e5rt f\u00f8rsteparts- og tredjeparts informasjonskapsler til en rekke form\u00e5l. F\u00f8rsteparts informasjonskapsler er f\u00f8rst og fremst n\u00f8dvendige for at nettstedet skal fungere som det skal, og samler ikke inn personlig identifiserbar informasjon om deg. <\/p>\n<p>Tredjeparts informasjonskapsler som brukes p\u00e5 nettstedene v\u00e5re, brukes f\u00f8rst og fremst for \u00e5 forst\u00e5 hvordan nettstedet fungerer, hvordan du samhandler med nettstedet v\u00e5rt, holde tjenestene v\u00e5re sikre, gi deg annonser som er relevante for deg og generelt gi deg en bedre og forbedret brukeropplevelse og bidra til \u00e5 \u00f8ke hastigheten p\u00e5 dine fremtidige interaksjoner med nettstedet v\u00e5rt.<\/p>\n<\/div>\n<h3>Hvilke typer informasjonskapsler bruker vi?<\/h3>\n<div>\n<p>N\u00f8dvendig: Noen informasjonskapsler er avgj\u00f8rende for at du skal f\u00e5 full funksjonalitet p\u00e5 nettstedet v\u00e5rt. De gj\u00f8r det mulig for oss \u00e5 opprettholde bruker\u00f8kter og forhindre sikkerhetstrusler. De samler ikke inn eller lagrer personopplysninger. Disse informasjonskapslene gj\u00f8r det for eksempel mulig for deg \u00e5 logge inn p\u00e5 kontoen din og legge til produkter i handlekurven og kassen p\u00e5 en sikker m\u00e5te.   <\/p>\n<p>Statistikk: Disse informasjonskapslene lagrer informasjon som antall bes\u00f8kende p\u00e5 nettstedet, antall unike bes\u00f8kende, hvilke sider p\u00e5 nettstedet som er bes\u00f8kt, kilden til bes\u00f8ket osv. Disse dataene hjelper oss med \u00e5 forst\u00e5 og analysere hvor godt nettstedet fungerer og hvor det er behov for forbedringer. <\/p>\n<p>Statistikk: Disse informasjonskapslene lagrer informasjon som antall bes\u00f8kende p\u00e5 nettstedet, antall unike bes\u00f8kende, hvilke sider p\u00e5 nettstedet som er bes\u00f8kt, kilden til bes\u00f8ket osv. Disse dataene hjelper oss med \u00e5 forst\u00e5 og analysere hvor godt nettstedet fungerer og hvor det er behov for forbedringer.<br \/>\nInformasjonen som lagres i disse informasjonskapslene, kan ogs\u00e5 brukes av tredjeparts annonseleverand\u00f8rer til \u00e5 vise deg annonser p\u00e5 andre nettsteder i nettleseren din.<\/p>\n<p>Funksjonelle: Dette er informasjonskapsler som bidrar til visse ikke-essensielle funksjoner p\u00e5 nettstedet v\u00e5rt. Disse funksjonene omfatter innebygging av innhold som videoer eller deling av innhold p\u00e5 nettstedet p\u00e5 sosiale medieplattformer. <\/p>\n<p>Innstillinger: Disse informasjonskapslene hjelper oss med \u00e5 lagre nettleserinnstillingene og preferansene dine, for eksempel spr\u00e5kinnstillinger, slik at du f\u00e5r en bedre og mer effektiv opplevelse ved fremtidige bes\u00f8k p\u00e5 nettstedet.<br \/>\n[cookie_audit columns=&#8221;cookie,description&#8221; heading=&#8221;La siguiente lista detalla las cookies utilizadas en nuestro sitio web.&#8221;]\n<\/div>\n<h3>Hvordan kan jeg kontrollere informasjonskapselinnstillingene mine?<\/h3>\n<div>\n<p>Hvis du bestemmer deg for \u00e5 endre preferansene dine senere i nettlesings\u00f8kten, kan du klikke p\u00e5 fanen &#8220;Personvern og informasjonskapsler&#8221; p\u00e5 skjermen. Da vises samtykkeerkl\u00e6ringen p\u00e5 nytt, slik at du kan endre preferansene dine eller trekke samtykket ditt helt tilbake. <\/p>\n<p>I tillegg til dette tilbyr ulike nettlesere ulike metoder for \u00e5 blokkere og slette informasjonskapsler som brukes av nettsteder. Du kan endre innstillingene i nettleseren din for \u00e5 blokkere\/slette informasjonskapsler. For mer informasjon om hvordan du administrerer og sletter informasjonskapsler, se wikipedia.org, www.allaboutcookies.org.  <\/p>\n<\/div>\n","protected":false},"excerpt":{"rendered":"<p>Om disse retningslinjene for informasjonskapsler Disse retningslinjene for informasjonskapsler forklarer hva informasjonskapsler er og hvordan vi bruker dem. Du b\u00f8r lese disse retningslinjene for \u00e5 forst\u00e5 hva informasjonskapsler er, hvordan vi bruker dem, hvilke typer informasjonskapsler vi bruker, dvs. informasjonen vi samler inn ved hjelp av informasjonskapsler og hvordan denne informasjonen brukes, og hvordan du&hellip;<\/p>\n","protected":false},"author":2,"featured_media":0,"parent":0,"menu_order":0,"comment_status":"closed","ping_status":"closed","template":"","meta":{"content-type":"","_monsterinsights_skip_tracking":false,"_monsterinsights_sitenote_active":false,"_monsterinsights_sitenote_note":"","_monsterinsights_sitenote_category":0,"footnotes":""},"class_list":["post-5325","page","type-page","status-publish","hentry","entry","no-media"],"yoast_head":"<!-- This site is optimized with the Yoast SEO plugin v27.3 - https:\/\/yoast.com\/product\/yoast-seo-wordpress\/ -->\n<title>Retningslinjer for informasjonskapsler - Car Transport Europe<\/title>\n<meta name=\"robots\" content=\"index, follow, max-snippet:-1, max-image-preview:large, max-video-preview:-1\" \/>\n<link rel=\"canonical\" href=\"https:\/\/www.cartransporteurope.com\/no\/retningslinjer-for-informasjonskapsler\/\" \/>\n<meta property=\"og:locale\" content=\"en_US\" \/>\n<meta property=\"og:type\" content=\"article\" \/>\n<meta property=\"og:title\" content=\"Retningslinjer for informasjonskapsler - Car Transport Europe\" \/>\n<meta property=\"og:description\" content=\"Om disse retningslinjene for informasjonskapsler Disse retningslinjene for informasjonskapsler forklarer hva informasjonskapsler er og hvordan vi bruker dem. Du b\u00f8r lese disse retningslinjene for \u00e5 forst\u00e5 hva informasjonskapsler er, hvordan vi bruker dem, hvilke typer informasjonskapsler vi bruker, dvs. informasjonen vi samler inn ved hjelp av informasjonskapsler og hvordan denne informasjonen brukes, og hvordan du&hellip;\" \/>\n<meta property=\"og:url\" content=\"https:\/\/www.cartransporteurope.com\/no\/retningslinjer-for-informasjonskapsler\/\" \/>\n<meta property=\"og:site_name\" content=\"Car Transport Europe\" \/>\n<meta name=\"twitter:card\" content=\"summary_large_image\" \/>\n<meta name=\"twitter:label1\" content=\"Est. reading time\" \/>\n\t<meta name=\"twitter:data1\" content=\"3 minutes\" \/>\n<script type=\"application\/ld+json\" class=\"yoast-schema-graph\">{\"@context\":\"https:\\\/\\\/schema.org\",\"@graph\":[{\"@type\":\"WebPage\",\"@id\":\"https:\\\/\\\/www.cartransporteurope.com\\\/no\\\/retningslinjer-for-informasjonskapsler\\\/\",\"url\":\"https:\\\/\\\/www.cartransporteurope.com\\\/no\\\/retningslinjer-for-informasjonskapsler\\\/\",\"name\":\"Retningslinjer for informasjonskapsler - Car Transport Europe\",\"isPartOf\":{\"@id\":\"https:\\\/\\\/www.cartransporteurope.com\\\/no\\\/#website\"},\"datePublished\":\"2023-03-13T08:46:23+00:00\",\"breadcrumb\":{\"@id\":\"https:\\\/\\\/www.cartransporteurope.com\\\/no\\\/retningslinjer-for-informasjonskapsler\\\/#breadcrumb\"},\"inLanguage\":\"no-NO\",\"potentialAction\":[{\"@type\":\"ReadAction\",\"target\":[\"https:\\\/\\\/www.cartransporteurope.com\\\/no\\\/retningslinjer-for-informasjonskapsler\\\/\"]}]},{\"@type\":\"BreadcrumbList\",\"@id\":\"https:\\\/\\\/www.cartransporteurope.com\\\/no\\\/retningslinjer-for-informasjonskapsler\\\/#breadcrumb\",\"itemListElement\":[{\"@type\":\"ListItem\",\"position\":1,\"name\":\"Portada\",\"item\":\"https:\\\/\\\/www.cartransporteurope.com\\\/no\\\/\"},{\"@type\":\"ListItem\",\"position\":2,\"name\":\"Retningslinjer for informasjonskapsler\"}]},{\"@type\":\"WebSite\",\"@id\":\"https:\\\/\\\/www.cartransporteurope.com\\\/no\\\/#website\",\"url\":\"https:\\\/\\\/www.cartransporteurope.com\\\/no\\\/\",\"name\":\"Car Transport Europe\",\"description\":\"\",\"publisher\":{\"@id\":\"https:\\\/\\\/www.cartransporteurope.com\\\/no\\\/#organization\"},\"potentialAction\":[{\"@type\":\"SearchAction\",\"target\":{\"@type\":\"EntryPoint\",\"urlTemplate\":\"https:\\\/\\\/www.cartransporteurope.com\\\/no\\\/?s={search_term_string}\"},\"query-input\":{\"@type\":\"PropertyValueSpecification\",\"valueRequired\":true,\"valueName\":\"search_term_string\"}}],\"inLanguage\":\"no-NO\"},{\"@type\":\"Organization\",\"@id\":\"https:\\\/\\\/www.cartransporteurope.com\\\/no\\\/#organization\",\"name\":\"Car Transport Europe\",\"url\":\"https:\\\/\\\/www.cartransporteurope.com\\\/no\\\/\",\"logo\":{\"@type\":\"ImageObject\",\"inLanguage\":\"no-NO\",\"@id\":\"https:\\\/\\\/www.cartransporteurope.com\\\/no\\\/#\\\/schema\\\/logo\\\/image\\\/\",\"url\":\"https:\\\/\\\/www.cartransporteurope.com\\\/wp-content\\\/uploads\\\/2023\\\/03\\\/Logo-Car-Transport-Europe.png\",\"contentUrl\":\"https:\\\/\\\/www.cartransporteurope.com\\\/wp-content\\\/uploads\\\/2023\\\/03\\\/Logo-Car-Transport-Europe.png\",\"width\":764,\"height\":252,\"caption\":\"Car Transport Europe\"},\"image\":{\"@id\":\"https:\\\/\\\/www.cartransporteurope.com\\\/no\\\/#\\\/schema\\\/logo\\\/image\\\/\"}}]}<\/script>\n<!-- \/ Yoast SEO plugin. -->","yoast_head_json":{"title":"Retningslinjer for informasjonskapsler - Car Transport Europe","robots":{"index":"index","follow":"follow","max-snippet":"max-snippet:-1","max-image-preview":"max-image-preview:large","max-video-preview":"max-video-preview:-1"},"canonical":"https:\/\/www.cartransporteurope.com\/no\/retningslinjer-for-informasjonskapsler\/","og_locale":"en_US","og_type":"article","og_title":"Retningslinjer for informasjonskapsler - Car Transport Europe","og_description":"Om disse retningslinjene for informasjonskapsler Disse retningslinjene for informasjonskapsler forklarer hva informasjonskapsler er og hvordan vi bruker dem. Du b\u00f8r lese disse retningslinjene for \u00e5 forst\u00e5 hva informasjonskapsler er, hvordan vi bruker dem, hvilke typer informasjonskapsler vi bruker, dvs. informasjonen vi samler inn ved hjelp av informasjonskapsler og hvordan denne informasjonen brukes, og hvordan du&hellip;","og_url":"https:\/\/www.cartransporteurope.com\/no\/retningslinjer-for-informasjonskapsler\/","og_site_name":"Car Transport Europe","twitter_card":"summary_large_image","twitter_misc":{"Est. reading time":"3 minutes"},"schema":{"@context":"https:\/\/schema.org","@graph":[{"@type":"WebPage","@id":"https:\/\/www.cartransporteurope.com\/no\/retningslinjer-for-informasjonskapsler\/","url":"https:\/\/www.cartransporteurope.com\/no\/retningslinjer-for-informasjonskapsler\/","name":"Retningslinjer for informasjonskapsler - Car Transport Europe","isPartOf":{"@id":"https:\/\/www.cartransporteurope.com\/no\/#website"},"datePublished":"2023-03-13T08:46:23+00:00","breadcrumb":{"@id":"https:\/\/www.cartransporteurope.com\/no\/retningslinjer-for-informasjonskapsler\/#breadcrumb"},"inLanguage":"no-NO","potentialAction":[{"@type":"ReadAction","target":["https:\/\/www.cartransporteurope.com\/no\/retningslinjer-for-informasjonskapsler\/"]}]},{"@type":"BreadcrumbList","@id":"https:\/\/www.cartransporteurope.com\/no\/retningslinjer-for-informasjonskapsler\/#breadcrumb","itemListElement":[{"@type":"ListItem","position":1,"name":"Portada","item":"https:\/\/www.cartransporteurope.com\/no\/"},{"@type":"ListItem","position":2,"name":"Retningslinjer for informasjonskapsler"}]},{"@type":"WebSite","@id":"https:\/\/www.cartransporteurope.com\/no\/#website","url":"https:\/\/www.cartransporteurope.com\/no\/","name":"Car Transport Europe","description":"","publisher":{"@id":"https:\/\/www.cartransporteurope.com\/no\/#organization"},"potentialAction":[{"@type":"SearchAction","target":{"@type":"EntryPoint","urlTemplate":"https:\/\/www.cartransporteurope.com\/no\/?s={search_term_string}"},"query-input":{"@type":"PropertyValueSpecification","valueRequired":true,"valueName":"search_term_string"}}],"inLanguage":"no-NO"},{"@type":"Organization","@id":"https:\/\/www.cartransporteurope.com\/no\/#organization","name":"Car Transport Europe","url":"https:\/\/www.cartransporteurope.com\/no\/","logo":{"@type":"ImageObject","inLanguage":"no-NO","@id":"https:\/\/www.cartransporteurope.com\/no\/#\/schema\/logo\/image\/","url":"https:\/\/www.cartransporteurope.com\/wp-content\/uploads\/2023\/03\/Logo-Car-Transport-Europe.png","contentUrl":"https:\/\/www.cartransporteurope.com\/wp-content\/uploads\/2023\/03\/Logo-Car-Transport-Europe.png","width":764,"height":252,"caption":"Car Transport Europe"},"image":{"@id":"https:\/\/www.cartransporteurope.com\/no\/#\/schema\/logo\/image\/"}}]}},"_links":{"self":[{"href":"https:\/\/www.cartransporteurope.com\/no\/wp-json\/wp\/v2\/pages\/5325","targetHints":{"allow":["GET"]}}],"collection":[{"href":"https:\/\/www.cartransporteurope.com\/no\/wp-json\/wp\/v2\/pages"}],"about":[{"href":"https:\/\/www.cartransporteurope.com\/no\/wp-json\/wp\/v2\/types\/page"}],"author":[{"embeddable":true,"href":"https:\/\/www.cartransporteurope.com\/no\/wp-json\/wp\/v2\/users\/2"}],"replies":[{"embeddable":true,"href":"https:\/\/www.cartransporteurope.com\/no\/wp-json\/wp\/v2\/comments?post=5325"}],"version-history":[{"count":0,"href":"https:\/\/www.cartransporteurope.com\/no\/wp-json\/wp\/v2\/pages\/5325\/revisions"}],"wp:attachment":[{"href":"https:\/\/www.cartransporteurope.com\/no\/wp-json\/wp\/v2\/media?parent=5325"}],"curies":[{"name":"wp","href":"https:\/\/api.w.org\/{rel}","templated":true}]}}