{"id":5332,"date":"2023-03-13T08:47:26","date_gmt":"2023-03-13T08:47:26","guid":{"rendered":"https:\/\/www.cartransporteurope.com\/retningslinjer-for-personvern\/"},"modified":"2023-03-13T08:47:26","modified_gmt":"2023-03-13T08:47:26","slug":"retningslinjer-for-personvern","status":"publish","type":"page","link":"https:\/\/www.cartransporteurope.com\/no\/retningslinjer-for-personvern\/","title":{"rendered":"Retningslinjer for personvern"},"content":{"rendered":"<p>I henhold til bestemmelsene i personvernforordningen (GDPR):<\/p>\n<p>Europe Car Shipping S.L.<br \/>\nCIF: B-16991622<br \/>\nAdresse: Calle Avenida de Valencia, R. La Santa Cruz, n\u00ba 31 Edf. Buganvilla 18690 Almu\u00f1\u00e9car (Granada) <\/p>\n<p>Innf\u00f8ring i handelsregisteret: Inscrita en el Registro Mercantil de Granada, Tomo: 861, Libro: 0, Folio: 102, Hoja: GR-15.075 e INSCRIP: 1\u00aa<\/p>\n<h2>Oversendelse og registrering av personopplysninger<\/h2>\n<p>Det er obligatorisk \u00e5 sende personopplysninger for \u00e5 kontakte og motta informasjon om tjenestene som tilbys av Europe Car Shipping S.L.. Unnlatelse av \u00e5 oppgi de forespurte personopplysningene eller ikke godta denne databeskyttelsespolitikken betyr at det er umulig \u00e5 abonnere, registrere eller motta informasjon om disse tjenestene. <\/p>\n<h2>Dataenes n\u00f8yaktighet og p\u00e5litelighet<\/h2>\n<p>Brukeren som sender informasjonen til Europe Car Shipping S.L.. er den eneste ansvarlige for sannheten og riktigheten av dataene som er inkludert, og fritar Europe Car Shipping S.L. for ethvert ansvar i denne forbindelse. <\/p>\n<p>Brukerne garanterer og er under alle omstendigheter ansvarlige for n\u00f8yaktigheten, gyldigheten og ektheten av personopplysningene som oppgis, og forplikter seg til \u00e5 holde dem beh\u00f8rig oppdatert.<\/p>\n<p>Brukeren forplikter seg til \u00e5 oppgi fullstendig og korrekt informasjon i registrerings- eller abonnementsskjemaet.<\/p>\n<p>Europe Car Shipping S.L. er ikke ansvarlig for sannheten av informasjonen som ikke er av egen utarbeidelse og som en annen kilde er angitt, for det som heller ikke p\u00e5tar seg noe ansvar som for hypotetiske skader som kan oppst\u00e5 for bruk av ovennevnte informasjon. Europe Car Shipping S.L. er fritatt for ansvar for eventuelle skader som brukeren kan lide som f\u00f8lge av feil, mangler eller utelatelser i informasjonen n\u00e5r den kommer fra kilder utenfor Europe Car Shipping S.L. <\/p>\n<p>Europe Car Shipping S.L. garanterer ikke den permanente tilgjengeligheten av tjenestene, og er fritatt for enhver form for ansvar for mulige skader for\u00e5rsaket av utilgjengelighet av tjenesten p\u00e5 grunn av force majeure eller feil i telematiske nettverk for dataoverf\u00f8ring, utenfor selskapets kontroll.<\/p>\n<h2>Overf\u00f8ring av data<\/h2>\n<p>Europe Car Shipping S.L. vil ikke overf\u00f8re personopplysninger til tredjeparter. I tilfelle overf\u00f8ring til en tredjepart vil det imidlertid bli gitt forh\u00e5ndsinformasjon som ber om uttrykkelig samtykke fra den ber\u00f8rte parten i samsvar med RGPD. <\/p>\n<h2>Ut\u00f8velse av rettigheter<\/h2>\n<p>Du kan sende dine meddelelser og ut\u00f8ve dine rettigheter til innsyn, retting, sletting og innsigelse samt, p\u00e5 grunnlag av den europeiske forordningen, undertrykkelse, begrensning av bruk og portabilitet per post til f\u00f8lgende adresse: Calle Avenida de Valencia, R. La Santa Cruz, n\u00ba 31 Edf. Buganvilla 18690 Almu\u00f1\u00e9car (Granada), eller via e-post til: <span class=\"S1PPyQ\">info@cartransporteurope.com<\/span> med juridisk gyldig bevis, for eksempel en fotokopi av ID-kortet ditt, og angi &#8220;DATA PROTECTION&#8221; i emnefeltet. <\/p>\n<p>Ved \u00e5 akseptere disse retningslinjene samtykker brukeren til at Europe Car Shipping S.L. bruker personopplysningene deres til kommersiell kommunikasjon og kan ut\u00f8ve sine rettigheter som angitt ovenfor.<\/p>\n<p>Brukeren aksepterer at alle hans eller hennes personopplysninger vil bli overf\u00f8rt i sin helhet til Aplazarse fra det \u00f8yeblikket brukeren initierer kontraktsinng\u00e5elsen av den utsatte betalingstjenesten som tilbys av Aplazarse n\u00e5r han eller hun velger betalingsform.<\/p>\n<p>Denne godkjenningen gjelder ogs\u00e5 for tredjeparter som kan ha behov for \u00e5 f\u00e5 tilgang til filene for \u00e5 oppfylle kontrakten.<\/p>\n<h2>Aksept og samtykke<\/h2>\n<p>Brukeren erkl\u00e6rer \u00e5 ha blitt informert om vilk\u00e5rene for beskyttelse av personopplysninger, og aksepterer og samtykker til behandling av de samme av Europe Car Shipping S.L. p\u00e5 den m\u00e5ten og for de form\u00e5lene som er angitt i denne policyen for beskyttelse av personopplysninger.<\/p>\n<h2>Endringer i personvernreglene<\/h2>\n<p>Europe Car Shipping S.L. forbeholder seg retten til \u00e5 endre denne policyen for \u00e5 tilpasse den til ny lovgivning eller rettspraksis, samt til bransjepraksis.<\/p>\n<p>I disse tilfellene vil Europe Car Shipping S.L. kunngj\u00f8re endringene p\u00e5 denne siden med rimelig varsel f\u00f8r de implementeres.<\/p>\n","protected":false},"excerpt":{"rendered":"<p>I henhold til bestemmelsene i personvernforordningen (GDPR): Europe Car Shipping S.L. CIF: B-16991622 Adresse: Calle Avenida de Valencia, R. La Santa Cruz, n\u00ba 31 Edf. Buganvilla 18690 Almu\u00f1\u00e9car (Granada) Innf\u00f8ring i handelsregisteret: Inscrita en el Registro Mercantil de Granada, Tomo: 861, Libro: 0, Folio: 102, Hoja: GR-15.075 e INSCRIP: 1\u00aa Oversendelse og registrering av personopplysninger&hellip;<\/p>\n","protected":false},"author":2,"featured_media":0,"parent":0,"menu_order":0,"comment_status":"closed","ping_status":"closed","template":"","meta":{"content-type":"","_monsterinsights_skip_tracking":false,"_monsterinsights_sitenote_active":false,"_monsterinsights_sitenote_note":"","_monsterinsights_sitenote_category":0,"footnotes":""},"class_list":["post-5332","page","type-page","status-publish","hentry","entry","no-media"],"yoast_head":"<!-- This site is optimized with the Yoast SEO plugin v27.3 - https:\/\/yoast.com\/product\/yoast-seo-wordpress\/ -->\n<title>Retningslinjer for personvern - Car Transport Europe<\/title>\n<meta name=\"robots\" content=\"index, follow, max-snippet:-1, max-image-preview:large, max-video-preview:-1\" \/>\n<link rel=\"canonical\" href=\"https:\/\/www.cartransporteurope.com\/no\/retningslinjer-for-personvern\/\" \/>\n<meta property=\"og:locale\" content=\"en_US\" \/>\n<meta property=\"og:type\" content=\"article\" \/>\n<meta property=\"og:title\" content=\"Retningslinjer for personvern - Car Transport Europe\" \/>\n<meta property=\"og:description\" content=\"I henhold til bestemmelsene i personvernforordningen (GDPR): Europe Car Shipping S.L. CIF: B-16991622 Adresse: Calle Avenida de Valencia, R. La Santa Cruz, n\u00ba 31 Edf. Buganvilla 18690 Almu\u00f1\u00e9car (Granada) Innf\u00f8ring i handelsregisteret: Inscrita en el Registro Mercantil de Granada, Tomo: 861, Libro: 0, Folio: 102, Hoja: GR-15.075 e INSCRIP: 1\u00aa Oversendelse og registrering av personopplysninger&hellip;\" \/>\n<meta property=\"og:url\" content=\"https:\/\/www.cartransporteurope.com\/no\/retningslinjer-for-personvern\/\" \/>\n<meta property=\"og:site_name\" content=\"Car Transport Europe\" \/>\n<meta name=\"twitter:card\" content=\"summary_large_image\" \/>\n<meta name=\"twitter:label1\" content=\"Est. reading time\" \/>\n\t<meta name=\"twitter:data1\" content=\"3 minutes\" \/>\n<script type=\"application\/ld+json\" class=\"yoast-schema-graph\">{\"@context\":\"https:\\\/\\\/schema.org\",\"@graph\":[{\"@type\":\"WebPage\",\"@id\":\"https:\\\/\\\/www.cartransporteurope.com\\\/no\\\/retningslinjer-for-personvern\\\/\",\"url\":\"https:\\\/\\\/www.cartransporteurope.com\\\/no\\\/retningslinjer-for-personvern\\\/\",\"name\":\"Retningslinjer for personvern - Car Transport Europe\",\"isPartOf\":{\"@id\":\"https:\\\/\\\/www.cartransporteurope.com\\\/no\\\/#website\"},\"datePublished\":\"2023-03-13T08:47:26+00:00\",\"breadcrumb\":{\"@id\":\"https:\\\/\\\/www.cartransporteurope.com\\\/no\\\/retningslinjer-for-personvern\\\/#breadcrumb\"},\"inLanguage\":\"no-NO\",\"potentialAction\":[{\"@type\":\"ReadAction\",\"target\":[\"https:\\\/\\\/www.cartransporteurope.com\\\/no\\\/retningslinjer-for-personvern\\\/\"]}]},{\"@type\":\"BreadcrumbList\",\"@id\":\"https:\\\/\\\/www.cartransporteurope.com\\\/no\\\/retningslinjer-for-personvern\\\/#breadcrumb\",\"itemListElement\":[{\"@type\":\"ListItem\",\"position\":1,\"name\":\"Portada\",\"item\":\"https:\\\/\\\/www.cartransporteurope.com\\\/no\\\/\"},{\"@type\":\"ListItem\",\"position\":2,\"name\":\"Retningslinjer for personvern\"}]},{\"@type\":\"WebSite\",\"@id\":\"https:\\\/\\\/www.cartransporteurope.com\\\/no\\\/#website\",\"url\":\"https:\\\/\\\/www.cartransporteurope.com\\\/no\\\/\",\"name\":\"Car Transport Europe\",\"description\":\"\",\"publisher\":{\"@id\":\"https:\\\/\\\/www.cartransporteurope.com\\\/no\\\/#organization\"},\"potentialAction\":[{\"@type\":\"SearchAction\",\"target\":{\"@type\":\"EntryPoint\",\"urlTemplate\":\"https:\\\/\\\/www.cartransporteurope.com\\\/no\\\/?s={search_term_string}\"},\"query-input\":{\"@type\":\"PropertyValueSpecification\",\"valueRequired\":true,\"valueName\":\"search_term_string\"}}],\"inLanguage\":\"no-NO\"},{\"@type\":\"Organization\",\"@id\":\"https:\\\/\\\/www.cartransporteurope.com\\\/no\\\/#organization\",\"name\":\"Car Transport Europe\",\"url\":\"https:\\\/\\\/www.cartransporteurope.com\\\/no\\\/\",\"logo\":{\"@type\":\"ImageObject\",\"inLanguage\":\"no-NO\",\"@id\":\"https:\\\/\\\/www.cartransporteurope.com\\\/no\\\/#\\\/schema\\\/logo\\\/image\\\/\",\"url\":\"https:\\\/\\\/www.cartransporteurope.com\\\/wp-content\\\/uploads\\\/2023\\\/03\\\/Logo-Car-Transport-Europe.png\",\"contentUrl\":\"https:\\\/\\\/www.cartransporteurope.com\\\/wp-content\\\/uploads\\\/2023\\\/03\\\/Logo-Car-Transport-Europe.png\",\"width\":764,\"height\":252,\"caption\":\"Car Transport Europe\"},\"image\":{\"@id\":\"https:\\\/\\\/www.cartransporteurope.com\\\/no\\\/#\\\/schema\\\/logo\\\/image\\\/\"}}]}<\/script>\n<!-- \/ Yoast SEO plugin. -->","yoast_head_json":{"title":"Retningslinjer for personvern - Car Transport Europe","robots":{"index":"index","follow":"follow","max-snippet":"max-snippet:-1","max-image-preview":"max-image-preview:large","max-video-preview":"max-video-preview:-1"},"canonical":"https:\/\/www.cartransporteurope.com\/no\/retningslinjer-for-personvern\/","og_locale":"en_US","og_type":"article","og_title":"Retningslinjer for personvern - Car Transport Europe","og_description":"I henhold til bestemmelsene i personvernforordningen (GDPR): Europe Car Shipping S.L. CIF: B-16991622 Adresse: Calle Avenida de Valencia, R. La Santa Cruz, n\u00ba 31 Edf. Buganvilla 18690 Almu\u00f1\u00e9car (Granada) Innf\u00f8ring i handelsregisteret: Inscrita en el Registro Mercantil de Granada, Tomo: 861, Libro: 0, Folio: 102, Hoja: GR-15.075 e INSCRIP: 1\u00aa Oversendelse og registrering av personopplysninger&hellip;","og_url":"https:\/\/www.cartransporteurope.com\/no\/retningslinjer-for-personvern\/","og_site_name":"Car Transport Europe","twitter_card":"summary_large_image","twitter_misc":{"Est. reading time":"3 minutes"},"schema":{"@context":"https:\/\/schema.org","@graph":[{"@type":"WebPage","@id":"https:\/\/www.cartransporteurope.com\/no\/retningslinjer-for-personvern\/","url":"https:\/\/www.cartransporteurope.com\/no\/retningslinjer-for-personvern\/","name":"Retningslinjer for personvern - Car Transport Europe","isPartOf":{"@id":"https:\/\/www.cartransporteurope.com\/no\/#website"},"datePublished":"2023-03-13T08:47:26+00:00","breadcrumb":{"@id":"https:\/\/www.cartransporteurope.com\/no\/retningslinjer-for-personvern\/#breadcrumb"},"inLanguage":"no-NO","potentialAction":[{"@type":"ReadAction","target":["https:\/\/www.cartransporteurope.com\/no\/retningslinjer-for-personvern\/"]}]},{"@type":"BreadcrumbList","@id":"https:\/\/www.cartransporteurope.com\/no\/retningslinjer-for-personvern\/#breadcrumb","itemListElement":[{"@type":"ListItem","position":1,"name":"Portada","item":"https:\/\/www.cartransporteurope.com\/no\/"},{"@type":"ListItem","position":2,"name":"Retningslinjer for personvern"}]},{"@type":"WebSite","@id":"https:\/\/www.cartransporteurope.com\/no\/#website","url":"https:\/\/www.cartransporteurope.com\/no\/","name":"Car Transport Europe","description":"","publisher":{"@id":"https:\/\/www.cartransporteurope.com\/no\/#organization"},"potentialAction":[{"@type":"SearchAction","target":{"@type":"EntryPoint","urlTemplate":"https:\/\/www.cartransporteurope.com\/no\/?s={search_term_string}"},"query-input":{"@type":"PropertyValueSpecification","valueRequired":true,"valueName":"search_term_string"}}],"inLanguage":"no-NO"},{"@type":"Organization","@id":"https:\/\/www.cartransporteurope.com\/no\/#organization","name":"Car Transport Europe","url":"https:\/\/www.cartransporteurope.com\/no\/","logo":{"@type":"ImageObject","inLanguage":"no-NO","@id":"https:\/\/www.cartransporteurope.com\/no\/#\/schema\/logo\/image\/","url":"https:\/\/www.cartransporteurope.com\/wp-content\/uploads\/2023\/03\/Logo-Car-Transport-Europe.png","contentUrl":"https:\/\/www.cartransporteurope.com\/wp-content\/uploads\/2023\/03\/Logo-Car-Transport-Europe.png","width":764,"height":252,"caption":"Car Transport Europe"},"image":{"@id":"https:\/\/www.cartransporteurope.com\/no\/#\/schema\/logo\/image\/"}}]}},"_links":{"self":[{"href":"https:\/\/www.cartransporteurope.com\/no\/wp-json\/wp\/v2\/pages\/5332","targetHints":{"allow":["GET"]}}],"collection":[{"href":"https:\/\/www.cartransporteurope.com\/no\/wp-json\/wp\/v2\/pages"}],"about":[{"href":"https:\/\/www.cartransporteurope.com\/no\/wp-json\/wp\/v2\/types\/page"}],"author":[{"embeddable":true,"href":"https:\/\/www.cartransporteurope.com\/no\/wp-json\/wp\/v2\/users\/2"}],"replies":[{"embeddable":true,"href":"https:\/\/www.cartransporteurope.com\/no\/wp-json\/wp\/v2\/comments?post=5332"}],"version-history":[{"count":0,"href":"https:\/\/www.cartransporteurope.com\/no\/wp-json\/wp\/v2\/pages\/5332\/revisions"}],"wp:attachment":[{"href":"https:\/\/www.cartransporteurope.com\/no\/wp-json\/wp\/v2\/media?parent=5332"}],"curies":[{"name":"wp","href":"https:\/\/api.w.org\/{rel}","templated":true}]}}