{"id":5339,"date":"2023-03-13T08:47:26","date_gmt":"2023-03-13T08:47:26","guid":{"rendered":"https:\/\/www.cartransporteurope.com\/integritetspolicy\/"},"modified":"2023-03-13T08:47:26","modified_gmt":"2023-03-13T08:47:26","slug":"integritetspolicy","status":"publish","type":"page","link":"https:\/\/www.cartransporteurope.com\/sv\/integritetspolicy\/","title":{"rendered":"Integritetspolicy"},"content":{"rendered":"<p>I enlighet med best\u00e4mmelserna i den allm\u00e4nna dataskyddsf\u00f6rordningen (GDPR):<\/p>\n<p>Europe Car Shipping S.L.<br \/>\nCIF: B-16991622<br \/>\nAdress: Calle Avenida de Valencia, R. La Santa Cruz, n\u00ba 31 Edf. Buganvilla 18690 Almu\u00f1\u00e9car (Granada) <\/p>\n<p>Inskription i handelsregistret: Inscrita en el Registro Mercantil de Granada, Tomo: 861, Libro: 0, Folio: 102, Hoja: GR-15.075 e INSCRIP: 1\u00aa<\/p>\n<h2>Skicka och registrera personuppgifter<\/h2>\n<p>Det \u00e4r obligatoriskt att skicka personuppgifter f\u00f6r att kontakta och f\u00e5 information om de tj\u00e4nster som Europe Car Shipping S.L. tillhandah\u00e5ller. Om du inte l\u00e4mnar de beg\u00e4rda personuppgifterna eller inte godk\u00e4nner denna dataskyddspolicy inneb\u00e4r det att du inte kan prenumerera, registrera dig eller f\u00e5 information om dessa tj\u00e4nster. <\/p>\n<h2>Uppgifternas exakthet och sanningshalt<\/h2>\n<p>Anv\u00e4ndaren som skickar informationen till Europe Car Shipping S.L. \u00e4r ensam ansvarig f\u00f6r att de uppgifter som ing\u00e5r \u00e4r sanningsenliga och korrekta, vilket befriar Europe Car Shipping S.L. fr\u00e5n allt ansvar i detta avseende. <\/p>\n<p>Anv\u00e4ndaren garanterar och ansvarar under alla omst\u00e4ndigheter f\u00f6r att de personuppgifter som l\u00e4mnas in \u00e4r korrekta, giltiga och \u00e4kta, och f\u00f6rbinder sig att h\u00e5lla dem uppdaterade.<\/p>\n<p>Anv\u00e4ndaren samtycker till att l\u00e4mna fullst\u00e4ndiga och korrekta uppgifter i registreringsformul\u00e4ret eller prenumerationsformul\u00e4ret.<\/p>\n<p>Europe Car Shipping S.L. ansvarar inte f\u00f6r sanningshalten i den information som inte \u00e4r egen framst\u00e4llning och f\u00f6r vilken en annan k\u00e4lla anges, och tar inte heller n\u00e5got ansvar f\u00f6r hypotetiska skador som kan uppst\u00e5 vid anv\u00e4ndning av ovann\u00e4mnda information. Europe Car Shipping S.L. \u00e4r befriad fr\u00e5n ansvar f\u00f6r eventuella skador som anv\u00e4ndaren kan lida till f\u00f6ljd av fel, brister eller utel\u00e4mnanden i informationen n\u00e4r den kommer fr\u00e5n k\u00e4llor utanf\u00f6r Europe Car Shipping S.L. <\/p>\n<p>Europe Car Shipping S.L. garanterar inte att tj\u00e4nsterna \u00e4r st\u00e4ndigt tillg\u00e4ngliga och friskriver sig fr\u00e5n alla typer av ansvar f\u00f6r eventuella skador som orsakas av att tj\u00e4nsten inte \u00e4r tillg\u00e4nglig p\u00e5 grund av force majeure eller fel i de telematiska n\u00e4tverken f\u00f6r data\u00f6verf\u00f6ring som ligger utanf\u00f6r dess kontroll.<\/p>\n<h2>\u00d6verf\u00f6ring av uppgifter<\/h2>\n<p>Europe Car Shipping S.L. kommer inte att \u00f6verf\u00f6ra personuppgifter till tredje part. Om uppgifterna \u00f6verf\u00f6rs till en tredje part kommer dock f\u00f6rhandsinformation att l\u00e4mnas f\u00f6r att beg\u00e4ra ett uttryckligt samtycke fr\u00e5n den ber\u00f6rda parten i enlighet med direktivet om skydd av personuppgifter. <\/p>\n<h2>Ut\u00f6vande av r\u00e4ttigheter<\/h2>\n<p>Du kan skicka dina meddelanden och ut\u00f6va dina r\u00e4ttigheter till tillg\u00e5ng, r\u00e4ttelse, annullering och inv\u00e4ndning samt, p\u00e5 grundval av EU-f\u00f6rordningen, till undanr\u00f6jande, begr\u00e4nsning av anv\u00e4ndning och portabilitet per post till f\u00f6ljande adress: Calle Avenida de Valencia, R. La Santa Cruz, n\u00ba 31 Edf. Buganvilla 18690 Almu\u00f1\u00e9car (Granada), eller via e-post till <span class=\"S1PPyQ\">info@cartransporteurope.com<\/span> med ett r\u00e4ttsligt giltigt bevis, t.ex. en fotokopia av ditt ID-kort, och med angivande av &#8221;DATASKYDD&#8221; i \u00e4mnesraden. <\/p>\n<p>Genom att acceptera denna policy samtycker anv\u00e4ndaren till att Europe Car Shipping S.L. anv\u00e4nder hans\/hennes personuppgifter f\u00f6r kommersiell kommunikation och kan ut\u00f6va sina r\u00e4ttigheter enligt ovan.<\/p>\n<p>Anv\u00e4ndaren godk\u00e4nner att alla hans eller hennes personuppgifter kommer att \u00f6verf\u00f6ras i sin helhet till Aplazarse fr\u00e5n och med det \u00f6gonblick d\u00e5 anv\u00e4ndaren inleder avtalet om tj\u00e4nsten f\u00f6r uppskjuten betalning som erbjuds av Aplazarse n\u00e4r han eller hon v\u00e4ljer betalningsform.<\/p>\n<p>Detta godk\u00e4nnande g\u00e4ller \u00e4ven tredje part som kan beh\u00f6va tillg\u00e5ng till filerna f\u00f6r att avtalet ska kunna fullg\u00f6ras korrekt.<\/p>\n<h2>Godk\u00e4nnande och samtycke<\/h2>\n<p>Anv\u00e4ndaren f\u00f6rklarar att han\/hon har informerats om villkoren f\u00f6r skydd av personuppgifter och accepterar och samtycker till att Europe Car Shipping S.L. behandlar dem p\u00e5 det s\u00e4tt och f\u00f6r de \u00e4ndam\u00e5l som anges i denna policy f\u00f6r skydd av personuppgifter.<\/p>\n<h2>\u00c4ndringar i sekretesspolicyn<\/h2>\n<p>Europe Car Shipping S.L. f\u00f6rbeh\u00e5ller sig r\u00e4tten att \u00e4ndra denna policy f\u00f6r att anpassa den till ny lagstiftning eller r\u00e4ttspraxis samt till branschpraxis.<\/p>\n<p>I dessa fall kommer Europe Car Shipping S.L. att tillk\u00e4nnage \u00e4ndringarna p\u00e5 denna sida med rimlig varsel innan de genomf\u00f6rs.<\/p>\n","protected":false},"excerpt":{"rendered":"<p>I enlighet med best\u00e4mmelserna i den allm\u00e4nna dataskyddsf\u00f6rordningen (GDPR): Europe Car Shipping S.L. CIF: B-16991622 Adress: Calle Avenida de Valencia, R. La Santa Cruz, n\u00ba 31 Edf. Buganvilla 18690 Almu\u00f1\u00e9car (Granada) Inskription i handelsregistret: Inscrita en el Registro Mercantil de Granada, Tomo: 861, Libro: 0, Folio: 102, Hoja: GR-15.075 e INSCRIP: 1\u00aa Skicka och registrera&hellip;<\/p>\n","protected":false},"author":2,"featured_media":0,"parent":0,"menu_order":0,"comment_status":"closed","ping_status":"closed","template":"","meta":{"content-type":"","_monsterinsights_skip_tracking":false,"_monsterinsights_sitenote_active":false,"_monsterinsights_sitenote_note":"","_monsterinsights_sitenote_category":0,"footnotes":""},"class_list":["post-5339","page","type-page","status-publish","hentry","entry","no-media"],"yoast_head":"<!-- This site is optimized with the Yoast SEO plugin v27.3 - https:\/\/yoast.com\/product\/yoast-seo-wordpress\/ -->\n<title>Integritetspolicy - Car Transport Europe<\/title>\n<meta name=\"robots\" content=\"index, follow, max-snippet:-1, max-image-preview:large, max-video-preview:-1\" \/>\n<link rel=\"canonical\" href=\"https:\/\/www.cartransporteurope.com\/sv\/integritetspolicy\/\" \/>\n<meta property=\"og:locale\" content=\"sv_SE\" \/>\n<meta property=\"og:type\" content=\"article\" \/>\n<meta property=\"og:title\" content=\"Integritetspolicy - Car Transport Europe\" \/>\n<meta property=\"og:description\" content=\"I enlighet med best\u00e4mmelserna i den allm\u00e4nna dataskyddsf\u00f6rordningen (GDPR): Europe Car Shipping S.L. CIF: B-16991622 Adress: Calle Avenida de Valencia, R. La Santa Cruz, n\u00ba 31 Edf. Buganvilla 18690 Almu\u00f1\u00e9car (Granada) Inskription i handelsregistret: Inscrita en el Registro Mercantil de Granada, Tomo: 861, Libro: 0, Folio: 102, Hoja: GR-15.075 e INSCRIP: 1\u00aa Skicka och registrera&hellip;\" \/>\n<meta property=\"og:url\" content=\"https:\/\/www.cartransporteurope.com\/sv\/integritetspolicy\/\" \/>\n<meta property=\"og:site_name\" content=\"Car Transport Europe\" \/>\n<meta name=\"twitter:card\" content=\"summary_large_image\" \/>\n<meta name=\"twitter:label1\" content=\"Ber\u00e4knad l\u00e4stid\" \/>\n\t<meta name=\"twitter:data1\" content=\"4 minuter\" \/>\n<script type=\"application\/ld+json\" class=\"yoast-schema-graph\">{\"@context\":\"https:\\\/\\\/schema.org\",\"@graph\":[{\"@type\":\"WebPage\",\"@id\":\"https:\\\/\\\/www.cartransporteurope.com\\\/sv\\\/integritetspolicy\\\/\",\"url\":\"https:\\\/\\\/www.cartransporteurope.com\\\/sv\\\/integritetspolicy\\\/\",\"name\":\"Integritetspolicy - Car Transport Europe\",\"isPartOf\":{\"@id\":\"https:\\\/\\\/www.cartransporteurope.com\\\/sv\\\/#website\"},\"datePublished\":\"2023-03-13T08:47:26+00:00\",\"breadcrumb\":{\"@id\":\"https:\\\/\\\/www.cartransporteurope.com\\\/sv\\\/integritetspolicy\\\/#breadcrumb\"},\"inLanguage\":\"sv-SE\",\"potentialAction\":[{\"@type\":\"ReadAction\",\"target\":[\"https:\\\/\\\/www.cartransporteurope.com\\\/sv\\\/integritetspolicy\\\/\"]}]},{\"@type\":\"BreadcrumbList\",\"@id\":\"https:\\\/\\\/www.cartransporteurope.com\\\/sv\\\/integritetspolicy\\\/#breadcrumb\",\"itemListElement\":[{\"@type\":\"ListItem\",\"position\":1,\"name\":\"Portada\",\"item\":\"https:\\\/\\\/www.cartransporteurope.com\\\/sv\\\/\"},{\"@type\":\"ListItem\",\"position\":2,\"name\":\"Integritetspolicy\"}]},{\"@type\":\"WebSite\",\"@id\":\"https:\\\/\\\/www.cartransporteurope.com\\\/sv\\\/#website\",\"url\":\"https:\\\/\\\/www.cartransporteurope.com\\\/sv\\\/\",\"name\":\"Car Transport Europe\",\"description\":\"\",\"publisher\":{\"@id\":\"https:\\\/\\\/www.cartransporteurope.com\\\/sv\\\/#organization\"},\"potentialAction\":[{\"@type\":\"SearchAction\",\"target\":{\"@type\":\"EntryPoint\",\"urlTemplate\":\"https:\\\/\\\/www.cartransporteurope.com\\\/sv\\\/?s={search_term_string}\"},\"query-input\":{\"@type\":\"PropertyValueSpecification\",\"valueRequired\":true,\"valueName\":\"search_term_string\"}}],\"inLanguage\":\"sv-SE\"},{\"@type\":\"Organization\",\"@id\":\"https:\\\/\\\/www.cartransporteurope.com\\\/sv\\\/#organization\",\"name\":\"Car Transport Europe\",\"url\":\"https:\\\/\\\/www.cartransporteurope.com\\\/sv\\\/\",\"logo\":{\"@type\":\"ImageObject\",\"inLanguage\":\"sv-SE\",\"@id\":\"https:\\\/\\\/www.cartransporteurope.com\\\/sv\\\/#\\\/schema\\\/logo\\\/image\\\/\",\"url\":\"https:\\\/\\\/www.cartransporteurope.com\\\/wp-content\\\/uploads\\\/2023\\\/03\\\/Logo-Car-Transport-Europe.png\",\"contentUrl\":\"https:\\\/\\\/www.cartransporteurope.com\\\/wp-content\\\/uploads\\\/2023\\\/03\\\/Logo-Car-Transport-Europe.png\",\"width\":764,\"height\":252,\"caption\":\"Car Transport Europe\"},\"image\":{\"@id\":\"https:\\\/\\\/www.cartransporteurope.com\\\/sv\\\/#\\\/schema\\\/logo\\\/image\\\/\"}}]}<\/script>\n<!-- \/ Yoast SEO plugin. -->","yoast_head_json":{"title":"Integritetspolicy - Car Transport Europe","robots":{"index":"index","follow":"follow","max-snippet":"max-snippet:-1","max-image-preview":"max-image-preview:large","max-video-preview":"max-video-preview:-1"},"canonical":"https:\/\/www.cartransporteurope.com\/sv\/integritetspolicy\/","og_locale":"sv_SE","og_type":"article","og_title":"Integritetspolicy - Car Transport Europe","og_description":"I enlighet med best\u00e4mmelserna i den allm\u00e4nna dataskyddsf\u00f6rordningen (GDPR): Europe Car Shipping S.L. CIF: B-16991622 Adress: Calle Avenida de Valencia, R. La Santa Cruz, n\u00ba 31 Edf. Buganvilla 18690 Almu\u00f1\u00e9car (Granada) Inskription i handelsregistret: Inscrita en el Registro Mercantil de Granada, Tomo: 861, Libro: 0, Folio: 102, Hoja: GR-15.075 e INSCRIP: 1\u00aa Skicka och registrera&hellip;","og_url":"https:\/\/www.cartransporteurope.com\/sv\/integritetspolicy\/","og_site_name":"Car Transport Europe","twitter_card":"summary_large_image","twitter_misc":{"Ber\u00e4knad l\u00e4stid":"4 minuter"},"schema":{"@context":"https:\/\/schema.org","@graph":[{"@type":"WebPage","@id":"https:\/\/www.cartransporteurope.com\/sv\/integritetspolicy\/","url":"https:\/\/www.cartransporteurope.com\/sv\/integritetspolicy\/","name":"Integritetspolicy - Car Transport Europe","isPartOf":{"@id":"https:\/\/www.cartransporteurope.com\/sv\/#website"},"datePublished":"2023-03-13T08:47:26+00:00","breadcrumb":{"@id":"https:\/\/www.cartransporteurope.com\/sv\/integritetspolicy\/#breadcrumb"},"inLanguage":"sv-SE","potentialAction":[{"@type":"ReadAction","target":["https:\/\/www.cartransporteurope.com\/sv\/integritetspolicy\/"]}]},{"@type":"BreadcrumbList","@id":"https:\/\/www.cartransporteurope.com\/sv\/integritetspolicy\/#breadcrumb","itemListElement":[{"@type":"ListItem","position":1,"name":"Portada","item":"https:\/\/www.cartransporteurope.com\/sv\/"},{"@type":"ListItem","position":2,"name":"Integritetspolicy"}]},{"@type":"WebSite","@id":"https:\/\/www.cartransporteurope.com\/sv\/#website","url":"https:\/\/www.cartransporteurope.com\/sv\/","name":"Car Transport Europe","description":"","publisher":{"@id":"https:\/\/www.cartransporteurope.com\/sv\/#organization"},"potentialAction":[{"@type":"SearchAction","target":{"@type":"EntryPoint","urlTemplate":"https:\/\/www.cartransporteurope.com\/sv\/?s={search_term_string}"},"query-input":{"@type":"PropertyValueSpecification","valueRequired":true,"valueName":"search_term_string"}}],"inLanguage":"sv-SE"},{"@type":"Organization","@id":"https:\/\/www.cartransporteurope.com\/sv\/#organization","name":"Car Transport Europe","url":"https:\/\/www.cartransporteurope.com\/sv\/","logo":{"@type":"ImageObject","inLanguage":"sv-SE","@id":"https:\/\/www.cartransporteurope.com\/sv\/#\/schema\/logo\/image\/","url":"https:\/\/www.cartransporteurope.com\/wp-content\/uploads\/2023\/03\/Logo-Car-Transport-Europe.png","contentUrl":"https:\/\/www.cartransporteurope.com\/wp-content\/uploads\/2023\/03\/Logo-Car-Transport-Europe.png","width":764,"height":252,"caption":"Car Transport Europe"},"image":{"@id":"https:\/\/www.cartransporteurope.com\/sv\/#\/schema\/logo\/image\/"}}]}},"_links":{"self":[{"href":"https:\/\/www.cartransporteurope.com\/sv\/wp-json\/wp\/v2\/pages\/5339","targetHints":{"allow":["GET"]}}],"collection":[{"href":"https:\/\/www.cartransporteurope.com\/sv\/wp-json\/wp\/v2\/pages"}],"about":[{"href":"https:\/\/www.cartransporteurope.com\/sv\/wp-json\/wp\/v2\/types\/page"}],"author":[{"embeddable":true,"href":"https:\/\/www.cartransporteurope.com\/sv\/wp-json\/wp\/v2\/users\/2"}],"replies":[{"embeddable":true,"href":"https:\/\/www.cartransporteurope.com\/sv\/wp-json\/wp\/v2\/comments?post=5339"}],"version-history":[{"count":0,"href":"https:\/\/www.cartransporteurope.com\/sv\/wp-json\/wp\/v2\/pages\/5339\/revisions"}],"wp:attachment":[{"href":"https:\/\/www.cartransporteurope.com\/sv\/wp-json\/wp\/v2\/media?parent=5339"}],"curies":[{"name":"wp","href":"https:\/\/api.w.org\/{rel}","templated":true}]}}