{"id":5348,"date":"2023-03-13T08:46:23","date_gmt":"2023-03-13T08:46:23","guid":{"rendered":"https:\/\/www.cartransporteurope.com\/cookie-policy\/"},"modified":"2023-03-13T08:46:23","modified_gmt":"2023-03-13T08:46:23","slug":"cookie-policy","status":"publish","type":"page","link":"https:\/\/www.cartransporteurope.com\/sv\/cookie-policy\/","title":{"rendered":"Cookie-policy"},"content":{"rendered":"<h3>Om denna cookiepolicy<\/h3>\n<div>\n<p>Denna cookiepolicy f\u00f6rklarar vad cookies \u00e4r och hur vi anv\u00e4nder dem. Du b\u00f6r l\u00e4sa den h\u00e4r policyn f\u00f6r att f\u00f6rst\u00e5 vad cookies \u00e4r, hur vi anv\u00e4nder dem, vilka typer av cookies vi anv\u00e4nder, dvs. vilken information vi samlar in med hj\u00e4lp av cookies och hur den informationen anv\u00e4nds samt hur du kontrollerar cookiepreferenser. Mer information om hur vi anv\u00e4nder, lagrar och skyddar dina personuppgifter finns i v\u00e5r sekretesspolicy.<\/p>\n<p>Du kan n\u00e4r som helst \u00e4ndra eller \u00e5terkalla ditt samtycke till cookief\u00f6rklaringen p\u00e5 v\u00e5r webbplats.<\/p>\n<p>L\u00e4s mer om vilka vi \u00e4r, hur du kan kontakta oss och hur vi behandlar personuppgifter i v\u00e5r sekretesspolicy.<\/p>\n<p>Ditt samtycke g\u00e4ller f\u00f6ljande omr\u00e5den: www.virtuimagen.com<\/p>\n[user_consent_state]\n<\/div>\n<h3>Vad \u00e4r cookies?<\/h3>\n<div>Cookies \u00e4r sm\u00e5 textfiler som anv\u00e4nds f\u00f6r att lagra sm\u00e5 bitar av information. Cookies lagras p\u00e5 din enhet n\u00e4r webbplatsen laddas i din webbl\u00e4sare. Dessa cookies hj\u00e4lper oss att f\u00e5 webbplatsen att fungera korrekt, g\u00f6ra den s\u00e4krare, ge en b\u00e4ttre anv\u00e4ndarupplevelse, f\u00f6rst\u00e5 hur webbplatsen fungerar och analysera vad som fungerar och var den beh\u00f6ver f\u00f6rb\u00e4ttras.<\/div>\n<h3>Hur anv\u00e4nder vi cookies?<\/h3>\n<div>\n<p>Liksom de flesta onlinetj\u00e4nster anv\u00e4nder v\u00e5r webbplats egna och tredjepartscookies f\u00f6r ett antal syften. F\u00f6rstapartscookies \u00e4r i f\u00f6rsta hand n\u00f6dv\u00e4ndiga f\u00f6r att webbplatsen ska fungera korrekt och samlar inte in n\u00e5gon personligt identifierbar information om dig.<\/p>\n<p>Cookies fr\u00e5n tredje part som anv\u00e4nds p\u00e5 v\u00e5ra webbplatser anv\u00e4nds fr\u00e4mst f\u00f6r att f\u00f6rst\u00e5 hur webbplatsen fungerar, hur du interagerar med v\u00e5r webbplats, f\u00f6r att h\u00e5lla v\u00e5ra tj\u00e4nster s\u00e4kra, f\u00f6rse dig med annonser som \u00e4r relevanta f\u00f6r dig och i allm\u00e4nhet ge dig en b\u00e4ttre och f\u00f6rb\u00e4ttrad anv\u00e4ndarupplevelse och bidra till att p\u00e5skynda dina framtida interaktioner med v\u00e5r webbplats.<\/p>\n<\/div>\n<h3>Vilka typer av cookies anv\u00e4nder vi?<\/h3>\n<div>\n<p>V\u00e4sentliga: Vissa cookies \u00e4r n\u00f6dv\u00e4ndiga f\u00f6r att du ska kunna anv\u00e4nda alla funktioner p\u00e5 v\u00e5r webbplats. De g\u00f6r det m\u00f6jligt f\u00f6r oss att uppr\u00e4tth\u00e5lla anv\u00e4ndarsessioner och f\u00f6rhindra s\u00e4kerhetshot. De samlar inte in eller lagrar n\u00e5gon personlig information. Dessa cookies g\u00f6r det till exempel m\u00f6jligt f\u00f6r dig att logga in p\u00e5 ditt konto, l\u00e4gga till produkter i din korg och betala s\u00e4kert.<\/p>\n<p>Statistik: Dessa kakor lagrar information om t.ex. antalet bes\u00f6kare p\u00e5 webbplatsen, antalet unika bes\u00f6kare, vilka sidor p\u00e5 webbplatsen som har bes\u00f6kts, k\u00e4llan till bes\u00f6ket osv. Dessa uppgifter hj\u00e4lper oss att f\u00f6rst\u00e5 och analysera hur v\u00e4l webbplatsen fungerar och var den beh\u00f6ver f\u00f6rb\u00e4ttras.<\/p>\n<p>Marknadsf\u00f6ring: P\u00e5 v\u00e5r webbplats visas annonser. Dessa cookies anv\u00e4nds f\u00f6r att anpassa de annonser vi visar dig s\u00e5 att de \u00e4r meningsfulla f\u00f6r dig. Dessa cookies hj\u00e4lper oss ocks\u00e5 att m\u00e4ta hur effektiva dessa reklamkampanjer \u00e4r.<br \/>\nDen information som lagras i dessa cookies kan ocks\u00e5 anv\u00e4ndas av tredjepartsleverant\u00f6rer av annonser f\u00f6r att visa dig annonser p\u00e5 andra webbplatser i din webbl\u00e4sare.<\/p>\n<p>Funktionella: Det h\u00e4r \u00e4r cookies som st\u00f6der vissa icke-essentiella funktioner p\u00e5 v\u00e5r webbplats. Funktionella: Det h\u00e4r \u00e4r cookies som st\u00f6der vissa icke-essentiella funktioner p\u00e5 v\u00e5r webbplats.<\/p>\n<p>Preferenser: Dessa cookies hj\u00e4lper oss att lagra dina webbl\u00e4sarinst\u00e4llningar och preferenser, t.ex. spr\u00e5kpreferenser, s\u00e5 att du f\u00e5r en b\u00e4ttre och mer effektiv upplevelse vid framtida bes\u00f6k p\u00e5 webbplatsen.<br \/>\n[cookie_audit columns=&#8221;cookie,description&#8221; heading=&#8221;La siguiente lista detalla las cookies utilizadas en nuestro sitio web.&#8221;]\n<\/div>\n<h3>Hur kan jag kontrollera mina inst\u00e4llningar f\u00f6r cookies?<\/h3>\n<div>\n<p>Om du best\u00e4mmer dig f\u00f6r att \u00e4ndra dina inst\u00e4llningar senare under din webbl\u00e4sarsession kan du klicka p\u00e5 fliken &#8221;Integritets- och cookiepolicy&#8221; p\u00e5 din sk\u00e4rm. D\u00e5 visas meddelandet om samtycke p\u00e5 nytt, s\u00e5 att du kan \u00e4ndra dina inst\u00e4llningar eller \u00e5terkalla ditt samtycke helt och h\u00e5llet.<\/p>\n<p>Dessutom erbjuder olika webbl\u00e4sare olika metoder f\u00f6r att blockera och radera cookies som anv\u00e4nds av webbplatser. Du kan \u00e4ndra inst\u00e4llningarna i din webbl\u00e4sare f\u00f6r att blockera\/ta bort cookies. Mer information om hur du hanterar och raderar cookies finns p\u00e5 wikipedia.org, www.allaboutcookies.org.<\/p>\n<\/div>\n","protected":false},"excerpt":{"rendered":"<p>Om denna cookiepolicy Denna cookiepolicy f\u00f6rklarar vad cookies \u00e4r och hur vi anv\u00e4nder dem. Du b\u00f6r l\u00e4sa den h\u00e4r policyn f\u00f6r att f\u00f6rst\u00e5 vad cookies \u00e4r, hur vi anv\u00e4nder dem, vilka typer av cookies vi anv\u00e4nder, dvs. vilken information vi samlar in med hj\u00e4lp av cookies och hur den informationen anv\u00e4nds samt hur du kontrollerar&hellip;<\/p>\n","protected":false},"author":2,"featured_media":0,"parent":0,"menu_order":0,"comment_status":"closed","ping_status":"closed","template":"","meta":{"content-type":"","_monsterinsights_skip_tracking":false,"_monsterinsights_sitenote_active":false,"_monsterinsights_sitenote_note":"","_monsterinsights_sitenote_category":0,"footnotes":""},"class_list":["post-5348","page","type-page","status-publish","hentry","entry","no-media"],"yoast_head":"<!-- This site is optimized with the Yoast SEO plugin v27.3 - https:\/\/yoast.com\/product\/yoast-seo-wordpress\/ -->\n<title>Cookie-policy - Car Transport Europe<\/title>\n<meta name=\"robots\" content=\"index, follow, max-snippet:-1, max-image-preview:large, max-video-preview:-1\" \/>\n<link rel=\"canonical\" href=\"https:\/\/www.cartransporteurope.com\/sv\/cookie-policy\/\" \/>\n<meta property=\"og:locale\" content=\"sv_SE\" \/>\n<meta property=\"og:type\" content=\"article\" \/>\n<meta property=\"og:title\" content=\"Cookie-policy - Car Transport Europe\" \/>\n<meta property=\"og:description\" content=\"Om denna cookiepolicy Denna cookiepolicy f\u00f6rklarar vad cookies \u00e4r och hur vi anv\u00e4nder dem. Du b\u00f6r l\u00e4sa den h\u00e4r policyn f\u00f6r att f\u00f6rst\u00e5 vad cookies \u00e4r, hur vi anv\u00e4nder dem, vilka typer av cookies vi anv\u00e4nder, dvs. vilken information vi samlar in med hj\u00e4lp av cookies och hur den informationen anv\u00e4nds samt hur du kontrollerar&hellip;\" \/>\n<meta property=\"og:url\" content=\"https:\/\/www.cartransporteurope.com\/sv\/cookie-policy\/\" \/>\n<meta property=\"og:site_name\" content=\"Car Transport Europe\" \/>\n<meta name=\"twitter:card\" content=\"summary_large_image\" \/>\n<meta name=\"twitter:label1\" content=\"Ber\u00e4knad l\u00e4stid\" \/>\n\t<meta name=\"twitter:data1\" content=\"4 minuter\" \/>\n<script type=\"application\/ld+json\" class=\"yoast-schema-graph\">{\"@context\":\"https:\\\/\\\/schema.org\",\"@graph\":[{\"@type\":\"WebPage\",\"@id\":\"https:\\\/\\\/www.cartransporteurope.com\\\/sv\\\/cookie-policy\\\/\",\"url\":\"https:\\\/\\\/www.cartransporteurope.com\\\/sv\\\/cookie-policy\\\/\",\"name\":\"Cookie-policy - Car Transport Europe\",\"isPartOf\":{\"@id\":\"https:\\\/\\\/www.cartransporteurope.com\\\/sv\\\/#website\"},\"datePublished\":\"2023-03-13T08:46:23+00:00\",\"breadcrumb\":{\"@id\":\"https:\\\/\\\/www.cartransporteurope.com\\\/sv\\\/cookie-policy\\\/#breadcrumb\"},\"inLanguage\":\"sv-SE\",\"potentialAction\":[{\"@type\":\"ReadAction\",\"target\":[\"https:\\\/\\\/www.cartransporteurope.com\\\/sv\\\/cookie-policy\\\/\"]}]},{\"@type\":\"BreadcrumbList\",\"@id\":\"https:\\\/\\\/www.cartransporteurope.com\\\/sv\\\/cookie-policy\\\/#breadcrumb\",\"itemListElement\":[{\"@type\":\"ListItem\",\"position\":1,\"name\":\"Portada\",\"item\":\"https:\\\/\\\/www.cartransporteurope.com\\\/sv\\\/\"},{\"@type\":\"ListItem\",\"position\":2,\"name\":\"Cookie-policy\"}]},{\"@type\":\"WebSite\",\"@id\":\"https:\\\/\\\/www.cartransporteurope.com\\\/sv\\\/#website\",\"url\":\"https:\\\/\\\/www.cartransporteurope.com\\\/sv\\\/\",\"name\":\"Car Transport Europe\",\"description\":\"\",\"publisher\":{\"@id\":\"https:\\\/\\\/www.cartransporteurope.com\\\/sv\\\/#organization\"},\"potentialAction\":[{\"@type\":\"SearchAction\",\"target\":{\"@type\":\"EntryPoint\",\"urlTemplate\":\"https:\\\/\\\/www.cartransporteurope.com\\\/sv\\\/?s={search_term_string}\"},\"query-input\":{\"@type\":\"PropertyValueSpecification\",\"valueRequired\":true,\"valueName\":\"search_term_string\"}}],\"inLanguage\":\"sv-SE\"},{\"@type\":\"Organization\",\"@id\":\"https:\\\/\\\/www.cartransporteurope.com\\\/sv\\\/#organization\",\"name\":\"Car Transport Europe\",\"url\":\"https:\\\/\\\/www.cartransporteurope.com\\\/sv\\\/\",\"logo\":{\"@type\":\"ImageObject\",\"inLanguage\":\"sv-SE\",\"@id\":\"https:\\\/\\\/www.cartransporteurope.com\\\/sv\\\/#\\\/schema\\\/logo\\\/image\\\/\",\"url\":\"https:\\\/\\\/www.cartransporteurope.com\\\/wp-content\\\/uploads\\\/2023\\\/03\\\/Logo-Car-Transport-Europe.png\",\"contentUrl\":\"https:\\\/\\\/www.cartransporteurope.com\\\/wp-content\\\/uploads\\\/2023\\\/03\\\/Logo-Car-Transport-Europe.png\",\"width\":764,\"height\":252,\"caption\":\"Car Transport Europe\"},\"image\":{\"@id\":\"https:\\\/\\\/www.cartransporteurope.com\\\/sv\\\/#\\\/schema\\\/logo\\\/image\\\/\"}}]}<\/script>\n<!-- \/ Yoast SEO plugin. -->","yoast_head_json":{"title":"Cookie-policy - Car Transport Europe","robots":{"index":"index","follow":"follow","max-snippet":"max-snippet:-1","max-image-preview":"max-image-preview:large","max-video-preview":"max-video-preview:-1"},"canonical":"https:\/\/www.cartransporteurope.com\/sv\/cookie-policy\/","og_locale":"sv_SE","og_type":"article","og_title":"Cookie-policy - Car Transport Europe","og_description":"Om denna cookiepolicy Denna cookiepolicy f\u00f6rklarar vad cookies \u00e4r och hur vi anv\u00e4nder dem. Du b\u00f6r l\u00e4sa den h\u00e4r policyn f\u00f6r att f\u00f6rst\u00e5 vad cookies \u00e4r, hur vi anv\u00e4nder dem, vilka typer av cookies vi anv\u00e4nder, dvs. vilken information vi samlar in med hj\u00e4lp av cookies och hur den informationen anv\u00e4nds samt hur du kontrollerar&hellip;","og_url":"https:\/\/www.cartransporteurope.com\/sv\/cookie-policy\/","og_site_name":"Car Transport Europe","twitter_card":"summary_large_image","twitter_misc":{"Ber\u00e4knad l\u00e4stid":"4 minuter"},"schema":{"@context":"https:\/\/schema.org","@graph":[{"@type":"WebPage","@id":"https:\/\/www.cartransporteurope.com\/sv\/cookie-policy\/","url":"https:\/\/www.cartransporteurope.com\/sv\/cookie-policy\/","name":"Cookie-policy - Car Transport Europe","isPartOf":{"@id":"https:\/\/www.cartransporteurope.com\/sv\/#website"},"datePublished":"2023-03-13T08:46:23+00:00","breadcrumb":{"@id":"https:\/\/www.cartransporteurope.com\/sv\/cookie-policy\/#breadcrumb"},"inLanguage":"sv-SE","potentialAction":[{"@type":"ReadAction","target":["https:\/\/www.cartransporteurope.com\/sv\/cookie-policy\/"]}]},{"@type":"BreadcrumbList","@id":"https:\/\/www.cartransporteurope.com\/sv\/cookie-policy\/#breadcrumb","itemListElement":[{"@type":"ListItem","position":1,"name":"Portada","item":"https:\/\/www.cartransporteurope.com\/sv\/"},{"@type":"ListItem","position":2,"name":"Cookie-policy"}]},{"@type":"WebSite","@id":"https:\/\/www.cartransporteurope.com\/sv\/#website","url":"https:\/\/www.cartransporteurope.com\/sv\/","name":"Car Transport Europe","description":"","publisher":{"@id":"https:\/\/www.cartransporteurope.com\/sv\/#organization"},"potentialAction":[{"@type":"SearchAction","target":{"@type":"EntryPoint","urlTemplate":"https:\/\/www.cartransporteurope.com\/sv\/?s={search_term_string}"},"query-input":{"@type":"PropertyValueSpecification","valueRequired":true,"valueName":"search_term_string"}}],"inLanguage":"sv-SE"},{"@type":"Organization","@id":"https:\/\/www.cartransporteurope.com\/sv\/#organization","name":"Car Transport Europe","url":"https:\/\/www.cartransporteurope.com\/sv\/","logo":{"@type":"ImageObject","inLanguage":"sv-SE","@id":"https:\/\/www.cartransporteurope.com\/sv\/#\/schema\/logo\/image\/","url":"https:\/\/www.cartransporteurope.com\/wp-content\/uploads\/2023\/03\/Logo-Car-Transport-Europe.png","contentUrl":"https:\/\/www.cartransporteurope.com\/wp-content\/uploads\/2023\/03\/Logo-Car-Transport-Europe.png","width":764,"height":252,"caption":"Car Transport Europe"},"image":{"@id":"https:\/\/www.cartransporteurope.com\/sv\/#\/schema\/logo\/image\/"}}]}},"_links":{"self":[{"href":"https:\/\/www.cartransporteurope.com\/sv\/wp-json\/wp\/v2\/pages\/5348","targetHints":{"allow":["GET"]}}],"collection":[{"href":"https:\/\/www.cartransporteurope.com\/sv\/wp-json\/wp\/v2\/pages"}],"about":[{"href":"https:\/\/www.cartransporteurope.com\/sv\/wp-json\/wp\/v2\/types\/page"}],"author":[{"embeddable":true,"href":"https:\/\/www.cartransporteurope.com\/sv\/wp-json\/wp\/v2\/users\/2"}],"replies":[{"embeddable":true,"href":"https:\/\/www.cartransporteurope.com\/sv\/wp-json\/wp\/v2\/comments?post=5348"}],"version-history":[{"count":0,"href":"https:\/\/www.cartransporteurope.com\/sv\/wp-json\/wp\/v2\/pages\/5348\/revisions"}],"wp:attachment":[{"href":"https:\/\/www.cartransporteurope.com\/sv\/wp-json\/wp\/v2\/media?parent=5348"}],"curies":[{"name":"wp","href":"https:\/\/api.w.org\/{rel}","templated":true}]}}