{"id":5349,"date":"2023-03-30T08:36:25","date_gmt":"2023-03-30T08:36:25","guid":{"rendered":"https:\/\/www.cartransporteurope.com\/faq\/"},"modified":"2023-04-12T09:26:44","modified_gmt":"2023-04-12T09:26:44","slug":"faqsv","status":"publish","type":"page","link":"https:\/\/www.cartransporteurope.com\/sv\/faqsv\/","title":{"rendered":"Faq"},"content":{"rendered":"<section class=\"wpb-content-wrapper\">[vc_row remove_bottom_col_margin=&#8221;true&#8221; css=&#8221;.vc_custom_1678695725688{padding-top: 60px !important;padding-bottom: 70px !important;}&#8221; local_scroll_id=&#8221;faq&#8221;][vc_column]<style>.vcex-heading.vcex_6a08fcb24232e{font-size:30px;font-weight:700;text-transform:uppercase;}<\/style><h2 class=\"vcex-heading vcex-heading-plain vcex-module wpex-text-2xl wpex-font-normal wpex-mb-10 wpex-text-center vcex_6a08fcb24232e\"><span class=\"vcex-heading-inner wpex-inline-block\">Ofta st\u00e4llda fr\u00e5gor<\/span><\/h2><div class=\"vcex-module vcex-divider vcex-divider-solid vcex-divider-center wpex-mx-auto wpex-max-w-100 wpex-block wpex-h-0 wpex-border-b wpex-border-solid wpex-border-main\" style=\"width:10%;margin-bottom:20px;border-bottom-width:5px;border-color:#424242;\"><\/div>[vc_column_text font_weight=&#8221;300&#8243; width=&#8221;900&#8243; font_size=&#8221;16px&#8221;]Har du n\u00e5gra tvivel? Se v\u00e5r FAQ-sektion eller kontakta oss. Vi ger dig g\u00e4rna r\u00e5d och erbjuder alltid den b\u00e4sta l\u00f6sningen f\u00f6r dig. P\u00e5 cartransporteurope garanterar vi dig den b\u00e4sta transporttj\u00e4nsten f\u00f6r bilar, motorcyklar och andra fordon i Spanien.<br \/>\nFull last av bilar[\/vc_column_text]<div class=\"vcex-spacing wpex-w-100 wpex-clear\"><\/div><style>.vcex-toggle-group.vcex_6a08fcb24309b{max-width:700px;}<\/style><div class=\"vcex-toggle-group vcex-toggle-group--w-borders vcex-module wpex-mx-auto wpex-last-border-none vcex_6a08fcb24309b\"><style>.vcex-toggle.vcex_6a08fcb2433b3 .vcex-toggle__heading{font-size:1.4em;}.vcex-toggle.vcex_6a08fcb2433b3 .vcex-toggle__content{font-size:16px;}<\/style><div class=\"vcex-toggle vcex-module vcex-toggle--active vcex_6a08fcb2433b3\" data-animate=\"true\" data-duration=\"300\"><div class=\"vcex-toggle__heading\"><a href=\"#hur-tar-man-reda-p-priset-fr-fordonstransporter\" class=\"vcex-toggle__trigger wpex-flex wpex-items-center wpex-transition-colors wpex-flex-row-reverse\" aria-expanded=\"true\" aria-controls=\"hur-tar-man-reda-p-priset-fr-fordonstransporter\"><div class=\"vcex-toggle__icon wpex-ml-10\" aria-hidden=\"true\"><div class=\"vcex-toggle__icon-open wpex-flex wpex-flex-col wpex-items-center\"><svg xmlns=\"http:\/\/www.w3.org\/2000\/svg\" height=\"1.5em\" viewBox=\"0 0 24 24\" width=\"1.5em\" fill=\"currentColor\"><path d=\"M0 0h24v24H0V0z\" fill=\"none\"\/><path d=\"M24 24H0V0h24v24z\" fill=\"none\" opacity=\".87\"\/><path d=\"M16.59 8.59L12 13.17 7.41 8.59 6 10l6 6 6-6-1.41-1.41z\"\/><\/svg><\/div><div class=\"vcex-toggle__icon-close wpex-flex wpex-flex-col wpex-items-center\"><svg xmlns=\"http:\/\/www.w3.org\/2000\/svg\" height=\"1.5em\" viewBox=\"0 0 24 24\" width=\"1.5em\" fill=\"currentColor\" class=\"vcex-toggle__icon-close\"><path d=\"M0 0h24v24H0V0z\" fill=\"none\"\/><path d=\"M12 8l-6 6 1.41 1.41L12 10.83l4.59 4.58L18 14l-6-6z\"\/><\/svg><\/div><\/div><h4 class=\"vcex-toggle__title wpex-mr-auto\">Hur tar man reda p\u00e5 priset f\u00f6r fordonstransporter?<\/h4><\/a><\/div><div id=\"hur-tar-man-reda-p-priset-fr-fordonstransporter\" class=\"vcex-toggle__content wpex-last-mb-0 wpex-my-10 wpex-clr\">Priset f\u00f6r <strong>fordonstransport<\/strong> kan du ta reda p\u00e5 genom att beg\u00e4ra en offert online p\u00e5 v\u00e5rt huvudformul\u00e4r eller genom att ringa v\u00e5rt kundtj\u00e4nstnummer. Du beh\u00f6ver bara fylla i vilken typ av fordon det r\u00f6r sig om, om det \u00e4r ett transportfordon eller inte samt ursprung och destination f\u00f6r bil\u00f6verf\u00f6ringen.<\/div><\/div><style>.vcex-toggle.vcex_6a08fcb243653 .vcex-toggle__heading{font-size:1.4em;}.vcex-toggle.vcex_6a08fcb243653 .vcex-toggle__content{font-size:16px;}<\/style><div class=\"vcex-toggle vcex-module vcex_6a08fcb243653\" data-animate=\"true\" data-duration=\"300\"><div class=\"vcex-toggle__heading\"><a href=\"#vad-kan-jag-flytta-nr-jag-ansker-om-fordonstransport\" class=\"vcex-toggle__trigger wpex-flex wpex-items-center wpex-transition-colors wpex-flex-row-reverse\" aria-expanded=\"false\" aria-controls=\"vad-kan-jag-flytta-nr-jag-ansker-om-fordonstransport\"><div class=\"vcex-toggle__icon wpex-ml-10\" aria-hidden=\"true\"><div class=\"vcex-toggle__icon-open wpex-flex wpex-flex-col wpex-items-center\"><svg xmlns=\"http:\/\/www.w3.org\/2000\/svg\" height=\"1.5em\" viewBox=\"0 0 24 24\" width=\"1.5em\" fill=\"currentColor\"><path d=\"M0 0h24v24H0V0z\" fill=\"none\"\/><path d=\"M24 24H0V0h24v24z\" fill=\"none\" opacity=\".87\"\/><path d=\"M16.59 8.59L12 13.17 7.41 8.59 6 10l6 6 6-6-1.41-1.41z\"\/><\/svg><\/div><div class=\"vcex-toggle__icon-close wpex-flex wpex-flex-col wpex-items-center\"><svg xmlns=\"http:\/\/www.w3.org\/2000\/svg\" height=\"1.5em\" viewBox=\"0 0 24 24\" width=\"1.5em\" fill=\"currentColor\" class=\"vcex-toggle__icon-close\"><path d=\"M0 0h24v24H0V0z\" fill=\"none\"\/><path d=\"M12 8l-6 6 1.41 1.41L12 10.83l4.59 4.58L18 14l-6-6z\"\/><\/svg><\/div><\/div><h4 class=\"vcex-toggle__title wpex-mr-auto\">Vad kan jag flytta n\u00e4r jag ans\u00f6ker om fordonstransport?<\/h4><\/a><\/div><div id=\"vad-kan-jag-flytta-nr-jag-ansker-om-fordonstransport\" class=\"vcex-toggle__content wpex-last-mb-0 wpex-my-10 wpex-clr\">P\u00e5 cartransporteurope erbjuder vi dig alla typer av <strong>fordonstransporter<\/strong>, inklusive bilar, motorcyklar och sk\u00e5pbilar. och alla <strong>transporter<\/strong> med motorfordon. B\u00e5de en i taget och i grupp.<\/div><\/div><style>.vcex-toggle.vcex_6a08fcb243934 .vcex-toggle__heading{font-size:1.4em;}.vcex-toggle.vcex_6a08fcb243934 .vcex-toggle__content{font-size:16px;}<\/style><div class=\"vcex-toggle vcex-module vcex_6a08fcb243934\" data-animate=\"true\" data-duration=\"300\"><div class=\"vcex-toggle__heading\"><a href=\"#mellan-vilka-punkter-kan-jag-utfra-en-fordonstransport\" class=\"vcex-toggle__trigger wpex-flex wpex-items-center wpex-transition-colors wpex-flex-row-reverse\" aria-expanded=\"false\" aria-controls=\"mellan-vilka-punkter-kan-jag-utfra-en-fordonstransport\"><div class=\"vcex-toggle__icon wpex-ml-10\" aria-hidden=\"true\"><div class=\"vcex-toggle__icon-open wpex-flex wpex-flex-col wpex-items-center\"><svg xmlns=\"http:\/\/www.w3.org\/2000\/svg\" height=\"1.5em\" viewBox=\"0 0 24 24\" width=\"1.5em\" fill=\"currentColor\"><path d=\"M0 0h24v24H0V0z\" fill=\"none\"\/><path d=\"M24 24H0V0h24v24z\" fill=\"none\" opacity=\".87\"\/><path d=\"M16.59 8.59L12 13.17 7.41 8.59 6 10l6 6 6-6-1.41-1.41z\"\/><\/svg><\/div><div class=\"vcex-toggle__icon-close wpex-flex wpex-flex-col wpex-items-center\"><svg xmlns=\"http:\/\/www.w3.org\/2000\/svg\" height=\"1.5em\" viewBox=\"0 0 24 24\" width=\"1.5em\" fill=\"currentColor\" class=\"vcex-toggle__icon-close\"><path d=\"M0 0h24v24H0V0z\" fill=\"none\"\/><path d=\"M12 8l-6 6 1.41 1.41L12 10.83l4.59 4.58L18 14l-6-6z\"\/><\/svg><\/div><\/div><h4 class=\"vcex-toggle__title wpex-mr-auto\">Mellan vilka punkter kan jag utf\u00f6ra en fordonstransport?<\/h4><\/a><\/div><div id=\"mellan-vilka-punkter-kan-jag-utfra-en-fordonstransport\" class=\"vcex-toggle__content wpex-last-mb-0 wpex-my-10 wpex-clr\">Med v\u00e5rt transportf\u00f6retag flyttar vi bilar inom alla delar av det spanska territoriet. Vi erbjuder \u00e4ven internationella biltransporter fr\u00e5n n\u00e4stan var som helst i Europeiska unionen till Spanien och vice versa.<\/div><\/div><\/div>[\/vc_column][\/vc_row]\n<\/section>","protected":false},"excerpt":{"rendered":"<p>[vc_row remove_bottom_col_margin=&#8221;true&#8221; css=&#8221;.vc_custom_1678695725688{padding-top: 60px !important;padding-bottom: 70px !important;}&#8221; local_scroll_id=&#8221;faq&#8221;][vc_column][vc_column_text font_weight=&#8221;300&#8243; width=&#8221;900&#8243; font_size=&#8221;16px&#8221;]Har du n\u00e5gra tvivel? Se v\u00e5r FAQ-sektion eller kontakta oss. Vi ger dig g\u00e4rna r\u00e5d och erbjuder alltid den b\u00e4sta l\u00f6sningen f\u00f6r dig. P\u00e5 cartransporteurope garanterar vi dig den b\u00e4sta transporttj\u00e4nsten f\u00f6r bilar, motorcyklar och andra fordon i Spanien. Full last av bilar[\/vc_column_text][\/vc_column][\/vc_row]<\/p>\n","protected":false},"author":7,"featured_media":0,"parent":0,"menu_order":0,"comment_status":"closed","ping_status":"closed","template":"","meta":{"content-type":"","_monsterinsights_skip_tracking":false,"_monsterinsights_sitenote_active":false,"_monsterinsights_sitenote_note":"","_monsterinsights_sitenote_category":0,"footnotes":""},"class_list":["post-5349","page","type-page","status-publish","hentry","entry","no-media"],"yoast_head":"<!-- This site is optimized with the Yoast SEO plugin v27.3 - https:\/\/yoast.com\/product\/yoast-seo-wordpress\/ -->\n<title>Faq - Car Transport Europe<\/title>\n<meta name=\"robots\" content=\"index, follow, max-snippet:-1, max-image-preview:large, max-video-preview:-1\" \/>\n<link rel=\"canonical\" href=\"https:\/\/www.cartransporteurope.com\/sv\/faqsv\/\" \/>\n<meta property=\"og:locale\" content=\"sv_SE\" \/>\n<meta property=\"og:type\" content=\"article\" \/>\n<meta property=\"og:title\" content=\"Faq - Car Transport Europe\" \/>\n<meta property=\"og:description\" content=\"[vc_row remove_bottom_col_margin=&#8221;true&#8221; css=&#8221;.vc_custom_1678695725688{padding-top: 60px !important;padding-bottom: 70px !important;}&#8221; local_scroll_id=&#8221;faq&#8221;][vc_column][vc_column_text font_weight=&#8221;300&#8243; width=&#8221;900&#8243; font_size=&#8221;16px&#8221;]Har du n\u00e5gra tvivel? Se v\u00e5r FAQ-sektion eller kontakta oss. Vi ger dig g\u00e4rna r\u00e5d och erbjuder alltid den b\u00e4sta l\u00f6sningen f\u00f6r dig. P\u00e5 cartransporteurope garanterar vi dig den b\u00e4sta transporttj\u00e4nsten f\u00f6r bilar, motorcyklar och andra fordon i Spanien. Full last av bilar[\/vc_column_text][\/vc_column][\/vc_row]\" \/>\n<meta property=\"og:url\" content=\"https:\/\/www.cartransporteurope.com\/sv\/faqsv\/\" \/>\n<meta property=\"og:site_name\" content=\"Car Transport Europe\" \/>\n<meta property=\"article:modified_time\" content=\"2023-04-12T09:26:44+00:00\" \/>\n<meta name=\"twitter:card\" content=\"summary_large_image\" \/>\n<meta name=\"twitter:label1\" content=\"Ber\u00e4knad l\u00e4stid\" \/>\n\t<meta name=\"twitter:data1\" content=\"1 minut\" \/>\n<script type=\"application\/ld+json\" class=\"yoast-schema-graph\">{\"@context\":\"https:\\\/\\\/schema.org\",\"@graph\":[{\"@type\":\"WebPage\",\"@id\":\"https:\\\/\\\/www.cartransporteurope.com\\\/sv\\\/faqsv\\\/\",\"url\":\"https:\\\/\\\/www.cartransporteurope.com\\\/sv\\\/faqsv\\\/\",\"name\":\"Faq - Car Transport Europe\",\"isPartOf\":{\"@id\":\"https:\\\/\\\/www.cartransporteurope.com\\\/sv\\\/#website\"},\"datePublished\":\"2023-03-30T08:36:25+00:00\",\"dateModified\":\"2023-04-12T09:26:44+00:00\",\"breadcrumb\":{\"@id\":\"https:\\\/\\\/www.cartransporteurope.com\\\/sv\\\/faqsv\\\/#breadcrumb\"},\"inLanguage\":\"sv-SE\",\"potentialAction\":[{\"@type\":\"ReadAction\",\"target\":[\"https:\\\/\\\/www.cartransporteurope.com\\\/sv\\\/faqsv\\\/\"]}]},{\"@type\":\"BreadcrumbList\",\"@id\":\"https:\\\/\\\/www.cartransporteurope.com\\\/sv\\\/faqsv\\\/#breadcrumb\",\"itemListElement\":[{\"@type\":\"ListItem\",\"position\":1,\"name\":\"Portada\",\"item\":\"https:\\\/\\\/www.cartransporteurope.com\\\/sv\\\/\"},{\"@type\":\"ListItem\",\"position\":2,\"name\":\"Faq\"}]},{\"@type\":\"WebSite\",\"@id\":\"https:\\\/\\\/www.cartransporteurope.com\\\/sv\\\/#website\",\"url\":\"https:\\\/\\\/www.cartransporteurope.com\\\/sv\\\/\",\"name\":\"Car Transport Europe\",\"description\":\"\",\"publisher\":{\"@id\":\"https:\\\/\\\/www.cartransporteurope.com\\\/sv\\\/#organization\"},\"potentialAction\":[{\"@type\":\"SearchAction\",\"target\":{\"@type\":\"EntryPoint\",\"urlTemplate\":\"https:\\\/\\\/www.cartransporteurope.com\\\/sv\\\/?s={search_term_string}\"},\"query-input\":{\"@type\":\"PropertyValueSpecification\",\"valueRequired\":true,\"valueName\":\"search_term_string\"}}],\"inLanguage\":\"sv-SE\"},{\"@type\":\"Organization\",\"@id\":\"https:\\\/\\\/www.cartransporteurope.com\\\/sv\\\/#organization\",\"name\":\"Car Transport Europe\",\"url\":\"https:\\\/\\\/www.cartransporteurope.com\\\/sv\\\/\",\"logo\":{\"@type\":\"ImageObject\",\"inLanguage\":\"sv-SE\",\"@id\":\"https:\\\/\\\/www.cartransporteurope.com\\\/sv\\\/#\\\/schema\\\/logo\\\/image\\\/\",\"url\":\"https:\\\/\\\/www.cartransporteurope.com\\\/wp-content\\\/uploads\\\/2023\\\/03\\\/Logo-Car-Transport-Europe.png\",\"contentUrl\":\"https:\\\/\\\/www.cartransporteurope.com\\\/wp-content\\\/uploads\\\/2023\\\/03\\\/Logo-Car-Transport-Europe.png\",\"width\":764,\"height\":252,\"caption\":\"Car Transport Europe\"},\"image\":{\"@id\":\"https:\\\/\\\/www.cartransporteurope.com\\\/sv\\\/#\\\/schema\\\/logo\\\/image\\\/\"}}]}<\/script>\n<!-- \/ Yoast SEO plugin. -->","yoast_head_json":{"title":"Faq - Car Transport Europe","robots":{"index":"index","follow":"follow","max-snippet":"max-snippet:-1","max-image-preview":"max-image-preview:large","max-video-preview":"max-video-preview:-1"},"canonical":"https:\/\/www.cartransporteurope.com\/sv\/faqsv\/","og_locale":"sv_SE","og_type":"article","og_title":"Faq - Car Transport Europe","og_description":"[vc_row remove_bottom_col_margin=&#8221;true&#8221; css=&#8221;.vc_custom_1678695725688{padding-top: 60px !important;padding-bottom: 70px !important;}&#8221; local_scroll_id=&#8221;faq&#8221;][vc_column][vc_column_text font_weight=&#8221;300&#8243; width=&#8221;900&#8243; font_size=&#8221;16px&#8221;]Har du n\u00e5gra tvivel? Se v\u00e5r FAQ-sektion eller kontakta oss. Vi ger dig g\u00e4rna r\u00e5d och erbjuder alltid den b\u00e4sta l\u00f6sningen f\u00f6r dig. P\u00e5 cartransporteurope garanterar vi dig den b\u00e4sta transporttj\u00e4nsten f\u00f6r bilar, motorcyklar och andra fordon i Spanien. Full last av bilar[\/vc_column_text][\/vc_column][\/vc_row]","og_url":"https:\/\/www.cartransporteurope.com\/sv\/faqsv\/","og_site_name":"Car Transport Europe","article_modified_time":"2023-04-12T09:26:44+00:00","twitter_card":"summary_large_image","twitter_misc":{"Ber\u00e4knad l\u00e4stid":"1 minut"},"schema":{"@context":"https:\/\/schema.org","@graph":[{"@type":"WebPage","@id":"https:\/\/www.cartransporteurope.com\/sv\/faqsv\/","url":"https:\/\/www.cartransporteurope.com\/sv\/faqsv\/","name":"Faq - Car Transport Europe","isPartOf":{"@id":"https:\/\/www.cartransporteurope.com\/sv\/#website"},"datePublished":"2023-03-30T08:36:25+00:00","dateModified":"2023-04-12T09:26:44+00:00","breadcrumb":{"@id":"https:\/\/www.cartransporteurope.com\/sv\/faqsv\/#breadcrumb"},"inLanguage":"sv-SE","potentialAction":[{"@type":"ReadAction","target":["https:\/\/www.cartransporteurope.com\/sv\/faqsv\/"]}]},{"@type":"BreadcrumbList","@id":"https:\/\/www.cartransporteurope.com\/sv\/faqsv\/#breadcrumb","itemListElement":[{"@type":"ListItem","position":1,"name":"Portada","item":"https:\/\/www.cartransporteurope.com\/sv\/"},{"@type":"ListItem","position":2,"name":"Faq"}]},{"@type":"WebSite","@id":"https:\/\/www.cartransporteurope.com\/sv\/#website","url":"https:\/\/www.cartransporteurope.com\/sv\/","name":"Car Transport Europe","description":"","publisher":{"@id":"https:\/\/www.cartransporteurope.com\/sv\/#organization"},"potentialAction":[{"@type":"SearchAction","target":{"@type":"EntryPoint","urlTemplate":"https:\/\/www.cartransporteurope.com\/sv\/?s={search_term_string}"},"query-input":{"@type":"PropertyValueSpecification","valueRequired":true,"valueName":"search_term_string"}}],"inLanguage":"sv-SE"},{"@type":"Organization","@id":"https:\/\/www.cartransporteurope.com\/sv\/#organization","name":"Car Transport Europe","url":"https:\/\/www.cartransporteurope.com\/sv\/","logo":{"@type":"ImageObject","inLanguage":"sv-SE","@id":"https:\/\/www.cartransporteurope.com\/sv\/#\/schema\/logo\/image\/","url":"https:\/\/www.cartransporteurope.com\/wp-content\/uploads\/2023\/03\/Logo-Car-Transport-Europe.png","contentUrl":"https:\/\/www.cartransporteurope.com\/wp-content\/uploads\/2023\/03\/Logo-Car-Transport-Europe.png","width":764,"height":252,"caption":"Car Transport Europe"},"image":{"@id":"https:\/\/www.cartransporteurope.com\/sv\/#\/schema\/logo\/image\/"}}]}},"_links":{"self":[{"href":"https:\/\/www.cartransporteurope.com\/sv\/wp-json\/wp\/v2\/pages\/5349","targetHints":{"allow":["GET"]}}],"collection":[{"href":"https:\/\/www.cartransporteurope.com\/sv\/wp-json\/wp\/v2\/pages"}],"about":[{"href":"https:\/\/www.cartransporteurope.com\/sv\/wp-json\/wp\/v2\/types\/page"}],"author":[{"embeddable":true,"href":"https:\/\/www.cartransporteurope.com\/sv\/wp-json\/wp\/v2\/users\/7"}],"replies":[{"embeddable":true,"href":"https:\/\/www.cartransporteurope.com\/sv\/wp-json\/wp\/v2\/comments?post=5349"}],"version-history":[{"count":2,"href":"https:\/\/www.cartransporteurope.com\/sv\/wp-json\/wp\/v2\/pages\/5349\/revisions"}],"predecessor-version":[{"id":5351,"href":"https:\/\/www.cartransporteurope.com\/sv\/wp-json\/wp\/v2\/pages\/5349\/revisions\/5351"}],"wp:attachment":[{"href":"https:\/\/www.cartransporteurope.com\/sv\/wp-json\/wp\/v2\/media?parent=5349"}],"curies":[{"name":"wp","href":"https:\/\/api.w.org\/{rel}","templated":true}]}}